{"id":70468,"date":"2026-03-16T09:59:36","date_gmt":"2026-03-16T08:59:36","guid":{"rendered":"https:\/\/antart.com.pl\/?post_type=product&#038;p=70468"},"modified":"2026-03-16T09:59:37","modified_gmt":"2026-03-16T08:59:37","slug":"mobile-bar-with-tray-mid-century-vintage-60s-70s","status":"publish","type":"product","link":"https:\/\/antart.com.pl\/en\/produkt\/mobilny-barek-z-taca-mid-century-vintage-z-lat-60-70-tych\/","title":{"rendered":"Mobile bar with tray Mid century vintage 1960s\/70s"},"content":{"rendered":"<h4 style=\"text-align: center;\"><em><strong>Mobile bar with tray Mid century vintage 1960s\/70s<\/strong><\/em><\/h4>\n<h4 style=\"text-align: center;\"><em><strong>Mobilny barowy w\u00f3zek z tac\u0105, w stylu vintage z lat 60.\/70. Wykonany z drewna i chromu, idealny do przechowywania i serwowania napoj\u00f3w. Posiada dwie p\u00f3\u0142ki na rzeczy, co czyni go praktycznym i funkcjonalnym meblem. W\u00f3zek jest u\u017cywany, ale w dobrym stanie.<\/strong><\/em><\/h4>\n<h4 style=\"text-align: center;\"><em><strong>Barek z mo\u017cliwo\u015bci\u0105 z\u0142o\u017cenia.<\/strong><\/em><\/h4>\n<h4><em><strong>Dimensions:<\/strong><\/em><\/h4>\n<ul>\n<li>\n<h4><em><strong>height: 75cm<\/strong><\/em><\/h4>\n<\/li>\n<li>\n<h4><em><strong>length: 66cm<\/strong><\/em><\/h4>\n<\/li>\n<li>\n<h4><em><strong>szeroko\u015b\u0107:44cm<\/strong><\/em><\/h4>\n<\/li>\n<li>\n<h4><em><strong>szeroko\u015b\u0107 tacy: 40cm<\/strong><\/em><\/h4>\n<\/li>\n<li>\n<h4><em><strong>d\u0142ugo\u015b\u0107 tacy: 65cm<\/strong><\/em><\/h4>\n<\/li>\n<\/ul>\n<h4><em><strong>********************************************************************<\/strong><\/em><\/h4>\n<h4 style=\"text-align: center;\"><em><strong>The photos show the actual condition of the item.<\/strong><\/em><\/h4>\n<h4><em><strong>NR. ART 10879<\/strong><\/em><\/h4>","protected":false},"excerpt":{"rendered":"<p>Mobilny barek z taca Mid century vintage z lat 60\/70-tych Mobilny barowy w\u00f3zek z tac\u0105, w stylu vintage z lat 60.\/70. Wykonany z drewna i chromu, idealny do przechowywania i serwowania napoj\u00f3w. Posiada dwie p\u00f3\u0142ki na rzeczy, co czyni go praktycznym i funkcjonalnym meblem. W\u00f3zek jest u\u017cywany, ale w dobrym stanie. Barek z mo\u017cliwo\u015bci\u0105 z\u0142o\u017cenia. [&hellip;]<\/p>\n","protected":false},"featured_media":70478,"template":"","meta":{"_seopress_robots_primary_cat":"","_seopress_titles_title":"","_seopress_titles_desc":"","_seopress_robots_index":"","site-sidebar-layout":"default","site-content-layout":"","ast-site-content-layout":"default","site-content-style":"default","site-sidebar-style":"default","ast-global-header-display":"","ast-banner-title-visibility":"","ast-main-header-display":"","ast-hfb-above-header-display":"","ast-hfb-below-header-display":"","ast-hfb-mobile-header-display":"","site-post-title":"","ast-breadcrumbs-content":"","ast-featured-img":"","footer-sml-layout":"","ast-disable-related-posts":"","theme-transparent-header-meta":"default","adv-header-id-meta":"","stick-header-meta":"default","header-above-stick-meta":"","header-main-stick-meta":"","header-below-stick-meta":"","astra-migrate-meta-layouts":"set","ast-page-background-enabled":"default","ast-page-background-meta":{"desktop":{"background-color":"var(--ast-global-color-4)","background-image":"","background-repeat":"repeat","background-position":"center center","background-size":"auto","background-attachment":"scroll","background-type":"","background-media":"","overlay-type":"","overlay-color":"","overlay-opacity":"","overlay-gradient":""},"tablet":{"background-color":"","background-image":"","background-repeat":"repeat","background-position":"center center","background-size":"auto","background-attachment":"scroll","background-type":"","background-media":"","overlay-type":"","overlay-color":"","overlay-opacity":"","overlay-gradient":""},"mobile":{"background-color":"","background-image":"","background-repeat":"repeat","background-position":"center center","background-size":"auto","background-attachment":"scroll","background-type":"","background-media":"","overlay-type":"","overlay-color":"","overlay-opacity":"","overlay-gradient":""}},"ast-content-background-meta":{"desktop":{"background-color":"var(--ast-global-color-5)","background-image":"","background-repeat":"repeat","background-position":"center center","background-size":"auto","background-attachment":"scroll","background-type":"","background-media":"","overlay-type":"","overlay-color":"","overlay-opacity":"","overlay-gradient":""},"tablet":{"background-color":"var(--ast-global-color-5)","background-image":"","background-repeat":"repeat","background-position":"center center","background-size":"auto","background-attachment":"scroll","background-type":"","background-media":"","overlay-type":"","overlay-color":"","overlay-opacity":"","overlay-gradient":""},"mobile":{"background-color":"var(--ast-global-color-5)","background-image":"","background-repeat":"repeat","background-position":"center center","background-size":"auto","background-attachment":"scroll","background-type":"","background-media":"","overlay-type":"","overlay-color":"","overlay-opacity":"","overlay-gradient":""}}},"product_brand":[],"product_cat":[41],"product_tag":[],"class_list":{"0":"post-70468","1":"product","2":"type-product","3":"status-publish","4":"has-post-thumbnail","6":"product_cat-skrzynie-barki","7":"product_shipping_class-wysylka-50zl","8":"desktop-align-left","9":"tablet-align-left","10":"mobile-align-left","11":"ast-product-gallery-layout-vertical-slider","12":"ast-product-tabs-layout-horizontal","13":"ast-qv-on-image","15":"first","16":"instock","17":"sold-individually","18":"shipping-taxable","19":"purchasable","20":"product-type-simple"},"_links":{"self":[{"href":"https:\/\/antart.com.pl\/en\/wp-json\/wp\/v2\/product\/70468","targetHints":{"allow":["GET"]}}],"collection":[{"href":"https:\/\/antart.com.pl\/en\/wp-json\/wp\/v2\/product"}],"about":[{"href":"https:\/\/antart.com.pl\/en\/wp-json\/wp\/v2\/types\/product"}],"wp:featuredmedia":[{"embeddable":true,"href":"https:\/\/antart.com.pl\/en\/wp-json\/wp\/v2\/media\/70478"}],"wp:attachment":[{"href":"https:\/\/antart.com.pl\/en\/wp-json\/wp\/v2\/media?parent=70468"}],"wp:term":[{"taxonomy":"product_brand","embeddable":true,"href":"https:\/\/antart.com.pl\/en\/wp-json\/wp\/v2\/product_brand?post=70468"},{"taxonomy":"product_cat","embeddable":true,"href":"https:\/\/antart.com.pl\/en\/wp-json\/wp\/v2\/product_cat?post=70468"},{"taxonomy":"product_tag","embeddable":true,"href":"https:\/\/antart.com.pl\/en\/wp-json\/wp\/v2\/product_tag?post=70468"}],"curies":[{"name":"wp","href":"https:\/\/api.w.org\/{rel}","templated":true}]}}