{"id":70601,"date":"2026-03-16T11:11:19","date_gmt":"2026-03-16T10:11:19","guid":{"rendered":"https:\/\/antart.com.pl\/?post_type=product&#038;p=70601"},"modified":"2026-03-16T11:11:21","modified_gmt":"2026-03-16T10:11:21","slug":"francuski-stojak-na-czasopisma-maison-jansen-z-lat-40-50-tych","status":"publish","type":"product","link":"https:\/\/antart.com.pl\/en\/produkt\/francuski-stojak-na-czasopisma-maison-jansen-z-lat-40-50-tych\/","title":{"rendered":"1940s\/50s French Maison Jansen magazine rack"},"content":{"rendered":"<h4 style=\"text-align: center;\"><em><strong>1940s\/50s French Maison Jansen magazine rack<\/strong><\/em><\/h4>\n<h4 style=\"text-align: center;\"><em><strong>Stylowy, francuski mosi\u0119\u017cny stojak na czasopisma z szyb\u0105 dymion\u0105, pochodz\u0105cy z lat 40. lub 50. XX wieku. Wykonany w charakterystycznym dla marki Maison Jansen stylu, z eleganck\u0105, a\u017curow\u0105 konstrukcj\u0105. Idealny dodatek do wn\u0119trza w stylu retro lub vintage.<\/strong><\/em><\/h4>\n<h4 style=\"text-align: center;\"><em><strong>Stojak posiada \u015blady utleniania w \u015brodkowej cz\u0119\u015bci gazetnika.<\/strong><\/em><\/h4>\n<h4><em><strong>Dimensions:<\/strong><\/em><\/h4>\n<ul>\n<li>\n<h4><em><strong>length: 46cm<\/strong><\/em><\/h4>\n<\/li>\n<li>\n<h4><em><strong>width: 21cm<\/strong><\/em><\/h4>\n<\/li>\n<li>\n<h4><em><strong>height: 50 cm<\/strong><\/em><\/h4>\n<\/li>\n<\/ul>\n<h4 style=\"text-align: center;\"><em><strong>*********************************************************<\/strong><\/em><\/h4>\n<h4 style=\"text-align: center;\"><em><strong>The photos show the actual condition of the item.<\/strong><\/em><\/h4>\n<h4><em><strong>NR. ART 10876<\/strong><\/em><\/h4>","protected":false},"excerpt":{"rendered":"<p>Francuski stojak na czasopisma Maison Jansen z lat 40\/50-tych Stylowy, francuski mosi\u0119\u017cny stojak na czasopisma z szyb\u0105 dymion\u0105, pochodz\u0105cy z lat 40. lub 50. XX wieku. Wykonany w charakterystycznym dla marki Maison Jansen stylu, z eleganck\u0105, a\u017curow\u0105 konstrukcj\u0105. Idealny dodatek do wn\u0119trza w stylu retro lub vintage. Stojak posiada \u015blady utleniania w \u015brodkowej cz\u0119\u015bci gazetnika. [&hellip;]<\/p>\n","protected":false},"featured_media":70605,"template":"","meta":{"_seopress_robots_primary_cat":"","_seopress_titles_title":"","_seopress_titles_desc":"","_seopress_robots_index":"","site-sidebar-layout":"default","site-content-layout":"","ast-site-content-layout":"default","site-content-style":"default","site-sidebar-style":"default","ast-global-header-display":"","ast-banner-title-visibility":"","ast-main-header-display":"","ast-hfb-above-header-display":"","ast-hfb-below-header-display":"","ast-hfb-mobile-header-display":"","site-post-title":"","ast-breadcrumbs-content":"","ast-featured-img":"","footer-sml-layout":"","ast-disable-related-posts":"","theme-transparent-header-meta":"default","adv-header-id-meta":"","stick-header-meta":"default","header-above-stick-meta":"","header-main-stick-meta":"","header-below-stick-meta":"","astra-migrate-meta-layouts":"set","ast-page-background-enabled":"default","ast-page-background-meta":{"desktop":{"background-color":"var(--ast-global-color-4)","background-image":"","background-repeat":"repeat","background-position":"center center","background-size":"auto","background-attachment":"scroll","background-type":"","background-media":"","overlay-type":"","overlay-color":"","overlay-opacity":"","overlay-gradient":""},"tablet":{"background-color":"","background-image":"","background-repeat":"repeat","background-position":"center center","background-size":"auto","background-attachment":"scroll","background-type":"","background-media":"","overlay-type":"","overlay-color":"","overlay-opacity":"","overlay-gradient":""},"mobile":{"background-color":"","background-image":"","background-repeat":"repeat","background-position":"center center","background-size":"auto","background-attachment":"scroll","background-type":"","background-media":"","overlay-type":"","overlay-color":"","overlay-opacity":"","overlay-gradient":""}},"ast-content-background-meta":{"desktop":{"background-color":"var(--ast-global-color-5)","background-image":"","background-repeat":"repeat","background-position":"center center","background-size":"auto","background-attachment":"scroll","background-type":"","background-media":"","overlay-type":"","overlay-color":"","overlay-opacity":"","overlay-gradient":""},"tablet":{"background-color":"var(--ast-global-color-5)","background-image":"","background-repeat":"repeat","background-position":"center center","background-size":"auto","background-attachment":"scroll","background-type":"","background-media":"","overlay-type":"","overlay-color":"","overlay-opacity":"","overlay-gradient":""},"mobile":{"background-color":"var(--ast-global-color-5)","background-image":"","background-repeat":"repeat","background-position":"center center","background-size":"auto","background-attachment":"scroll","background-type":"","background-media":"","overlay-type":"","overlay-color":"","overlay-opacity":"","overlay-gradient":""}}},"product_brand":[],"product_cat":[93,32],"product_tag":[],"class_list":{"0":"post-70601","1":"product","2":"type-product","3":"status-publish","4":"has-post-thumbnail","6":"product_cat-gazetnik","7":"product_cat-meble","8":"product_shipping_class-wysylka-40zl","9":"desktop-align-left","10":"tablet-align-left","11":"mobile-align-left","12":"ast-product-gallery-layout-vertical-slider","13":"ast-product-tabs-layout-horizontal","14":"ast-qv-on-image","16":"first","17":"instock","18":"sold-individually","19":"shipping-taxable","20":"purchasable","21":"product-type-simple"},"_links":{"self":[{"href":"https:\/\/antart.com.pl\/en\/wp-json\/wp\/v2\/product\/70601","targetHints":{"allow":["GET"]}}],"collection":[{"href":"https:\/\/antart.com.pl\/en\/wp-json\/wp\/v2\/product"}],"about":[{"href":"https:\/\/antart.com.pl\/en\/wp-json\/wp\/v2\/types\/product"}],"wp:featuredmedia":[{"embeddable":true,"href":"https:\/\/antart.com.pl\/en\/wp-json\/wp\/v2\/media\/70605"}],"wp:attachment":[{"href":"https:\/\/antart.com.pl\/en\/wp-json\/wp\/v2\/media?parent=70601"}],"wp:term":[{"taxonomy":"product_brand","embeddable":true,"href":"https:\/\/antart.com.pl\/en\/wp-json\/wp\/v2\/product_brand?post=70601"},{"taxonomy":"product_cat","embeddable":true,"href":"https:\/\/antart.com.pl\/en\/wp-json\/wp\/v2\/product_cat?post=70601"},{"taxonomy":"product_tag","embeddable":true,"href":"https:\/\/antart.com.pl\/en\/wp-json\/wp\/v2\/product_tag?post=70601"}],"curies":[{"name":"wp","href":"https:\/\/api.w.org\/{rel}","templated":true}]}}