{"id":71020,"date":"2026-03-16T13:01:03","date_gmt":"2026-03-16T12:01:03","guid":{"rendered":"https:\/\/antart.com.pl\/?post_type=product&#038;p=71020"},"modified":"2026-03-16T13:01:05","modified_gmt":"2026-03-16T12:01:05","slug":"porcelain-bowl-czech-j-zco-2","status":"publish","type":"product","link":"https:\/\/antart.com.pl\/en\/produkt\/polmisek-porcelanowy-czeski-j-zco-2\/","title":{"rendered":"Czech porcelain platter J.Z&amp;Co"},"content":{"rendered":"<h4 style=\"text-align: center;\"><em><b>Bohemian platter by J.Z&amp;Co, made from high quality white porcelain. A classic, elegant platter, decorated with purple flowers, finished with gold accents and green leaves at the slightly wavy rim.  It features rubbing.<\/b><\/em><\/h4>\n<h4><\/h4>\n<h4><em><b>Dimensions<\/b><\/em><\/h4>\n<ul>\n<li>\n<h4><em><b>Height: 4cm.<\/b><\/em><\/h4>\n<\/li>\n<li>\n<h4><em><b>Length: 32.5cm.<\/b><\/em><\/h4>\n<\/li>\n<li>\n<h4><em><b>Width: 21.5cm.<\/b><\/em><\/h4>\n<\/li>\n<\/ul>\n<h4 style=\"text-align: center;\"><em><b>The photos show the actual state of the object<\/b><\/em><\/h4>\n<h4 style=\"text-align: center;\"><em><b>Additional photos upon request<\/b><\/em><\/h4>\n<h4 style=\"text-align: center;\"><em><b>All our items on display are available in our warehouse.<\/b><\/em><\/h4>\n<h4 style=\"text-align: center;\"><em><b>Can be viewed by appointment.<\/b><\/em><\/h4>\n<h4><\/h4>\n<h4><em><b>No. 7171<\/b><\/em><\/h4>","protected":false},"excerpt":{"rendered":"<p>P\u00f3\u0142misek Czeskiej wytw\u00f3rni J.Z&amp;Co, wykonany z wysokiej jako\u015bci bia\u0142ej porcelany. P\u00f3\u0142misek klasyczny, elegancki, ozdobiony fioletowymi kwiatuszkami, wyko\u0144czony z\u0142otymi akcentami oraz zielonymi listkami przy lekko falistym rancie. \u00a0Posiada przetarcie. Wymiary Wysoko\u015b\u0107: 4cm. D\u0142ugo\u015b\u0107: 32,5cm. Szeroko\u015b\u0107: 21,5cm. Zdj\u0119cia przedstawiaj\u0105 stan faktyczny przedmiotu Dodatkowe zdj\u0119cia na pro\u015bb\u0119 zainteresowanych Wszystkie nasze przedmioty wystawione s\u0105 dost\u0119pne w naszym magazynie. Mo\u017cna [&hellip;]<\/p>\n","protected":false},"featured_media":71027,"template":"","meta":{"_seopress_robots_primary_cat":"","_seopress_titles_title":"","_seopress_titles_desc":"","_seopress_robots_index":"","site-sidebar-layout":"default","site-content-layout":"","ast-site-content-layout":"default","site-content-style":"default","site-sidebar-style":"default","ast-global-header-display":"","ast-banner-title-visibility":"","ast-main-header-display":"","ast-hfb-above-header-display":"","ast-hfb-below-header-display":"","ast-hfb-mobile-header-display":"","site-post-title":"","ast-breadcrumbs-content":"","ast-featured-img":"","footer-sml-layout":"","ast-disable-related-posts":"","theme-transparent-header-meta":"default","adv-header-id-meta":"","stick-header-meta":"default","header-above-stick-meta":"","header-main-stick-meta":"","header-below-stick-meta":"","astra-migrate-meta-layouts":"set","ast-page-background-enabled":"default","ast-page-background-meta":{"desktop":{"background-color":"var(--ast-global-color-4)","background-image":"","background-repeat":"repeat","background-position":"center center","background-size":"auto","background-attachment":"scroll","background-type":"","background-media":"","overlay-type":"","overlay-color":"","overlay-opacity":"","overlay-gradient":""},"tablet":{"background-color":"","background-image":"","background-repeat":"repeat","background-position":"center center","background-size":"auto","background-attachment":"scroll","background-type":"","background-media":"","overlay-type":"","overlay-color":"","overlay-opacity":"","overlay-gradient":""},"mobile":{"background-color":"","background-image":"","background-repeat":"repeat","background-position":"center center","background-size":"auto","background-attachment":"scroll","background-type":"","background-media":"","overlay-type":"","overlay-color":"","overlay-opacity":"","overlay-gradient":""}},"ast-content-background-meta":{"desktop":{"background-color":"var(--ast-global-color-5)","background-image":"","background-repeat":"repeat","background-position":"center center","background-size":"auto","background-attachment":"scroll","background-type":"","background-media":"","overlay-type":"","overlay-color":"","overlay-opacity":"","overlay-gradient":""},"tablet":{"background-color":"var(--ast-global-color-5)","background-image":"","background-repeat":"repeat","background-position":"center center","background-size":"auto","background-attachment":"scroll","background-type":"","background-media":"","overlay-type":"","overlay-color":"","overlay-opacity":"","overlay-gradient":""},"mobile":{"background-color":"var(--ast-global-color-5)","background-image":"","background-repeat":"repeat","background-position":"center center","background-size":"auto","background-attachment":"scroll","background-type":"","background-media":"","overlay-type":"","overlay-color":"","overlay-opacity":"","overlay-gradient":""}}},"product_brand":[],"product_cat":[24,26],"product_tag":[],"class_list":{"0":"post-71020","1":"product","2":"type-product","3":"status-publish","4":"has-post-thumbnail","6":"product_cat-kuchnia","7":"product_cat-polmisek","8":"product_shipping_class-wysylka-19zl","9":"desktop-align-left","10":"tablet-align-left","11":"mobile-align-left","12":"ast-product-gallery-layout-vertical-slider","13":"ast-product-tabs-layout-horizontal","14":"ast-qv-on-image","16":"first","17":"instock","18":"sold-individually","19":"shipping-taxable","20":"purchasable","21":"product-type-simple"},"_links":{"self":[{"href":"https:\/\/antart.com.pl\/en\/wp-json\/wp\/v2\/product\/71020","targetHints":{"allow":["GET"]}}],"collection":[{"href":"https:\/\/antart.com.pl\/en\/wp-json\/wp\/v2\/product"}],"about":[{"href":"https:\/\/antart.com.pl\/en\/wp-json\/wp\/v2\/types\/product"}],"wp:featuredmedia":[{"embeddable":true,"href":"https:\/\/antart.com.pl\/en\/wp-json\/wp\/v2\/media\/71027"}],"wp:attachment":[{"href":"https:\/\/antart.com.pl\/en\/wp-json\/wp\/v2\/media?parent=71020"}],"wp:term":[{"taxonomy":"product_brand","embeddable":true,"href":"https:\/\/antart.com.pl\/en\/wp-json\/wp\/v2\/product_brand?post=71020"},{"taxonomy":"product_cat","embeddable":true,"href":"https:\/\/antart.com.pl\/en\/wp-json\/wp\/v2\/product_cat?post=71020"},{"taxonomy":"product_tag","embeddable":true,"href":"https:\/\/antart.com.pl\/en\/wp-json\/wp\/v2\/product_tag?post=71020"}],"curies":[{"name":"wp","href":"https:\/\/api.w.org\/{rel}","templated":true}]}}