{"id":73634,"date":"2026-04-01T13:48:37","date_gmt":"2026-04-01T11:48:37","guid":{"rendered":"https:\/\/antart.com.pl\/?post_type=product&#038;p=73634"},"modified":"2026-04-01T13:48:39","modified_gmt":"2026-04-01T11:48:39","slug":"saucepan-with-saucer-wedgwood-of-etreland-barlaston-lugano","status":"publish","type":"product","link":"https:\/\/antart.com.pl\/en\/produkt\/sosjerka-z-podstawka-wedgwood-of-etruria-barlaston-lugano\/","title":{"rendered":"Wedgwood of Etruria &amp; Barlaston Lugano saucepan with saucer"},"content":{"rendered":"<h4 style=\"text-align: center;\"><em><b>A saucepan with saucer by British label Wedgwood of Etriuria &amp; Barlaston from the 1960s Lugano series, made from high quality porcelain in ecru. The saucer features green decoration depicting idyllic landscapes and architecture, finished with a green garland on the rim. It has a crack in the glaze.<\/b><\/em><\/h4>\n<h4><\/h4>\n<h4><em><b>Dimensions<\/b><\/em><\/h4>\n<ul>\n<li>\n<h4><em><b>Overall height: 13cm.<\/b><\/em><\/h4>\n<\/li>\n<li>\n<h4><em><b>Height of base: 3cm.<\/b><\/em><\/h4>\n<\/li>\n<li>\n<h4><em><b>Length: 21cm.<\/b><\/em><\/h4>\n<\/li>\n<li>\n<h4><em><b>Width: 15cm.<\/b><\/em><\/h4>\n<\/li>\n<li>\n<h4><em><b>Top diameter: 15.5cm.<\/b><\/em><\/h4>\n<\/li>\n<li>\n<h4><em><b>Base diameter: 13cm.<\/b><\/em><\/h4>\n<\/li>\n<li>\n<h4><em><b>Volume: 300ml.<\/b><\/em><\/h4>\n<\/li>\n<\/ul>\n<h4 style=\"text-align: center;\"><em><b>The photos show the actual state of the object<\/b><\/em><\/h4>\n<h4 style=\"text-align: center;\"><em><b>Additional photos upon request<\/b><\/em><\/h4>\n<h4 style=\"text-align: center;\"><em><b>All our items on display are available in our warehouse.<\/b><\/em><\/h4>\n<h4 style=\"text-align: center;\"><em><b>Can be viewed by appointment.<\/b><\/em><\/h4>\n<h4><\/h4>\n<h4><em><b>No.7373<\/b><\/em><\/h4>","protected":false},"excerpt":{"rendered":"<p>Sosjerka z podstawk\u0105 Brytyjskiej wytw\u00f3rni Wedgwood of Etriuria &amp; Barlaston z serii Lugano z lat 60tych, wykonana z wysokiej jako\u015bci porcelany w kolorze ecru. Sosjerka charakteryzuje si\u0119 zielonymi zdobieniami przedstawiaj\u0105cymi sielskie pejza\u017ce i architektur\u0119, wyko\u0144czona zielona girlanda na brzegu. Posiada p\u0119kni\u0119cie szkliwa. Wymiary Wysoko\u015b\u0107 ca\u0142kowita: 13cm. Wysokosc podstawki: 3cm. D\u0142ugo\u015b\u0107: 21cm. Szeroko\u015b\u0107: 15cm. \u015arednica g\u00f3rna: [&hellip;]<\/p>\n","protected":false},"featured_media":73638,"template":"","meta":{"_seopress_robots_primary_cat":"","_seopress_titles_title":"","_seopress_titles_desc":"","_seopress_robots_index":"","site-sidebar-layout":"default","site-content-layout":"","ast-site-content-layout":"default","site-content-style":"default","site-sidebar-style":"default","ast-global-header-display":"","ast-banner-title-visibility":"","ast-main-header-display":"","ast-hfb-above-header-display":"","ast-hfb-below-header-display":"","ast-hfb-mobile-header-display":"","site-post-title":"","ast-breadcrumbs-content":"","ast-featured-img":"","footer-sml-layout":"","ast-disable-related-posts":"","theme-transparent-header-meta":"default","adv-header-id-meta":"","stick-header-meta":"default","header-above-stick-meta":"","header-main-stick-meta":"","header-below-stick-meta":"","astra-migrate-meta-layouts":"set","ast-page-background-enabled":"default","ast-page-background-meta":{"desktop":{"background-color":"var(--ast-global-color-4)","background-image":"","background-repeat":"repeat","background-position":"center center","background-size":"auto","background-attachment":"scroll","background-type":"","background-media":"","overlay-type":"","overlay-color":"","overlay-opacity":"","overlay-gradient":""},"tablet":{"background-color":"","background-image":"","background-repeat":"repeat","background-position":"center center","background-size":"auto","background-attachment":"scroll","background-type":"","background-media":"","overlay-type":"","overlay-color":"","overlay-opacity":"","overlay-gradient":""},"mobile":{"background-color":"","background-image":"","background-repeat":"repeat","background-position":"center center","background-size":"auto","background-attachment":"scroll","background-type":"","background-media":"","overlay-type":"","overlay-color":"","overlay-opacity":"","overlay-gradient":""}},"ast-content-background-meta":{"desktop":{"background-color":"var(--ast-global-color-5)","background-image":"","background-repeat":"repeat","background-position":"center center","background-size":"auto","background-attachment":"scroll","background-type":"","background-media":"","overlay-type":"","overlay-color":"","overlay-opacity":"","overlay-gradient":""},"tablet":{"background-color":"var(--ast-global-color-5)","background-image":"","background-repeat":"repeat","background-position":"center center","background-size":"auto","background-attachment":"scroll","background-type":"","background-media":"","overlay-type":"","overlay-color":"","overlay-opacity":"","overlay-gradient":""},"mobile":{"background-color":"var(--ast-global-color-5)","background-image":"","background-repeat":"repeat","background-position":"center center","background-size":"auto","background-attachment":"scroll","background-type":"","background-media":"","overlay-type":"","overlay-color":"","overlay-opacity":"","overlay-gradient":""}}},"product_brand":[],"product_cat":[24,65],"product_tag":[],"class_list":{"0":"post-73634","1":"product","2":"type-product","3":"status-publish","4":"has-post-thumbnail","6":"product_cat-kuchnia","7":"product_cat-sosjerki","8":"product_shipping_class-wysylka-19zl","9":"desktop-align-left","10":"tablet-align-left","11":"mobile-align-left","12":"ast-product-gallery-layout-vertical-slider","13":"ast-product-tabs-layout-horizontal","14":"ast-qv-on-image","16":"first","17":"instock","18":"sold-individually","19":"shipping-taxable","20":"purchasable","21":"product-type-simple"},"_links":{"self":[{"href":"https:\/\/antart.com.pl\/en\/wp-json\/wp\/v2\/product\/73634","targetHints":{"allow":["GET"]}}],"collection":[{"href":"https:\/\/antart.com.pl\/en\/wp-json\/wp\/v2\/product"}],"about":[{"href":"https:\/\/antart.com.pl\/en\/wp-json\/wp\/v2\/types\/product"}],"wp:featuredmedia":[{"embeddable":true,"href":"https:\/\/antart.com.pl\/en\/wp-json\/wp\/v2\/media\/73638"}],"wp:attachment":[{"href":"https:\/\/antart.com.pl\/en\/wp-json\/wp\/v2\/media?parent=73634"}],"wp:term":[{"taxonomy":"product_brand","embeddable":true,"href":"https:\/\/antart.com.pl\/en\/wp-json\/wp\/v2\/product_brand?post=73634"},{"taxonomy":"product_cat","embeddable":true,"href":"https:\/\/antart.com.pl\/en\/wp-json\/wp\/v2\/product_cat?post=73634"},{"taxonomy":"product_tag","embeddable":true,"href":"https:\/\/antart.com.pl\/en\/wp-json\/wp\/v2\/product_tag?post=73634"}],"curies":[{"name":"wp","href":"https:\/\/api.w.org\/{rel}","templated":true}]}}