{"id":73784,"date":"2026-04-01T15:27:00","date_gmt":"2026-04-01T13:27:00","guid":{"rendered":"https:\/\/antart.com.pl\/?post_type=product&#038;p=73784"},"modified":"2026-04-01T15:27:02","modified_gmt":"2026-04-01T13:27:02","slug":"zabytkowa-foremka-the-franklin-mint-le-cordon-bleu","status":"publish","type":"product","link":"https:\/\/antart.com.pl\/en\/produkt\/zabytkowa-foremka-the-franklin-mint-le-cordon-bleu\/","title":{"rendered":"Zabytkowa foremka The Franklin Mint Le Cordon Bleu"},"content":{"rendered":"<h4 style=\"text-align: center;\"><em><b>Zabytkowa foremka wytw\u00f3rni The Franklin Mint z 1986r, z serii Le Cordon Bleu, wykonana z wysokiej jako\u015bci bia\u0142ej porcelany. <\/b><\/em><em><b>Foremka posiada r\u0119cznie malowany, wyt\u0142oczony wz\u00f3r kr\u00f3liczk\u00f3w w ogrodzie, z kwiatkami i motylkami, wykonczona kolorem r\u00f3\u017cowym na rancie. Produkt ma podw\u00f3jn\u0105 funkcj\u0119 \u2013 mo\u017ce s\u0142u\u017cy\u0107 jako u\u017cytkowa forma kuchenna (do galaretek, mus\u00f3w) lub jako ozdoba \u015bcienna (posiada fabryczny otw\u00f3r do zawieszenia). <\/b><\/em><em><b>Posiada ma\u0142y uszczerbek.<\/b><\/em><\/h4>\n<h4><\/h4>\n<h4><em><b>Dimensions<\/b><\/em><\/h4>\n<ul>\n<li>\n<h4><em><b>Height: 9.5cm.<\/b><\/em><\/h4>\n<\/li>\n<li>\n<h4><em><b>Diameter: 20.5cm.<\/b><\/em><\/h4>\n<\/li>\n<\/ul>\n<h4 style=\"text-align: center;\"><em><b>The photos show the actual state of the object<\/b><\/em><\/h4>\n<h4 style=\"text-align: center;\"><em><b>Additional photos upon request<\/b><\/em><\/h4>\n<h4 style=\"text-align: center;\"><em><b>All our items on display are available in our warehouse.<\/b><\/em><\/h4>\n<h4 style=\"text-align: center;\"><em><b>Can be viewed by appointment.<\/b><\/em><\/h4>\n<h4><\/h4>\n<h4><em><b>Nr.7385<\/b><\/em><\/h4>","protected":false},"excerpt":{"rendered":"<p>Zabytkowa foremka wytw\u00f3rni The Franklin Mint z 1986r, z serii Le Cordon Bleu, wykonana z wysokiej jako\u015bci bia\u0142ej porcelany. Foremka posiada r\u0119cznie malowany, wyt\u0142oczony wz\u00f3r kr\u00f3liczk\u00f3w w ogrodzie, z kwiatkami i motylkami, wykonczona kolorem r\u00f3\u017cowym na rancie. Produkt ma podw\u00f3jn\u0105 funkcj\u0119 \u2013 mo\u017ce s\u0142u\u017cy\u0107 jako u\u017cytkowa forma kuchenna (do galaretek, mus\u00f3w) lub jako ozdoba \u015bcienna [&hellip;]<\/p>\n","protected":false},"featured_media":73792,"template":"","meta":{"_seopress_robots_primary_cat":"","_seopress_titles_title":"","_seopress_titles_desc":"","_seopress_robots_index":"","site-sidebar-layout":"default","site-content-layout":"","ast-site-content-layout":"default","site-content-style":"default","site-sidebar-style":"default","ast-global-header-display":"","ast-banner-title-visibility":"","ast-main-header-display":"","ast-hfb-above-header-display":"","ast-hfb-below-header-display":"","ast-hfb-mobile-header-display":"","site-post-title":"","ast-breadcrumbs-content":"","ast-featured-img":"","footer-sml-layout":"","ast-disable-related-posts":"","theme-transparent-header-meta":"default","adv-header-id-meta":"","stick-header-meta":"default","header-above-stick-meta":"","header-main-stick-meta":"","header-below-stick-meta":"","astra-migrate-meta-layouts":"set","ast-page-background-enabled":"default","ast-page-background-meta":{"desktop":{"background-color":"var(--ast-global-color-4)","background-image":"","background-repeat":"repeat","background-position":"center center","background-size":"auto","background-attachment":"scroll","background-type":"","background-media":"","overlay-type":"","overlay-color":"","overlay-opacity":"","overlay-gradient":""},"tablet":{"background-color":"","background-image":"","background-repeat":"repeat","background-position":"center center","background-size":"auto","background-attachment":"scroll","background-type":"","background-media":"","overlay-type":"","overlay-color":"","overlay-opacity":"","overlay-gradient":""},"mobile":{"background-color":"","background-image":"","background-repeat":"repeat","background-position":"center center","background-size":"auto","background-attachment":"scroll","background-type":"","background-media":"","overlay-type":"","overlay-color":"","overlay-opacity":"","overlay-gradient":""}},"ast-content-background-meta":{"desktop":{"background-color":"var(--ast-global-color-5)","background-image":"","background-repeat":"repeat","background-position":"center center","background-size":"auto","background-attachment":"scroll","background-type":"","background-media":"","overlay-type":"","overlay-color":"","overlay-opacity":"","overlay-gradient":""},"tablet":{"background-color":"var(--ast-global-color-5)","background-image":"","background-repeat":"repeat","background-position":"center center","background-size":"auto","background-attachment":"scroll","background-type":"","background-media":"","overlay-type":"","overlay-color":"","overlay-opacity":"","overlay-gradient":""},"mobile":{"background-color":"var(--ast-global-color-5)","background-image":"","background-repeat":"repeat","background-position":"center center","background-size":"auto","background-attachment":"scroll","background-type":"","background-media":"","overlay-type":"","overlay-color":"","overlay-opacity":"","overlay-gradient":""}}},"product_brand":[],"product_cat":[24,62],"product_tag":[],"class_list":{"0":"post-73784","1":"product","2":"type-product","3":"status-publish","4":"has-post-thumbnail","6":"product_cat-kuchnia","7":"product_cat-misy-miseczki","8":"product_shipping_class-wysylka-19zl","9":"desktop-align-left","10":"tablet-align-left","11":"mobile-align-left","12":"ast-product-gallery-layout-vertical-slider","13":"ast-product-tabs-layout-horizontal","14":"ast-qv-on-image","16":"first","17":"instock","18":"sold-individually","19":"shipping-taxable","20":"purchasable","21":"product-type-simple"},"_links":{"self":[{"href":"https:\/\/antart.com.pl\/en\/wp-json\/wp\/v2\/product\/73784","targetHints":{"allow":["GET"]}}],"collection":[{"href":"https:\/\/antart.com.pl\/en\/wp-json\/wp\/v2\/product"}],"about":[{"href":"https:\/\/antart.com.pl\/en\/wp-json\/wp\/v2\/types\/product"}],"wp:featuredmedia":[{"embeddable":true,"href":"https:\/\/antart.com.pl\/en\/wp-json\/wp\/v2\/media\/73792"}],"wp:attachment":[{"href":"https:\/\/antart.com.pl\/en\/wp-json\/wp\/v2\/media?parent=73784"}],"wp:term":[{"taxonomy":"product_brand","embeddable":true,"href":"https:\/\/antart.com.pl\/en\/wp-json\/wp\/v2\/product_brand?post=73784"},{"taxonomy":"product_cat","embeddable":true,"href":"https:\/\/antart.com.pl\/en\/wp-json\/wp\/v2\/product_cat?post=73784"},{"taxonomy":"product_tag","embeddable":true,"href":"https:\/\/antart.com.pl\/en\/wp-json\/wp\/v2\/product_tag?post=73784"}],"curies":[{"name":"wp","href":"https:\/\/api.w.org\/{rel}","templated":true}]}}