{"id":73923,"date":"2026-04-07T09:54:44","date_gmt":"2026-04-07T07:54:44","guid":{"rendered":"https:\/\/antart.com.pl\/?post_type=product&#038;p=73923"},"modified":"2026-04-07T09:54:45","modified_gmt":"2026-04-07T07:54:45","slug":"mid-20th-century-oval-wall-mirror-with-black-plastic-frame","status":"publish","type":"product","link":"https:\/\/antart.com.pl\/en\/produkt\/lustro-scienne-z-polowy-xx-wieku-owalne-z-czarna-plastikowa-rama\/","title":{"rendered":"Mid 20th century wall mirror, oval with black plastic frame"},"content":{"rendered":"<h4 style=\"text-align: center;\"><strong><em>Mid 20th century wall mirror, oval with black plastic frame<\/em><\/strong><\/h4>\n<h4 style=\"text-align: center;\"><strong><em>A stylish oval wall mirror from Lange Gpiegel with a mid-20th century black plastic frame. The mirror is the perfect addition to any interior to enhance its character.<\/em><\/strong><\/h4>\n<h4><strong><em>Dimensions<\/em><\/strong><\/h4>\n<ul>\n<li>\n<h4><strong><em>width: 54cm<\/em><\/strong><\/h4>\n<\/li>\n<li>\n<h4><strong><em>height: 387cm<\/em><\/strong><\/h4>\n<\/li>\n<\/ul>\n<h4><strong><em>Mirror panel<\/em><\/strong><\/h4>\n<ul>\n<li>\n<h4><strong><em>width: 45cm<\/em><\/strong><\/h4>\n<\/li>\n<li>\n<h4><strong><em>height: 30cm<\/em><\/strong><\/h4>\n<\/li>\n<\/ul>\n<h4 style=\"text-align: center;\"><strong><em>********************************************************************************<\/em><\/strong><\/h4>\n<h4 style=\"text-align: center;\"><strong><em>The photos show the actual condition of the item.<\/em><\/strong><\/h4>\n<h4><strong><em>NR. ART 10905<\/em><\/strong><\/h4>","protected":false},"excerpt":{"rendered":"<p>Lustro \u015bcienne z po\u0142owy XX wieku, owalne z czarn\u0105 plastikow\u0105 ram\u0105 Stylowy, owalny lustro \u015bcienny z firmy Lange Gpiegel z czarn\u0105 plastikow\u0105 ram\u0105 z po\u0142owy XX wieku. Lustro to doskona\u0142y dodatek do ka\u017cdego wn\u0119trza, kt\u00f3ry podkre\u015bli jego charakter. Wymiary szeroko\u015b\u0107: 54cm wysoko\u015b\u0107: 387cm Tafla lustra szeroko\u015b\u0107: 45cm wysoko\u015b\u0107: 30cm ******************************************************************************** Zdj\u0119cia przedstawiaj\u0105 stan faktyczny przedmiotu. [&hellip;]<\/p>\n","protected":false},"featured_media":73935,"template":"","meta":{"_seopress_robots_primary_cat":"","_seopress_titles_title":"","_seopress_titles_desc":"","_seopress_robots_index":"","site-sidebar-layout":"default","site-content-layout":"","ast-site-content-layout":"default","site-content-style":"default","site-sidebar-style":"default","ast-global-header-display":"","ast-banner-title-visibility":"","ast-main-header-display":"","ast-hfb-above-header-display":"","ast-hfb-below-header-display":"","ast-hfb-mobile-header-display":"","site-post-title":"","ast-breadcrumbs-content":"","ast-featured-img":"","footer-sml-layout":"","ast-disable-related-posts":"","theme-transparent-header-meta":"default","adv-header-id-meta":"","stick-header-meta":"default","header-above-stick-meta":"","header-main-stick-meta":"","header-below-stick-meta":"","astra-migrate-meta-layouts":"set","ast-page-background-enabled":"default","ast-page-background-meta":{"desktop":{"background-color":"var(--ast-global-color-4)","background-image":"","background-repeat":"repeat","background-position":"center center","background-size":"auto","background-attachment":"scroll","background-type":"","background-media":"","overlay-type":"","overlay-color":"","overlay-opacity":"","overlay-gradient":""},"tablet":{"background-color":"","background-image":"","background-repeat":"repeat","background-position":"center center","background-size":"auto","background-attachment":"scroll","background-type":"","background-media":"","overlay-type":"","overlay-color":"","overlay-opacity":"","overlay-gradient":""},"mobile":{"background-color":"","background-image":"","background-repeat":"repeat","background-position":"center center","background-size":"auto","background-attachment":"scroll","background-type":"","background-media":"","overlay-type":"","overlay-color":"","overlay-opacity":"","overlay-gradient":""}},"ast-content-background-meta":{"desktop":{"background-color":"var(--ast-global-color-5)","background-image":"","background-repeat":"repeat","background-position":"center center","background-size":"auto","background-attachment":"scroll","background-type":"","background-media":"","overlay-type":"","overlay-color":"","overlay-opacity":"","overlay-gradient":""},"tablet":{"background-color":"var(--ast-global-color-5)","background-image":"","background-repeat":"repeat","background-position":"center center","background-size":"auto","background-attachment":"scroll","background-type":"","background-media":"","overlay-type":"","overlay-color":"","overlay-opacity":"","overlay-gradient":""},"mobile":{"background-color":"var(--ast-global-color-5)","background-image":"","background-repeat":"repeat","background-position":"center center","background-size":"auto","background-attachment":"scroll","background-type":"","background-media":"","overlay-type":"","overlay-color":"","overlay-opacity":"","overlay-gradient":""}}},"product_brand":[],"product_cat":[27,84],"product_tag":[],"class_list":{"0":"post-73923","1":"product","2":"type-product","3":"status-publish","4":"has-post-thumbnail","6":"product_cat-dekoracyjne","7":"product_cat-lustra","8":"product_shipping_class-wysylka-70zl","9":"desktop-align-left","10":"tablet-align-left","11":"mobile-align-left","12":"ast-product-gallery-layout-vertical-slider","13":"ast-product-tabs-layout-horizontal","14":"ast-qv-on-image","16":"first","17":"instock","18":"sold-individually","19":"shipping-taxable","20":"purchasable","21":"product-type-simple"},"_links":{"self":[{"href":"https:\/\/antart.com.pl\/en\/wp-json\/wp\/v2\/product\/73923","targetHints":{"allow":["GET"]}}],"collection":[{"href":"https:\/\/antart.com.pl\/en\/wp-json\/wp\/v2\/product"}],"about":[{"href":"https:\/\/antart.com.pl\/en\/wp-json\/wp\/v2\/types\/product"}],"wp:featuredmedia":[{"embeddable":true,"href":"https:\/\/antart.com.pl\/en\/wp-json\/wp\/v2\/media\/73935"}],"wp:attachment":[{"href":"https:\/\/antart.com.pl\/en\/wp-json\/wp\/v2\/media?parent=73923"}],"wp:term":[{"taxonomy":"product_brand","embeddable":true,"href":"https:\/\/antart.com.pl\/en\/wp-json\/wp\/v2\/product_brand?post=73923"},{"taxonomy":"product_cat","embeddable":true,"href":"https:\/\/antart.com.pl\/en\/wp-json\/wp\/v2\/product_cat?post=73923"},{"taxonomy":"product_tag","embeddable":true,"href":"https:\/\/antart.com.pl\/en\/wp-json\/wp\/v2\/product_tag?post=73923"}],"curies":[{"name":"wp","href":"https:\/\/api.w.org\/{rel}","templated":true}]}}