{"id":74040,"date":"2026-04-07T10:38:17","date_gmt":"2026-04-07T08:38:17","guid":{"rendered":"https:\/\/antart.com.pl\/?post_type=product&#038;p=74040"},"modified":"2026-04-07T10:38:19","modified_gmt":"2026-04-07T08:38:19","slug":"bedside-table-whitewashed-folklore-style-on-curved-legs","status":"publish","type":"product","link":"https:\/\/antart.com.pl\/en\/produkt\/stolik-szafka-nocny-bielony-w-stylu-ludwikowskim-na-gietych-nogach\/","title":{"rendered":"Table, bedside table in whitewashed Folkish style on curved legs"},"content":{"rendered":"<h4 style=\"text-align: center;\"><em><strong>Table, bedside table in whitewashed Folkish style on curved legs<\/strong><\/em><\/h4>\n<h4 style=\"text-align: center;\"><em><strong>A stylish white piece of furniture is a bedside table or small chest of drawers in the Louisville style, characterised by elegant curved legs. This type of furniture is often combined with glamour or Proven\u00e7al aesthetics and is perfect for bedrooms or as decorative consoles in hallways.<\/strong><\/em><\/h4>\n<h4 style=\"text-align: center;\"><em><strong>The cabinet bears the marks of time.<\/strong><\/em><\/h4>\n<h4><em><strong>Dimensions:<\/strong><\/em><\/h4>\n<ul>\n<li>\n<h4><em><strong>length: 53.5cm<\/strong><\/em><\/h4>\n<\/li>\n<li>\n<h4><em><strong>depth: 38.5cm<\/strong><\/em><\/h4>\n<\/li>\n<li>\n<h4><em><strong>height: 75 cm<\/strong><\/em><\/h4>\n<\/li>\n<\/ul>\n<h4 style=\"text-align: center;\"><em><strong>********************************************************<\/strong><\/em><\/h4>\n<h4 style=\"text-align: center;\"><em><strong>The photos show the actual condition of the item.<\/strong><\/em><\/h4>\n<h4><em><strong>NR. ART 10902<\/strong><\/em><\/h4>","protected":false},"excerpt":{"rendered":"<p>Stolik, szafka nocny bielony w stylu ludwikowskim na gi\u0119tych nogach Stylowy bia\u0142y mebel to szafka nocna lub ma\u0142a komoda w stylu ludwikowskim, charakteryzuj\u0105ca si\u0119 eleganckimi, gi\u0119tymi nogami. Tego typu meble cz\u0119sto \u0142\u0105czone s\u0105 z estetyk\u0105 glamour lub prowansalsk\u0105 i doskonale sprawdzaj\u0105 si\u0119 w sypialniach lub jako ozdobne konsole w przedpokojach. Szafka posiada \u015blady czasu. Wymiary: [&hellip;]<\/p>\n","protected":false},"featured_media":74058,"template":"","meta":{"_seopress_robots_primary_cat":"","_seopress_titles_title":"","_seopress_titles_desc":"","_seopress_robots_index":"","site-sidebar-layout":"default","site-content-layout":"","ast-site-content-layout":"default","site-content-style":"default","site-sidebar-style":"default","ast-global-header-display":"","ast-banner-title-visibility":"","ast-main-header-display":"","ast-hfb-above-header-display":"","ast-hfb-below-header-display":"","ast-hfb-mobile-header-display":"","site-post-title":"","ast-breadcrumbs-content":"","ast-featured-img":"","footer-sml-layout":"","ast-disable-related-posts":"","theme-transparent-header-meta":"default","adv-header-id-meta":"","stick-header-meta":"default","header-above-stick-meta":"","header-main-stick-meta":"","header-below-stick-meta":"","astra-migrate-meta-layouts":"set","ast-page-background-enabled":"default","ast-page-background-meta":{"desktop":{"background-color":"var(--ast-global-color-4)","background-image":"","background-repeat":"repeat","background-position":"center center","background-size":"auto","background-attachment":"scroll","background-type":"","background-media":"","overlay-type":"","overlay-color":"","overlay-opacity":"","overlay-gradient":""},"tablet":{"background-color":"","background-image":"","background-repeat":"repeat","background-position":"center center","background-size":"auto","background-attachment":"scroll","background-type":"","background-media":"","overlay-type":"","overlay-color":"","overlay-opacity":"","overlay-gradient":""},"mobile":{"background-color":"","background-image":"","background-repeat":"repeat","background-position":"center center","background-size":"auto","background-attachment":"scroll","background-type":"","background-media":"","overlay-type":"","overlay-color":"","overlay-opacity":"","overlay-gradient":""}},"ast-content-background-meta":{"desktop":{"background-color":"var(--ast-global-color-5)","background-image":"","background-repeat":"repeat","background-position":"center center","background-size":"auto","background-attachment":"scroll","background-type":"","background-media":"","overlay-type":"","overlay-color":"","overlay-opacity":"","overlay-gradient":""},"tablet":{"background-color":"var(--ast-global-color-5)","background-image":"","background-repeat":"repeat","background-position":"center center","background-size":"auto","background-attachment":"scroll","background-type":"","background-media":"","overlay-type":"","overlay-color":"","overlay-opacity":"","overlay-gradient":""},"mobile":{"background-color":"var(--ast-global-color-5)","background-image":"","background-repeat":"repeat","background-position":"center center","background-size":"auto","background-attachment":"scroll","background-type":"","background-media":"","overlay-type":"","overlay-color":"","overlay-opacity":"","overlay-gradient":""}}},"product_brand":[],"product_cat":[32,38],"product_tag":[],"class_list":{"0":"post-74040","1":"product","2":"type-product","3":"status-publish","4":"has-post-thumbnail","6":"product_cat-meble","7":"product_cat-szafy-szafki","8":"product_shipping_class-wysylka-70zl","9":"desktop-align-left","10":"tablet-align-left","11":"mobile-align-left","12":"ast-product-gallery-layout-vertical-slider","13":"ast-product-tabs-layout-horizontal","14":"ast-qv-on-image","16":"first","17":"instock","18":"sold-individually","19":"shipping-taxable","20":"purchasable","21":"product-type-simple"},"_links":{"self":[{"href":"https:\/\/antart.com.pl\/en\/wp-json\/wp\/v2\/product\/74040","targetHints":{"allow":["GET"]}}],"collection":[{"href":"https:\/\/antart.com.pl\/en\/wp-json\/wp\/v2\/product"}],"about":[{"href":"https:\/\/antart.com.pl\/en\/wp-json\/wp\/v2\/types\/product"}],"wp:featuredmedia":[{"embeddable":true,"href":"https:\/\/antart.com.pl\/en\/wp-json\/wp\/v2\/media\/74058"}],"wp:attachment":[{"href":"https:\/\/antart.com.pl\/en\/wp-json\/wp\/v2\/media?parent=74040"}],"wp:term":[{"taxonomy":"product_brand","embeddable":true,"href":"https:\/\/antart.com.pl\/en\/wp-json\/wp\/v2\/product_brand?post=74040"},{"taxonomy":"product_cat","embeddable":true,"href":"https:\/\/antart.com.pl\/en\/wp-json\/wp\/v2\/product_cat?post=74040"},{"taxonomy":"product_tag","embeddable":true,"href":"https:\/\/antart.com.pl\/en\/wp-json\/wp\/v2\/product_tag?post=74040"}],"curies":[{"name":"wp","href":"https:\/\/api.w.org\/{rel}","templated":true}]}}