{"id":74344,"date":"2026-04-07T12:21:20","date_gmt":"2026-04-07T10:21:20","guid":{"rendered":"https:\/\/antart.com.pl\/?post_type=product&#038;p=74344"},"modified":"2026-04-07T12:21:21","modified_gmt":"2026-04-07T10:21:21","slug":"antique-sugar-bowl-tirschenreuth-jam-container","status":"publish","type":"product","link":"https:\/\/antart.com.pl\/en\/produkt\/zabytkowa-cukiernica-pojemnik-na-dzem-tirschenreuth\/","title":{"rendered":"Antique Sugar Bowl, jam container Tirschenreuth"},"content":{"rendered":"<h4 style=\"text-align: center;\"><em><b>Antique Sugar Bowl, jam container, Tirschenreuth manufacture, made of high quality white porcelain. The sugar bowl with base and lid with decorative gold handle, decorated with a fruit motif, finished with gilding. It has an abrasion on the gilding and a crack with damage.<\/b><\/em><\/h4>\n<h4><\/h4>\n<h4><em><b>Dimensions<\/b><\/em><\/h4>\n<ul>\n<li>\n<h4><em><b>Overall height: 11cm.<\/b><\/em><\/h4>\n<\/li>\n<li>\n<h4><em><b>Height of base: 1.5cm.<\/b><\/em><\/h4>\n<\/li>\n<li>\n<h4><em><b>Top diameter: 9cm.<\/b><\/em><\/h4>\n<\/li>\n<li>\n<h4><em><b>Diameter of base: 12.5cm.<\/b><\/em><\/h4>\n<\/li>\n<li>\n<h4><em><b>Base diameter: 8.5cm.<\/b><\/em><\/h4>\n<\/li>\n<\/ul>\n<h4 style=\"text-align: center;\"><em><b>The photos show the actual state of the object<\/b><\/em><\/h4>\n<h4 style=\"text-align: center;\"><em><b>Additional photos upon request<\/b><\/em><\/h4>\n<h4 style=\"text-align: center;\"><em><b>All our items on display are available in our warehouse.<\/b><\/em><\/h4>\n<h4 style=\"text-align: center;\"><em><b>Can be viewed by appointment.<\/b><\/em><\/h4>\n<h4><\/h4>\n<h4><em><b>No.7418<\/b><\/em><\/h4>","protected":false},"excerpt":{"rendered":"<p>Zabytkowa Cukiernica, pojemnik na d\u017cem, wytw\u00f3rni Tirschenreuth, wykonany z wysokiej jako\u015bci bia\u0142ej porcelany. Cukiernica z podstawk\u0105 i pokryw\u0105 z dekoracyjnym z\u0142otym uchwytem, ozdobiona motywem owoc\u00f3w, wyko\u0144czona z\u0142oceniem. Posiada przetarcie na z\u0142oceniu oraz p\u0119kni\u0119cie z uszczerbkiem. Wymiary Wysoko\u015b\u0107 ca\u0142kowita: 11cm. Wysoko\u015b\u0107 podstawki: 1,5cm. \u015arednica g\u00f3rna: 9cm. \u015arednica podstawki: 12,5cm. \u015arednica podstawy: 8,5cm. Zdj\u0119cia przedstawiaj\u0105 stan faktyczny [&hellip;]<\/p>\n","protected":false},"featured_media":74384,"template":"","meta":{"_seopress_robots_primary_cat":"","_seopress_titles_title":"","_seopress_titles_desc":"","_seopress_robots_index":"","site-sidebar-layout":"default","site-content-layout":"","ast-site-content-layout":"default","site-content-style":"default","site-sidebar-style":"default","ast-global-header-display":"","ast-banner-title-visibility":"","ast-main-header-display":"","ast-hfb-above-header-display":"","ast-hfb-below-header-display":"","ast-hfb-mobile-header-display":"","site-post-title":"","ast-breadcrumbs-content":"","ast-featured-img":"","footer-sml-layout":"","ast-disable-related-posts":"","theme-transparent-header-meta":"default","adv-header-id-meta":"","stick-header-meta":"default","header-above-stick-meta":"","header-main-stick-meta":"","header-below-stick-meta":"","astra-migrate-meta-layouts":"set","ast-page-background-enabled":"default","ast-page-background-meta":{"desktop":{"background-color":"var(--ast-global-color-4)","background-image":"","background-repeat":"repeat","background-position":"center center","background-size":"auto","background-attachment":"scroll","background-type":"","background-media":"","overlay-type":"","overlay-color":"","overlay-opacity":"","overlay-gradient":""},"tablet":{"background-color":"","background-image":"","background-repeat":"repeat","background-position":"center center","background-size":"auto","background-attachment":"scroll","background-type":"","background-media":"","overlay-type":"","overlay-color":"","overlay-opacity":"","overlay-gradient":""},"mobile":{"background-color":"","background-image":"","background-repeat":"repeat","background-position":"center center","background-size":"auto","background-attachment":"scroll","background-type":"","background-media":"","overlay-type":"","overlay-color":"","overlay-opacity":"","overlay-gradient":""}},"ast-content-background-meta":{"desktop":{"background-color":"var(--ast-global-color-5)","background-image":"","background-repeat":"repeat","background-position":"center center","background-size":"auto","background-attachment":"scroll","background-type":"","background-media":"","overlay-type":"","overlay-color":"","overlay-opacity":"","overlay-gradient":""},"tablet":{"background-color":"var(--ast-global-color-5)","background-image":"","background-repeat":"repeat","background-position":"center center","background-size":"auto","background-attachment":"scroll","background-type":"","background-media":"","overlay-type":"","overlay-color":"","overlay-opacity":"","overlay-gradient":""},"mobile":{"background-color":"var(--ast-global-color-5)","background-image":"","background-repeat":"repeat","background-position":"center center","background-size":"auto","background-attachment":"scroll","background-type":"","background-media":"","overlay-type":"","overlay-color":"","overlay-opacity":"","overlay-gradient":""}}},"product_brand":[],"product_cat":[69,24,343],"product_tag":[],"class_list":{"0":"post-74344","1":"product","2":"type-product","3":"status-publish","4":"has-post-thumbnail","6":"product_cat-cukiernice","7":"product_cat-kuchnia","8":"product_cat-pojemnik","9":"product_shipping_class-wysylka-19zl","10":"desktop-align-left","11":"tablet-align-left","12":"mobile-align-left","13":"ast-product-gallery-layout-vertical-slider","14":"ast-product-tabs-layout-horizontal","15":"ast-qv-on-image","17":"first","18":"instock","19":"sold-individually","20":"shipping-taxable","21":"purchasable","22":"product-type-simple"},"_links":{"self":[{"href":"https:\/\/antart.com.pl\/en\/wp-json\/wp\/v2\/product\/74344","targetHints":{"allow":["GET"]}}],"collection":[{"href":"https:\/\/antart.com.pl\/en\/wp-json\/wp\/v2\/product"}],"about":[{"href":"https:\/\/antart.com.pl\/en\/wp-json\/wp\/v2\/types\/product"}],"wp:featuredmedia":[{"embeddable":true,"href":"https:\/\/antart.com.pl\/en\/wp-json\/wp\/v2\/media\/74384"}],"wp:attachment":[{"href":"https:\/\/antart.com.pl\/en\/wp-json\/wp\/v2\/media?parent=74344"}],"wp:term":[{"taxonomy":"product_brand","embeddable":true,"href":"https:\/\/antart.com.pl\/en\/wp-json\/wp\/v2\/product_brand?post=74344"},{"taxonomy":"product_cat","embeddable":true,"href":"https:\/\/antart.com.pl\/en\/wp-json\/wp\/v2\/product_cat?post=74344"},{"taxonomy":"product_tag","embeddable":true,"href":"https:\/\/antart.com.pl\/en\/wp-json\/wp\/v2\/product_tag?post=74344"}],"curies":[{"name":"wp","href":"https:\/\/api.w.org\/{rel}","templated":true}]}}