{"id":74430,"date":"2026-04-09T12:47:08","date_gmt":"2026-04-09T10:47:08","guid":{"rendered":"https:\/\/antart.com.pl\/?post_type=product&#038;p=74430"},"modified":"2026-04-07T12:57:04","modified_gmt":"2026-04-07T10:57:04","slug":"antique-wooden-chest-of-drawers-biedermeier","status":"publish","type":"product","link":"https:\/\/antart.com.pl\/en\/produkt\/komoda-drewniana-antyczna-biedermeier\/","title":{"rendered":"Wooden chest of drawers, antique Biedermeier"},"content":{"rendered":"<h4 style=\"text-align: center;\"><em><strong>Wooden chest of drawers, antique Biedermeier<\/strong><\/em><\/h4>\n<h4 style=\"text-align: center;\"><em><strong>A stylish antique sideboard from the Biedermeier era. Made of wood, it has characteristic decorations on the drawer fronts. A piece of furniture in good condition, bearing traces of use, adding charm to any interior.<\/strong><\/em><\/h4>\n<h4 style=\"text-align: center;\"><em><strong>The chest of drawers has 5 drawers of different depths.<\/strong><\/em><\/h4>\n<h4><em><strong>No key.<\/strong><\/em><\/h4>\n<h4><em><strong>Dimensions:<\/strong><\/em><\/h4>\n<ul>\n<li>\n<h4><em><strong>length: 125cm<\/strong><\/em><\/h4>\n<\/li>\n<li>\n<h4><em><strong>depth: 57cm<\/strong><\/em><\/h4>\n<\/li>\n<li>\n<h4><em><strong>height: 105.5cm<\/strong><\/em><\/h4>\n<\/li>\n<\/ul>\n<h4 style=\"text-align: center;\"><em><strong>*********************************<\/strong><\/em><\/h4>\n<h4 style=\"text-align: center;\"><em><strong>The photos show the actual condition of the item.<\/strong><\/em><\/h4>\n<h4><em><strong>NO. ART 10892<\/strong><\/em><\/h4>","protected":false},"excerpt":{"rendered":"<p>Komoda drewniana, antyczna Biedermeier Stylowy, zabytkowy kredens z epoki biedermeier. Wykonany z drewna, posiada charakterystyczne zdobienia na frontach szuflad. Mebel w dobrym stanie, nosz\u0105cy \u015blady u\u017cytkowania, dodaj\u0105cy uroku ka\u017cdemu wn\u0119trzu. Komoda posiada 5 szuflad o r\u00f3\u017cnych g\u0142\u0119boko\u015bciach. Brak kluczyka. Wymiary: d\u0142ugo\u015b\u0107: 125cm g\u0142\u0119boko\u015b\u0107: 57cm wysoko\u015b\u0107: 105,5cm ********************************* Zdj\u0119cia przedstawiaj\u0105 stan faktyczny przedmiotu. NR. ART 10892<\/p>","protected":false},"featured_media":74434,"template":"","meta":{"_seopress_robots_primary_cat":"","_seopress_titles_title":"","_seopress_titles_desc":"","_seopress_robots_index":"","site-sidebar-layout":"default","site-content-layout":"","ast-site-content-layout":"default","site-content-style":"default","site-sidebar-style":"default","ast-global-header-display":"","ast-banner-title-visibility":"","ast-main-header-display":"","ast-hfb-above-header-display":"","ast-hfb-below-header-display":"","ast-hfb-mobile-header-display":"","site-post-title":"","ast-breadcrumbs-content":"","ast-featured-img":"","footer-sml-layout":"","ast-disable-related-posts":"","theme-transparent-header-meta":"default","adv-header-id-meta":"","stick-header-meta":"default","header-above-stick-meta":"","header-main-stick-meta":"","header-below-stick-meta":"","astra-migrate-meta-layouts":"set","ast-page-background-enabled":"default","ast-page-background-meta":{"desktop":{"background-color":"var(--ast-global-color-4)","background-image":"","background-repeat":"repeat","background-position":"center center","background-size":"auto","background-attachment":"scroll","background-type":"","background-media":"","overlay-type":"","overlay-color":"","overlay-opacity":"","overlay-gradient":""},"tablet":{"background-color":"","background-image":"","background-repeat":"repeat","background-position":"center center","background-size":"auto","background-attachment":"scroll","background-type":"","background-media":"","overlay-type":"","overlay-color":"","overlay-opacity":"","overlay-gradient":""},"mobile":{"background-color":"","background-image":"","background-repeat":"repeat","background-position":"center center","background-size":"auto","background-attachment":"scroll","background-type":"","background-media":"","overlay-type":"","overlay-color":"","overlay-opacity":"","overlay-gradient":""}},"ast-content-background-meta":{"desktop":{"background-color":"var(--ast-global-color-5)","background-image":"","background-repeat":"repeat","background-position":"center center","background-size":"auto","background-attachment":"scroll","background-type":"","background-media":"","overlay-type":"","overlay-color":"","overlay-opacity":"","overlay-gradient":""},"tablet":{"background-color":"var(--ast-global-color-5)","background-image":"","background-repeat":"repeat","background-position":"center center","background-size":"auto","background-attachment":"scroll","background-type":"","background-media":"","overlay-type":"","overlay-color":"","overlay-opacity":"","overlay-gradient":""},"mobile":{"background-color":"var(--ast-global-color-5)","background-image":"","background-repeat":"repeat","background-position":"center center","background-size":"auto","background-attachment":"scroll","background-type":"","background-media":"","overlay-type":"","overlay-color":"","overlay-opacity":"","overlay-gradient":""}}},"product_brand":[],"product_cat":[37,32],"product_tag":[],"class_list":{"0":"post-74430","1":"product","2":"type-product","3":"status-publish","4":"has-post-thumbnail","6":"product_cat-komody","7":"product_cat-meble","8":"product_shipping_class-wysylka-po-uzgodnieniu","9":"desktop-align-left","10":"tablet-align-left","11":"mobile-align-left","12":"ast-product-gallery-layout-vertical-slider","13":"ast-product-tabs-layout-horizontal","14":"ast-qv-on-image","16":"first","17":"instock","18":"sold-individually","19":"shipping-taxable","20":"purchasable","21":"product-type-simple"},"_links":{"self":[{"href":"https:\/\/antart.com.pl\/en\/wp-json\/wp\/v2\/product\/74430","targetHints":{"allow":["GET"]}}],"collection":[{"href":"https:\/\/antart.com.pl\/en\/wp-json\/wp\/v2\/product"}],"about":[{"href":"https:\/\/antart.com.pl\/en\/wp-json\/wp\/v2\/types\/product"}],"wp:featuredmedia":[{"embeddable":true,"href":"https:\/\/antart.com.pl\/en\/wp-json\/wp\/v2\/media\/74434"}],"wp:attachment":[{"href":"https:\/\/antart.com.pl\/en\/wp-json\/wp\/v2\/media?parent=74430"}],"wp:term":[{"taxonomy":"product_brand","embeddable":true,"href":"https:\/\/antart.com.pl\/en\/wp-json\/wp\/v2\/product_brand?post=74430"},{"taxonomy":"product_cat","embeddable":true,"href":"https:\/\/antart.com.pl\/en\/wp-json\/wp\/v2\/product_cat?post=74430"},{"taxonomy":"product_tag","embeddable":true,"href":"https:\/\/antart.com.pl\/en\/wp-json\/wp\/v2\/product_tag?post=74430"}],"curies":[{"name":"wp","href":"https:\/\/api.w.org\/{rel}","templated":true}]}}