{"id":74483,"date":"2026-04-09T13:00:09","date_gmt":"2026-04-09T11:00:09","guid":{"rendered":"https:\/\/antart.com.pl\/?post_type=product&#038;p=74483"},"modified":"2026-04-07T13:06:43","modified_gmt":"2026-04-07T11:06:43","slug":"mid-century-modern-style-wooden-armchair-with-olive-green-upholstery","status":"publish","type":"product","link":"https:\/\/antart.com.pl\/en\/produkt\/fotel-drewniany-w-stylu-mid-century-modern-w-oliwkowym-obiciu\/","title":{"rendered":"Mid-century modern style wooden armchair in olive green upholstery"},"content":{"rendered":"<h4 style=\"text-align: center;\"><em><strong>Mid-century modern style wooden armchair in olive green upholstery<\/strong><\/em><\/h4>\n<h4 style=\"text-align: center;\"><em><strong>Comfortable armchair in mid-century modern style with wooden armrests and upholstery in olive colour. The furniture is in used condition, but still in good technical and aesthetic condition. It will fit perfectly into modern interiors.<\/strong><\/em><\/h4>\n<h4 style=\"text-align: center;\"><em><strong>I own 2 armchairs.<\/strong><\/em><\/h4>\n<h4 style=\"text-align: center;\"><em><strong>The price is for 1 piece.<\/strong><\/em><\/h4>\n<h4><em><strong>Dimensions:<\/strong><\/em><\/h4>\n<ul>\n<li>\n<h4><em><strong>height: 87 cm<\/strong><\/em><\/h4>\n<\/li>\n<li>\n<h4><em><strong>width: 70 cm<\/strong><\/em><\/h4>\n<\/li>\n<li>\n<h4><em><strong>depth: 70cm<\/strong><\/em><\/h4>\n<\/li>\n<li>\n<h4><em><strong>seat depth 52cm<\/strong><\/em><\/h4>\n<\/li>\n<li>\n<h4><em><strong>height to seat: 41 cm<\/strong><\/em><\/h4>\n<\/li>\n<\/ul>\n<h4 style=\"text-align: center;\"><em><strong>The photos show the actual condition of the item.<\/strong><\/em><\/h4>\n<h4><em><strong>Order no. 10891<\/strong><\/em><\/h4>","protected":false},"excerpt":{"rendered":"<p>Fotel drewniany w stylu mid- century modern w oliwkowym obiciu Wygodny fotel w stylu mid-century modern z drewnianymi pod\u0142okietnikami i tapicerk\u0105 w oliwkowym kolorze. Mebel jest w u\u017cywanym stanie, ale nadal w dobrym stanie technicznym i estetycznym. Doskonale wpisze si\u0119 w nowoczesne wn\u0119trza. Posiadam 2 fotele. Cena dotyczy 1 sztuki. Wymiary: wysoko\u015b\u0107: 87 cm szeroko\u015b\u0107:70 [&hellip;]<\/p>\n","protected":false},"featured_media":74486,"template":"","meta":{"_seopress_robots_primary_cat":"","_seopress_titles_title":"","_seopress_titles_desc":"","_seopress_robots_index":"","site-sidebar-layout":"default","site-content-layout":"","ast-site-content-layout":"default","site-content-style":"default","site-sidebar-style":"default","ast-global-header-display":"","ast-banner-title-visibility":"","ast-main-header-display":"","ast-hfb-above-header-display":"","ast-hfb-below-header-display":"","ast-hfb-mobile-header-display":"","site-post-title":"","ast-breadcrumbs-content":"","ast-featured-img":"","footer-sml-layout":"","ast-disable-related-posts":"","theme-transparent-header-meta":"default","adv-header-id-meta":"","stick-header-meta":"default","header-above-stick-meta":"","header-main-stick-meta":"","header-below-stick-meta":"","astra-migrate-meta-layouts":"set","ast-page-background-enabled":"default","ast-page-background-meta":{"desktop":{"background-color":"var(--ast-global-color-4)","background-image":"","background-repeat":"repeat","background-position":"center center","background-size":"auto","background-attachment":"scroll","background-type":"","background-media":"","overlay-type":"","overlay-color":"","overlay-opacity":"","overlay-gradient":""},"tablet":{"background-color":"","background-image":"","background-repeat":"repeat","background-position":"center center","background-size":"auto","background-attachment":"scroll","background-type":"","background-media":"","overlay-type":"","overlay-color":"","overlay-opacity":"","overlay-gradient":""},"mobile":{"background-color":"","background-image":"","background-repeat":"repeat","background-position":"center center","background-size":"auto","background-attachment":"scroll","background-type":"","background-media":"","overlay-type":"","overlay-color":"","overlay-opacity":"","overlay-gradient":""}},"ast-content-background-meta":{"desktop":{"background-color":"var(--ast-global-color-5)","background-image":"","background-repeat":"repeat","background-position":"center center","background-size":"auto","background-attachment":"scroll","background-type":"","background-media":"","overlay-type":"","overlay-color":"","overlay-opacity":"","overlay-gradient":""},"tablet":{"background-color":"var(--ast-global-color-5)","background-image":"","background-repeat":"repeat","background-position":"center center","background-size":"auto","background-attachment":"scroll","background-type":"","background-media":"","overlay-type":"","overlay-color":"","overlay-opacity":"","overlay-gradient":""},"mobile":{"background-color":"var(--ast-global-color-5)","background-image":"","background-repeat":"repeat","background-position":"center center","background-size":"auto","background-attachment":"scroll","background-type":"","background-media":"","overlay-type":"","overlay-color":"","overlay-opacity":"","overlay-gradient":""}}},"product_brand":[],"product_cat":[39,32],"product_tag":[],"class_list":{"0":"post-74483","1":"product","2":"type-product","3":"status-publish","4":"has-post-thumbnail","6":"product_cat-fotele-puf","7":"product_cat-meble","8":"product_shipping_class-wysylka-80zl","9":"desktop-align-left","10":"tablet-align-left","11":"mobile-align-left","12":"ast-product-gallery-layout-vertical-slider","13":"ast-product-gallery-with-no-image","14":"ast-product-tabs-layout-horizontal","15":"ast-qv-on-image","17":"first","18":"instock","19":"shipping-taxable","20":"purchasable","21":"product-type-simple"},"_links":{"self":[{"href":"https:\/\/antart.com.pl\/en\/wp-json\/wp\/v2\/product\/74483","targetHints":{"allow":["GET"]}}],"collection":[{"href":"https:\/\/antart.com.pl\/en\/wp-json\/wp\/v2\/product"}],"about":[{"href":"https:\/\/antart.com.pl\/en\/wp-json\/wp\/v2\/types\/product"}],"wp:featuredmedia":[{"embeddable":true,"href":"https:\/\/antart.com.pl\/en\/wp-json\/wp\/v2\/media\/74486"}],"wp:attachment":[{"href":"https:\/\/antart.com.pl\/en\/wp-json\/wp\/v2\/media?parent=74483"}],"wp:term":[{"taxonomy":"product_brand","embeddable":true,"href":"https:\/\/antart.com.pl\/en\/wp-json\/wp\/v2\/product_brand?post=74483"},{"taxonomy":"product_cat","embeddable":true,"href":"https:\/\/antart.com.pl\/en\/wp-json\/wp\/v2\/product_cat?post=74483"},{"taxonomy":"product_tag","embeddable":true,"href":"https:\/\/antart.com.pl\/en\/wp-json\/wp\/v2\/product_tag?post=74483"}],"curies":[{"name":"wp","href":"https:\/\/api.w.org\/{rel}","templated":true}]}}