{"id":74645,"date":"2026-04-10T13:44:04","date_gmt":"2026-04-10T11:44:04","guid":{"rendered":"https:\/\/antart.com.pl\/?post_type=product&#038;p=74645"},"modified":"2026-04-07T13:50:53","modified_gmt":"2026-04-07T11:50:53","slug":"coffee-table-by-lucian-ercolani-from-the-1950s-in-the-mid-century-style","status":"publish","type":"product","link":"https:\/\/antart.com.pl\/en\/produkt\/stolik-kawowy-proj-luciana-ercolaniego-z-lat-50-tych-w-stylu-mid-century\/","title":{"rendered":"Coffee table by Luciano Ercolani from the 1950s in mid-century style"},"content":{"rendered":"<h4 style=\"text-align: center;\"><strong><em>Coffee table by Luciano Ercolani from the 1950s in mid-century style<\/em><\/strong><\/h4>\n<h4 style=\"text-align: center;\"><strong><em>iconic coffee table by British brand Ercol, designed by its founder, Lucian Ercolani, in the 1950s or 1960s.<\/em><\/strong><\/h4>\n<h4 style=\"text-align: center;\"><strong><em>Oval top made of solid elm wood, set on beech wood legs.<\/em><\/strong><\/h4>\n<h4 style=\"text-align: center;\"><strong><em>A practical lower shelf made of wooden rungs, usually used as a place for newspapers or magazines.<\/em><\/strong><\/h4>\n<h4><strong><em>Dimensions<\/em><\/strong><\/h4>\n<ul>\n<li>\n<h4><strong><em>length: 100cm<\/em><\/strong><\/h4>\n<\/li>\n<li>\n<h4><strong><em>Width: 83cm<\/em><\/strong><\/h4>\n<\/li>\n<li>\n<h4><strong><em>height: 44cm<\/em><\/strong><\/h4>\n<\/li>\n<li>\n<h4><strong><em>height to shelf: 15cm<\/em><\/strong><\/h4>\n<\/li>\n<\/ul>\n<h4 style=\"text-align: center;\"><strong><em>*************************************<\/em><\/strong><\/h4>\n<h4 style=\"text-align: center;\"><strong><em>The photos show the actual condition of the item.<\/em><\/strong><\/h4>\n<h4><strong><em>NR. ART 10887<\/em><\/strong><\/h4>","protected":false},"excerpt":{"rendered":"<p>Stolik kawowy proj. Luciana Ercolaniego z lat 50-tych w stylu mid- century kultowy stolik kawowy brytyjskiej marki\u00a0Ercol, zaprojektowany przez jej za\u0142o\u017cyciela,\u00a0Luciana Ercolaniego, w latach 50. lub 60. XX wieku. Owalny blat wykonany z litego drewna wi\u0105zu, osadzony na nogach z drewna bukowego. Praktyczna dolna p\u00f3\u0142ka wykonana z drewnianych szczebli, s\u0142u\u017c\u0105ca zazwyczaj jako miejsce na gazety [&hellip;]<\/p>\n","protected":false},"featured_media":74654,"template":"","meta":{"_seopress_robots_primary_cat":"","_seopress_titles_title":"","_seopress_titles_desc":"","_seopress_robots_index":"","site-sidebar-layout":"default","site-content-layout":"","ast-site-content-layout":"default","site-content-style":"default","site-sidebar-style":"default","ast-global-header-display":"","ast-banner-title-visibility":"","ast-main-header-display":"","ast-hfb-above-header-display":"","ast-hfb-below-header-display":"","ast-hfb-mobile-header-display":"","site-post-title":"","ast-breadcrumbs-content":"","ast-featured-img":"","footer-sml-layout":"","ast-disable-related-posts":"","theme-transparent-header-meta":"default","adv-header-id-meta":"","stick-header-meta":"default","header-above-stick-meta":"","header-main-stick-meta":"","header-below-stick-meta":"","astra-migrate-meta-layouts":"set","ast-page-background-enabled":"default","ast-page-background-meta":{"desktop":{"background-color":"var(--ast-global-color-4)","background-image":"","background-repeat":"repeat","background-position":"center center","background-size":"auto","background-attachment":"scroll","background-type":"","background-media":"","overlay-type":"","overlay-color":"","overlay-opacity":"","overlay-gradient":""},"tablet":{"background-color":"","background-image":"","background-repeat":"repeat","background-position":"center center","background-size":"auto","background-attachment":"scroll","background-type":"","background-media":"","overlay-type":"","overlay-color":"","overlay-opacity":"","overlay-gradient":""},"mobile":{"background-color":"","background-image":"","background-repeat":"repeat","background-position":"center center","background-size":"auto","background-attachment":"scroll","background-type":"","background-media":"","overlay-type":"","overlay-color":"","overlay-opacity":"","overlay-gradient":""}},"ast-content-background-meta":{"desktop":{"background-color":"var(--ast-global-color-5)","background-image":"","background-repeat":"repeat","background-position":"center center","background-size":"auto","background-attachment":"scroll","background-type":"","background-media":"","overlay-type":"","overlay-color":"","overlay-opacity":"","overlay-gradient":""},"tablet":{"background-color":"var(--ast-global-color-5)","background-image":"","background-repeat":"repeat","background-position":"center center","background-size":"auto","background-attachment":"scroll","background-type":"","background-media":"","overlay-type":"","overlay-color":"","overlay-opacity":"","overlay-gradient":""},"mobile":{"background-color":"var(--ast-global-color-5)","background-image":"","background-repeat":"repeat","background-position":"center center","background-size":"auto","background-attachment":"scroll","background-type":"","background-media":"","overlay-type":"","overlay-color":"","overlay-opacity":"","overlay-gradient":""}}},"product_brand":[],"product_cat":[32,33],"product_tag":[],"class_list":{"0":"post-74645","1":"product","2":"type-product","3":"status-publish","4":"has-post-thumbnail","6":"product_cat-meble","7":"product_cat-stoly-stoliki","8":"product_shipping_class-wysylka-120zl","9":"desktop-align-left","10":"tablet-align-left","11":"mobile-align-left","12":"ast-product-gallery-layout-vertical-slider","13":"ast-product-tabs-layout-horizontal","14":"ast-qv-on-image","16":"first","17":"instock","18":"sold-individually","19":"shipping-taxable","20":"purchasable","21":"product-type-simple"},"_links":{"self":[{"href":"https:\/\/antart.com.pl\/en\/wp-json\/wp\/v2\/product\/74645","targetHints":{"allow":["GET"]}}],"collection":[{"href":"https:\/\/antart.com.pl\/en\/wp-json\/wp\/v2\/product"}],"about":[{"href":"https:\/\/antart.com.pl\/en\/wp-json\/wp\/v2\/types\/product"}],"wp:featuredmedia":[{"embeddable":true,"href":"https:\/\/antart.com.pl\/en\/wp-json\/wp\/v2\/media\/74654"}],"wp:attachment":[{"href":"https:\/\/antart.com.pl\/en\/wp-json\/wp\/v2\/media?parent=74645"}],"wp:term":[{"taxonomy":"product_brand","embeddable":true,"href":"https:\/\/antart.com.pl\/en\/wp-json\/wp\/v2\/product_brand?post=74645"},{"taxonomy":"product_cat","embeddable":true,"href":"https:\/\/antart.com.pl\/en\/wp-json\/wp\/v2\/product_cat?post=74645"},{"taxonomy":"product_tag","embeddable":true,"href":"https:\/\/antart.com.pl\/en\/wp-json\/wp\/v2\/product_tag?post=74645"}],"curies":[{"name":"wp","href":"https:\/\/api.w.org\/{rel}","templated":true}]}}