{"id":74962,"date":"2026-04-11T17:22:20","date_gmt":"2026-04-11T15:22:20","guid":{"rendered":"https:\/\/antart.com.pl\/?post_type=product&#038;p=74962"},"modified":"2026-04-07T17:23:00","modified_gmt":"2026-04-07T15:23:00","slug":"armchair-brown-thonet-fameg-vintage","status":"publish","type":"product","link":"https:\/\/antart.com.pl\/en\/produkt\/fotel-krzeslo-brazowy-thonet-fameg-vintage\/","title":{"rendered":"Armchair, chair brown Thonet Fameg Vintage"},"content":{"rendered":"<h4 style=\"text-align: center;\">Armchair, chair brown Thonet Fameg Vintage<\/h4>\n<h4 style=\"text-align: center;\">A stylish armchair in dark brown, modelled on classic Thonet chairs. Fameg furniture , comes from a vintage period. Its solid construction and elegant design will make it a great addition to your interior.<\/h4>\n<h4>Dimensions:<\/h4>\n<ul>\n<li>\n<h4>height: 77cm<\/h4>\n<\/li>\n<li>\n<h4>length: 51 cm<\/h4>\n<\/li>\n<li>\n<h4>width: 42 cm<\/h4>\n<\/li>\n<li>\n<h4>seat width: 40 cm<\/h4>\n<\/li>\n<li>\n<h4>seat depth 40 cm<\/h4>\n<\/li>\n<li>\n<h4>height to seat: 47 cm<\/h4>\n<\/li>\n<\/ul>\n<h4 style=\"text-align: center;\">************************************<\/h4>\n<h4 style=\"text-align: center;\"><b>The photos show the actual state of the object<\/b><\/h4>\n<h4><b>no. 10346<\/b><\/h4>","protected":false},"excerpt":{"rendered":"<p>Fotel, krzes\u0142o br\u0105zowy Thonet Fameg\u00a0 Vintage Stylowy fotel w kolorze ciemnego br\u0105zu, wzorowany na klasycznych krzes\u0142ach Thonet. Mebel\u00a0 Fameg , pochodzi z vintage&#8217;owego okresu. Solidna konstrukcja i elegancki design sprawi\u0105, \u017ce b\u0119dzie doskona\u0142ym dodatkiem do wn\u0119trza. Wymiary: wysoko\u015b\u0107: 77cm d\u0142ugo\u015b\u0107:51 cm szeroko\u015b\u0107: 42 cm szeroko\u015b\u0107 siedziska: 40 cm g\u0142\u0119boko\u015b\u0107 siedziska: 40 cm wysoko\u015b\u0107 do siedziska:47 [&hellip;]<\/p>\n","protected":false},"featured_media":74862,"template":"","meta":{"_seopress_robots_primary_cat":"none","_seopress_titles_title":"","_seopress_titles_desc":"","_seopress_robots_index":"","site-sidebar-layout":"default","site-content-layout":"","ast-site-content-layout":"default","site-content-style":"default","site-sidebar-style":"default","ast-global-header-display":"","ast-banner-title-visibility":"","ast-main-header-display":"","ast-hfb-above-header-display":"","ast-hfb-below-header-display":"","ast-hfb-mobile-header-display":"","site-post-title":"","ast-breadcrumbs-content":"","ast-featured-img":"","footer-sml-layout":"","ast-disable-related-posts":"","theme-transparent-header-meta":"default","adv-header-id-meta":"","stick-header-meta":"default","header-above-stick-meta":"","header-main-stick-meta":"","header-below-stick-meta":"","astra-migrate-meta-layouts":"set","ast-page-background-enabled":"default","ast-page-background-meta":{"desktop":{"background-color":"var(--ast-global-color-4)","background-image":"","background-repeat":"repeat","background-position":"center center","background-size":"auto","background-attachment":"scroll","background-type":"","background-media":"","overlay-type":"","overlay-color":"","overlay-opacity":"","overlay-gradient":""},"tablet":{"background-color":"","background-image":"","background-repeat":"repeat","background-position":"center center","background-size":"auto","background-attachment":"scroll","background-type":"","background-media":"","overlay-type":"","overlay-color":"","overlay-opacity":"","overlay-gradient":""},"mobile":{"background-color":"","background-image":"","background-repeat":"repeat","background-position":"center center","background-size":"auto","background-attachment":"scroll","background-type":"","background-media":"","overlay-type":"","overlay-color":"","overlay-opacity":"","overlay-gradient":""}},"ast-content-background-meta":{"desktop":{"background-color":"var(--ast-global-color-5)","background-image":"","background-repeat":"repeat","background-position":"center center","background-size":"auto","background-attachment":"scroll","background-type":"","background-media":"","overlay-type":"","overlay-color":"","overlay-opacity":"","overlay-gradient":""},"tablet":{"background-color":"var(--ast-global-color-5)","background-image":"","background-repeat":"repeat","background-position":"center center","background-size":"auto","background-attachment":"scroll","background-type":"","background-media":"","overlay-type":"","overlay-color":"","overlay-opacity":"","overlay-gradient":""},"mobile":{"background-color":"var(--ast-global-color-5)","background-image":"","background-repeat":"repeat","background-position":"center center","background-size":"auto","background-attachment":"scroll","background-type":"","background-media":"","overlay-type":"","overlay-color":"","overlay-opacity":"","overlay-gradient":""}}},"product_brand":[],"product_cat":[39,36,32],"product_tag":[],"class_list":{"0":"post-74962","1":"product","2":"type-product","3":"status-publish","4":"has-post-thumbnail","6":"product_cat-fotele-puf","7":"product_cat-krzesla-taborety","8":"product_cat-meble","9":"product_shipping_class-wysylka-80zl","10":"desktop-align-left","11":"tablet-align-left","12":"mobile-align-left","13":"ast-product-gallery-layout-vertical-slider","14":"ast-product-tabs-layout-horizontal","15":"ast-qv-on-image","17":"first","18":"instock","19":"sold-individually","20":"shipping-taxable","21":"purchasable","22":"product-type-simple"},"_links":{"self":[{"href":"https:\/\/antart.com.pl\/en\/wp-json\/wp\/v2\/product\/74962","targetHints":{"allow":["GET"]}}],"collection":[{"href":"https:\/\/antart.com.pl\/en\/wp-json\/wp\/v2\/product"}],"about":[{"href":"https:\/\/antart.com.pl\/en\/wp-json\/wp\/v2\/types\/product"}],"wp:featuredmedia":[{"embeddable":true,"href":"https:\/\/antart.com.pl\/en\/wp-json\/wp\/v2\/media\/74862"}],"wp:attachment":[{"href":"https:\/\/antart.com.pl\/en\/wp-json\/wp\/v2\/media?parent=74962"}],"wp:term":[{"taxonomy":"product_brand","embeddable":true,"href":"https:\/\/antart.com.pl\/en\/wp-json\/wp\/v2\/product_brand?post=74962"},{"taxonomy":"product_cat","embeddable":true,"href":"https:\/\/antart.com.pl\/en\/wp-json\/wp\/v2\/product_cat?post=74962"},{"taxonomy":"product_tag","embeddable":true,"href":"https:\/\/antart.com.pl\/en\/wp-json\/wp\/v2\/product_tag?post=74962"}],"curies":[{"name":"wp","href":"https:\/\/api.w.org\/{rel}","templated":true}]}}