{"id":74966,"date":"2026-04-11T17:24:57","date_gmt":"2026-04-11T15:24:57","guid":{"rendered":"https:\/\/antart.com.pl\/?post_type=product&#038;p=74966"},"modified":"2026-04-07T17:41:27","modified_gmt":"2026-04-07T15:41:27","slug":"witryna-kredens-serwantka-brzuchatka-rzezbiona-debowa","status":"publish","type":"product","link":"https:\/\/antart.com.pl\/en\/produkt\/witryna-kredens-serwantka-brzuchatka-rzezbiona-debowa\/","title":{"rendered":"Display case, sideboard, serviette, carved oak belly"},"content":{"rendered":"<h4 style=\"text-align: center;\"><em><b>Display case, sideboard, serviette, carved oak belly<\/b><\/em><\/h4>\n<h4 style=\"text-align: center;\"><em>A stylish antique sideboard in oak. Features carved decoration on the front and sides. Drawers inlaid in a chequerboard pattern and finished with brass handles.\u00a0<\/em><\/h4>\n<h4 style=\"text-align: center;\"><em>The massive structure stands on carved lion's feet.<\/em><\/h4>\n<h4 style=\"text-align: center;\"><em>A piece of furniture in good condition, ideal as a decorative piece or for storing crockery and linen.<\/em><\/h4>\n<h4 style=\"text-align: center;\"><em>The site is in two parts, and has one non-original key.<\/em><\/h4>\n<h4 style=\"text-align: center;\"><\/h4>\n<h4><em><b>Dimensions:<\/b><\/em><\/h4>\n<ul>\n<li>\n<h4><em>height: 196 cm<\/em><\/h4>\n<\/li>\n<li>\n<h4><em>width: 117cm<\/em><\/h4>\n<\/li>\n<li>\n<h4><em>depth: 47 cm<\/em><\/h4>\n<\/li>\n<\/ul>\n<h4 style=\"text-align: center;\"><em><b>***********************************************<\/b><\/em><\/h4>\n<h4 style=\"text-align: center;\"><em><b>The photos show the actual condition of the item.<\/b><\/em><\/h4>\n<h4><\/h4>\n<h4><em><b>Order no. 10885<\/b><\/em><\/h4>","protected":false},"excerpt":{"rendered":"<p>Witryna, kredens, serwantka, brzuchatka rze\u017abiona d\u0119bowa Stylowy, zabytkowy kredens z drewna d\u0119bowego. Posiada rze\u017abione zdobienia na froncie oraz na bokach. Szuflady intarsjowane w szachownic\u0119 i wyko\u0144czone mosi\u0119\u017cnymi uchwytami.\u00a0 Masywna konstrukcja stoi na rze\u017abionych lwich \u0142\u0105pach. Mebel w dobrym stanie, idealny jako element dekoracyjny lub do przechowywania naczy\u0144 i po\u015bcieli. Witryna jest w dw\u00f3ch cz\u0119\u015bciach, oraz [&hellip;]<\/p>\n","protected":false},"featured_media":74873,"template":"","meta":{"_seopress_robots_primary_cat":"none","_seopress_titles_title":"","_seopress_titles_desc":"","_seopress_robots_index":"","site-sidebar-layout":"default","site-content-layout":"","ast-site-content-layout":"default","site-content-style":"default","site-sidebar-style":"default","ast-global-header-display":"","ast-banner-title-visibility":"","ast-main-header-display":"","ast-hfb-above-header-display":"","ast-hfb-below-header-display":"","ast-hfb-mobile-header-display":"","site-post-title":"","ast-breadcrumbs-content":"","ast-featured-img":"","footer-sml-layout":"","ast-disable-related-posts":"","theme-transparent-header-meta":"default","adv-header-id-meta":"","stick-header-meta":"default","header-above-stick-meta":"","header-main-stick-meta":"","header-below-stick-meta":"","astra-migrate-meta-layouts":"set","ast-page-background-enabled":"default","ast-page-background-meta":{"desktop":{"background-color":"var(--ast-global-color-4)","background-image":"","background-repeat":"repeat","background-position":"center center","background-size":"auto","background-attachment":"scroll","background-type":"","background-media":"","overlay-type":"","overlay-color":"","overlay-opacity":"","overlay-gradient":""},"tablet":{"background-color":"","background-image":"","background-repeat":"repeat","background-position":"center center","background-size":"auto","background-attachment":"scroll","background-type":"","background-media":"","overlay-type":"","overlay-color":"","overlay-opacity":"","overlay-gradient":""},"mobile":{"background-color":"","background-image":"","background-repeat":"repeat","background-position":"center center","background-size":"auto","background-attachment":"scroll","background-type":"","background-media":"","overlay-type":"","overlay-color":"","overlay-opacity":"","overlay-gradient":""}},"ast-content-background-meta":{"desktop":{"background-color":"var(--ast-global-color-5)","background-image":"","background-repeat":"repeat","background-position":"center center","background-size":"auto","background-attachment":"scroll","background-type":"","background-media":"","overlay-type":"","overlay-color":"","overlay-opacity":"","overlay-gradient":""},"tablet":{"background-color":"var(--ast-global-color-5)","background-image":"","background-repeat":"repeat","background-position":"center center","background-size":"auto","background-attachment":"scroll","background-type":"","background-media":"","overlay-type":"","overlay-color":"","overlay-opacity":"","overlay-gradient":""},"mobile":{"background-color":"var(--ast-global-color-5)","background-image":"","background-repeat":"repeat","background-position":"center center","background-size":"auto","background-attachment":"scroll","background-type":"","background-media":"","overlay-type":"","overlay-color":"","overlay-opacity":"","overlay-gradient":""}}},"product_brand":[],"product_cat":[32,79],"product_tag":[],"class_list":{"0":"post-74966","1":"product","2":"type-product","3":"status-publish","4":"has-post-thumbnail","6":"product_cat-meble","7":"product_cat-serwantki-witryny","8":"product_shipping_class-osobisty","9":"desktop-align-left","10":"tablet-align-left","11":"mobile-align-left","12":"ast-product-gallery-layout-vertical-slider","13":"ast-product-tabs-layout-horizontal","14":"ast-qv-on-image","16":"first","17":"instock","18":"sold-individually","19":"shipping-taxable","20":"purchasable","21":"product-type-simple"},"_links":{"self":[{"href":"https:\/\/antart.com.pl\/en\/wp-json\/wp\/v2\/product\/74966","targetHints":{"allow":["GET"]}}],"collection":[{"href":"https:\/\/antart.com.pl\/en\/wp-json\/wp\/v2\/product"}],"about":[{"href":"https:\/\/antart.com.pl\/en\/wp-json\/wp\/v2\/types\/product"}],"wp:featuredmedia":[{"embeddable":true,"href":"https:\/\/antart.com.pl\/en\/wp-json\/wp\/v2\/media\/74873"}],"wp:attachment":[{"href":"https:\/\/antart.com.pl\/en\/wp-json\/wp\/v2\/media?parent=74966"}],"wp:term":[{"taxonomy":"product_brand","embeddable":true,"href":"https:\/\/antart.com.pl\/en\/wp-json\/wp\/v2\/product_brand?post=74966"},{"taxonomy":"product_cat","embeddable":true,"href":"https:\/\/antart.com.pl\/en\/wp-json\/wp\/v2\/product_cat?post=74966"},{"taxonomy":"product_tag","embeddable":true,"href":"https:\/\/antart.com.pl\/en\/wp-json\/wp\/v2\/product_tag?post=74966"}],"curies":[{"name":"wp","href":"https:\/\/api.w.org\/{rel}","templated":true}]}}