{"id":75013,"date":"2026-04-11T18:38:52","date_gmt":"2026-04-11T16:38:52","guid":{"rendered":"https:\/\/antart.com.pl\/?post_type=product&#038;p=75013"},"modified":"2026-04-07T18:44:56","modified_gmt":"2026-04-07T16:44:56","slug":"walnut-wood-garden-table-by-schulze-outodoor-living","status":"publish","type":"product","link":"https:\/\/antart.com.pl\/en\/produkt\/stol-ogrodowy-z-drewna-orzecha-firmy-schulze-outodoor-living\/","title":{"rendered":"Walnut wood garden table by Schulze Outodoor Living"},"content":{"rendered":"<h4 style=\"text-align: center;\"><strong><em>Walnut wood garden table by Schulze Outodoor Living<\/em><\/strong><\/h4>\n<h4 style=\"text-align: center;\"><strong><em>A robust wooden garden table by Schulze. Made of high-quality walnut wood, it is ideal for outdoor use. A stylish and durable piece of furniture that will add elegance to any garden or terrace.<\/em><\/strong><\/h4>\n<h4><strong><em>Dimensions<\/em><\/strong><\/h4>\n<ul>\n<li>\n<h4><strong><em>length: 140cm<\/em><\/strong><\/h4>\n<\/li>\n<li>\n<h4><strong><em>width: 80 cm<\/em><\/strong><\/h4>\n<\/li>\n<li>\n<h4><strong><em>height: 77cm<\/em><\/strong><\/h4>\n<\/li>\n<\/ul>\n<h4><\/h4>\n<h4 style=\"text-align: center;\"><strong><em>The photos show the actual condition of the item.<\/em><\/strong><\/h4>\n<h4><strong><em>NO. ART 10880<\/em><\/strong><\/h4>","protected":false},"excerpt":{"rendered":"<p>St\u00f3\u0142 ogrodowy z drewna orzecha firmy Schulze Outodoor Living Solidny, drewniany st\u00f3\u0142 ogrodowy marki Schulze. Wykonany z wysokiej jako\u015bci drewna orzechowego, idealnie nadaje si\u0119 do u\u017cytku na \u015bwie\u017cym powietrzu. Stylowy i trwa\u0142y mebel, kt\u00f3ry doda elegancji ka\u017cdemu ogrodowi lub tarasowi. Wymiary d\u0142ugo\u015b\u0107: 140cm szeroko\u015b\u0107: 80 cm wysoko\u015b\u0107: 77cm Zdj\u0119cia przedstawiaj\u0105 stan faktyczny przedmiotu. NR. ART [&hellip;]<\/p>\n","protected":false},"featured_media":75001,"template":"","meta":{"_seopress_robots_primary_cat":"","_seopress_titles_title":"","_seopress_titles_desc":"","_seopress_robots_index":"","site-sidebar-layout":"default","site-content-layout":"","ast-site-content-layout":"default","site-content-style":"default","site-sidebar-style":"default","ast-global-header-display":"","ast-banner-title-visibility":"","ast-main-header-display":"","ast-hfb-above-header-display":"","ast-hfb-below-header-display":"","ast-hfb-mobile-header-display":"","site-post-title":"","ast-breadcrumbs-content":"","ast-featured-img":"","footer-sml-layout":"","ast-disable-related-posts":"","theme-transparent-header-meta":"default","adv-header-id-meta":"","stick-header-meta":"default","header-above-stick-meta":"","header-main-stick-meta":"","header-below-stick-meta":"","astra-migrate-meta-layouts":"set","ast-page-background-enabled":"default","ast-page-background-meta":{"desktop":{"background-color":"var(--ast-global-color-4)","background-image":"","background-repeat":"repeat","background-position":"center center","background-size":"auto","background-attachment":"scroll","background-type":"","background-media":"","overlay-type":"","overlay-color":"","overlay-opacity":"","overlay-gradient":""},"tablet":{"background-color":"","background-image":"","background-repeat":"repeat","background-position":"center center","background-size":"auto","background-attachment":"scroll","background-type":"","background-media":"","overlay-type":"","overlay-color":"","overlay-opacity":"","overlay-gradient":""},"mobile":{"background-color":"","background-image":"","background-repeat":"repeat","background-position":"center center","background-size":"auto","background-attachment":"scroll","background-type":"","background-media":"","overlay-type":"","overlay-color":"","overlay-opacity":"","overlay-gradient":""}},"ast-content-background-meta":{"desktop":{"background-color":"var(--ast-global-color-5)","background-image":"","background-repeat":"repeat","background-position":"center center","background-size":"auto","background-attachment":"scroll","background-type":"","background-media":"","overlay-type":"","overlay-color":"","overlay-opacity":"","overlay-gradient":""},"tablet":{"background-color":"var(--ast-global-color-5)","background-image":"","background-repeat":"repeat","background-position":"center center","background-size":"auto","background-attachment":"scroll","background-type":"","background-media":"","overlay-type":"","overlay-color":"","overlay-opacity":"","overlay-gradient":""},"mobile":{"background-color":"var(--ast-global-color-5)","background-image":"","background-repeat":"repeat","background-position":"center center","background-size":"auto","background-attachment":"scroll","background-type":"","background-media":"","overlay-type":"","overlay-color":"","overlay-opacity":"","overlay-gradient":""}}},"product_brand":[],"product_cat":[32,348],"product_tag":[],"class_list":{"0":"post-75013","1":"product","2":"type-product","3":"status-publish","4":"has-post-thumbnail","6":"product_cat-meble","7":"product_cat-meble-ogrodowe","8":"product_shipping_class-wysylka-120zl","9":"desktop-align-left","10":"tablet-align-left","11":"mobile-align-left","12":"ast-product-gallery-layout-vertical-slider","13":"ast-product-tabs-layout-horizontal","14":"ast-qv-on-image","16":"first","17":"instock","18":"sold-individually","19":"shipping-taxable","20":"purchasable","21":"product-type-simple"},"_links":{"self":[{"href":"https:\/\/antart.com.pl\/en\/wp-json\/wp\/v2\/product\/75013","targetHints":{"allow":["GET"]}}],"collection":[{"href":"https:\/\/antart.com.pl\/en\/wp-json\/wp\/v2\/product"}],"about":[{"href":"https:\/\/antart.com.pl\/en\/wp-json\/wp\/v2\/types\/product"}],"wp:featuredmedia":[{"embeddable":true,"href":"https:\/\/antart.com.pl\/en\/wp-json\/wp\/v2\/media\/75001"}],"wp:attachment":[{"href":"https:\/\/antart.com.pl\/en\/wp-json\/wp\/v2\/media?parent=75013"}],"wp:term":[{"taxonomy":"product_brand","embeddable":true,"href":"https:\/\/antart.com.pl\/en\/wp-json\/wp\/v2\/product_brand?post=75013"},{"taxonomy":"product_cat","embeddable":true,"href":"https:\/\/antart.com.pl\/en\/wp-json\/wp\/v2\/product_cat?post=75013"},{"taxonomy":"product_tag","embeddable":true,"href":"https:\/\/antart.com.pl\/en\/wp-json\/wp\/v2\/product_tag?post=75013"}],"curies":[{"name":"wp","href":"https:\/\/api.w.org\/{rel}","templated":true}]}}