{"id":75772,"date":"2026-04-17T12:19:35","date_gmt":"2026-04-17T10:19:35","guid":{"rendered":"https:\/\/antart.com.pl\/?post_type=product&#038;p=75772"},"modified":"2026-04-17T12:19:37","modified_gmt":"2026-04-17T10:19:37","slug":"antyczne-krzeslo-biedermeier-tloczone-nogi","status":"publish","type":"product","link":"https:\/\/antart.com.pl\/en\/produkt\/antyczne-krzeslo-biedermeier-tloczone-nogi\/","title":{"rendered":"Antique Biedermeier chair embossed legs"},"content":{"rendered":"<h4 style=\"text-align: center;\"><em><strong>Antique Biedermeier chair embossed legs<\/strong><\/em><\/h4>\n<h4 style=\"text-align: center;\"><em><strong>Stylowe, zabytkowe krzes\u0142o Biedermeier z rze\u017abionymi, wypuk\u0142ymi nogami. Mebel z epoki, charakteryzuj\u0105cy si\u0119 prostymi, eleganckimi formami. Doskona\u0142y do aran\u017cacji wn\u0119trz w stylu vintage lub klasycznym.<\/strong><\/em><\/h4>\n<h4><em><strong>Dimensions:<\/strong><\/em><\/h4>\n<ul>\n<li>\n<h4><em><strong>height: 87cm<\/strong><\/em><\/h4>\n<\/li>\n<li>\n<h4><em><strong>width: 44cm<\/strong><\/em><\/h4>\n<\/li>\n<li>\n<h4><em><strong>depth: 44cm<\/strong><\/em><\/h4>\n<\/li>\n<li>\n<h4><em><strong>height to seat: 48 cm<\/strong><\/em><\/h4>\n<\/li>\n<li>\n<h4><em><strong>seat depth: 40cm<\/strong><\/em><\/h4>\n<\/li>\n<\/ul>\n<h4 style=\"text-align: center;\"><em><strong>The photos show the actual state of the object<\/strong><\/em><\/h4>\n<h4><em><strong>Art. nr. 10935<\/strong><\/em><\/h4>","protected":false},"excerpt":{"rendered":"<p>Antyczne krzes\u0142o Biedermeier t\u0142oczone nogi Stylowe, zabytkowe krzes\u0142o Biedermeier z rze\u017abionymi, wypuk\u0142ymi nogami. Mebel z epoki, charakteryzuj\u0105cy si\u0119 prostymi, eleganckimi formami. Doskona\u0142y do aran\u017cacji wn\u0119trz w stylu vintage lub klasycznym. Wymiary: wysoko\u015b\u0107:87cm szeroko\u015b\u0107: 44cm g\u0142\u0119boko\u015b\u0107: 44cm wysoko\u015b\u0107 do siedziska: 48 cm g\u0142\u0119boko\u015b\u0107 siedziska: 40cm Zdj\u0119cia przedstawiaj\u0105 stan faktyczny przedmiotu Art. nr. 10935<\/p>","protected":false},"featured_media":75750,"template":"","meta":{"_seopress_robots_primary_cat":"","_seopress_titles_title":"","_seopress_titles_desc":"","_seopress_robots_index":"","site-sidebar-layout":"default","site-content-layout":"","ast-site-content-layout":"default","site-content-style":"default","site-sidebar-style":"default","ast-global-header-display":"","ast-banner-title-visibility":"","ast-main-header-display":"","ast-hfb-above-header-display":"","ast-hfb-below-header-display":"","ast-hfb-mobile-header-display":"","site-post-title":"","ast-breadcrumbs-content":"","ast-featured-img":"","footer-sml-layout":"","ast-disable-related-posts":"","theme-transparent-header-meta":"default","adv-header-id-meta":"","stick-header-meta":"default","header-above-stick-meta":"","header-main-stick-meta":"","header-below-stick-meta":"","astra-migrate-meta-layouts":"set","ast-page-background-enabled":"default","ast-page-background-meta":{"desktop":{"background-color":"var(--ast-global-color-4)","background-image":"","background-repeat":"repeat","background-position":"center center","background-size":"auto","background-attachment":"scroll","background-type":"","background-media":"","overlay-type":"","overlay-color":"","overlay-opacity":"","overlay-gradient":""},"tablet":{"background-color":"","background-image":"","background-repeat":"repeat","background-position":"center center","background-size":"auto","background-attachment":"scroll","background-type":"","background-media":"","overlay-type":"","overlay-color":"","overlay-opacity":"","overlay-gradient":""},"mobile":{"background-color":"","background-image":"","background-repeat":"repeat","background-position":"center center","background-size":"auto","background-attachment":"scroll","background-type":"","background-media":"","overlay-type":"","overlay-color":"","overlay-opacity":"","overlay-gradient":""}},"ast-content-background-meta":{"desktop":{"background-color":"var(--ast-global-color-5)","background-image":"","background-repeat":"repeat","background-position":"center center","background-size":"auto","background-attachment":"scroll","background-type":"","background-media":"","overlay-type":"","overlay-color":"","overlay-opacity":"","overlay-gradient":""},"tablet":{"background-color":"var(--ast-global-color-5)","background-image":"","background-repeat":"repeat","background-position":"center center","background-size":"auto","background-attachment":"scroll","background-type":"","background-media":"","overlay-type":"","overlay-color":"","overlay-opacity":"","overlay-gradient":""},"mobile":{"background-color":"var(--ast-global-color-5)","background-image":"","background-repeat":"repeat","background-position":"center center","background-size":"auto","background-attachment":"scroll","background-type":"","background-media":"","overlay-type":"","overlay-color":"","overlay-opacity":"","overlay-gradient":""}}},"product_brand":[],"product_cat":[36,32],"product_tag":[],"class_list":{"0":"post-75772","1":"product","2":"type-product","3":"status-publish","4":"has-post-thumbnail","6":"product_cat-krzesla-taborety","7":"product_cat-meble","8":"product_shipping_class-wysylka-70zl","9":"desktop-align-left","10":"tablet-align-left","11":"mobile-align-left","12":"ast-product-gallery-layout-vertical-slider","13":"ast-product-tabs-layout-horizontal","14":"ast-qv-on-image","16":"first","17":"instock","18":"sold-individually","19":"shipping-taxable","20":"purchasable","21":"product-type-simple"},"_links":{"self":[{"href":"https:\/\/antart.com.pl\/en\/wp-json\/wp\/v2\/product\/75772","targetHints":{"allow":["GET"]}}],"collection":[{"href":"https:\/\/antart.com.pl\/en\/wp-json\/wp\/v2\/product"}],"about":[{"href":"https:\/\/antart.com.pl\/en\/wp-json\/wp\/v2\/types\/product"}],"wp:featuredmedia":[{"embeddable":true,"href":"https:\/\/antart.com.pl\/en\/wp-json\/wp\/v2\/media\/75750"}],"wp:attachment":[{"href":"https:\/\/antart.com.pl\/en\/wp-json\/wp\/v2\/media?parent=75772"}],"wp:term":[{"taxonomy":"product_brand","embeddable":true,"href":"https:\/\/antart.com.pl\/en\/wp-json\/wp\/v2\/product_brand?post=75772"},{"taxonomy":"product_cat","embeddable":true,"href":"https:\/\/antart.com.pl\/en\/wp-json\/wp\/v2\/product_cat?post=75772"},{"taxonomy":"product_tag","embeddable":true,"href":"https:\/\/antart.com.pl\/en\/wp-json\/wp\/v2\/product_tag?post=75772"}],"curies":[{"name":"wp","href":"https:\/\/api.w.org\/{rel}","templated":true}]}}