{"id":75848,"date":"2026-04-18T10:49:03","date_gmt":"2026-04-18T08:49:03","guid":{"rendered":"https:\/\/antart.com.pl\/?post_type=product&#038;p=75848"},"modified":"2026-04-18T10:49:04","modified_gmt":"2026-04-18T08:49:04","slug":"fotel-lis-proj-henryk-lis-z-lat-60-70-tych","status":"publish","type":"product","link":"https:\/\/antart.com.pl\/en\/produkt\/fotel-lis-proj-henryk-lis-z-lat-60-70-tych\/","title":{"rendered":"Armchair \u201eLis\u201d by Henryk Lis from the 1960s\/70s"},"content":{"rendered":"<h4 style=\"text-align: center;\"><em><strong>Armchair \u201eLis\u201d by Henryk Lis from the 1960s\/70s<\/strong><\/em><\/h4>\n<h4 style=\"text-align: center;\"><em><strong>Stylowy fotel z lat 60\/70-tych Projekt Henryka Lisa. Solidna konstrukcja z drewna, tapicerka w ciep\u0142ym, br\u0105zowym odcieniu. Fotel zachowa\u0142 sw\u00f3j oryginalny charakter i b\u0119dzie doskona\u0142ym uzupe\u0142nieniem wn\u0119trza w stylu vintage.<\/strong><\/em><\/h4>\n<h4 style=\"text-align: center;\"><em><strong>Cechuje si\u0119 toczonymi, zw\u0119\u017caj\u0105cymi si\u0119 ku do\u0142owi nogami, kt\u00f3re nadaj\u0105 mu lekko\u015bci.<\/strong><\/em><\/h4>\n<h4 style=\"text-align: center;\"><em><strong>Produkowany g\u0142\u00f3wnie w Dolno\u015bl\u0105skiej Fabryce Mebli w \u015awiebodzicach.<\/strong><\/em><\/h4>\n<p>&nbsp;<\/p>\n<h4><em><strong>Dimensions:<\/strong><\/em><\/h4>\n<ul>\n<li>\n<h4><em><strong>height: 77 cm<\/strong><\/em><\/h4>\n<\/li>\n<li>\n<h4><em><strong>width:60 cm<\/strong><\/em><\/h4>\n<\/li>\n<li>\n<h4><em><strong>g\u0142\u0119boko\u015b\u0107:68cm<\/strong><\/em><\/h4>\n<\/li>\n<li>\n<h4><em><strong>seat depth 49cm<\/strong><\/em><\/h4>\n<\/li>\n<li>\n<h4><em><strong>height to seat: 41 cm<\/strong><\/em><\/h4>\n<\/li>\n<\/ul>\n<h4 style=\"text-align: center;\"><em><strong>The photos show the actual condition of the item.<\/strong><\/em><\/h4>\n<h4><em><strong>Art. nr. 10932<\/strong><\/em><\/h4>","protected":false},"excerpt":{"rendered":"<p>Fotel &#8222;Lis&#8221; proj. Henryk Lis z lat 60\/70-tych Stylowy fotel z lat 60\/70-tych Projekt Henryka Lisa. Solidna konstrukcja z drewna, tapicerka w ciep\u0142ym, br\u0105zowym odcieniu. Fotel zachowa\u0142 sw\u00f3j oryginalny charakter i b\u0119dzie doskona\u0142ym uzupe\u0142nieniem wn\u0119trza w stylu vintage. Cechuje si\u0119 toczonymi, zw\u0119\u017caj\u0105cymi si\u0119 ku do\u0142owi nogami, kt\u00f3re nadaj\u0105 mu lekko\u015bci. Produkowany g\u0142\u00f3wnie w Dolno\u015bl\u0105skiej Fabryce [&hellip;]<\/p>\n","protected":false},"featured_media":75799,"template":"","meta":{"_seopress_robots_primary_cat":"","_seopress_titles_title":"","_seopress_titles_desc":"","_seopress_robots_index":"","site-sidebar-layout":"default","site-content-layout":"","ast-site-content-layout":"default","site-content-style":"default","site-sidebar-style":"default","ast-global-header-display":"","ast-banner-title-visibility":"","ast-main-header-display":"","ast-hfb-above-header-display":"","ast-hfb-below-header-display":"","ast-hfb-mobile-header-display":"","site-post-title":"","ast-breadcrumbs-content":"","ast-featured-img":"","footer-sml-layout":"","ast-disable-related-posts":"","theme-transparent-header-meta":"default","adv-header-id-meta":"","stick-header-meta":"default","header-above-stick-meta":"","header-main-stick-meta":"","header-below-stick-meta":"","astra-migrate-meta-layouts":"set","ast-page-background-enabled":"default","ast-page-background-meta":{"desktop":{"background-color":"var(--ast-global-color-4)","background-image":"","background-repeat":"repeat","background-position":"center center","background-size":"auto","background-attachment":"scroll","background-type":"","background-media":"","overlay-type":"","overlay-color":"","overlay-opacity":"","overlay-gradient":""},"tablet":{"background-color":"","background-image":"","background-repeat":"repeat","background-position":"center center","background-size":"auto","background-attachment":"scroll","background-type":"","background-media":"","overlay-type":"","overlay-color":"","overlay-opacity":"","overlay-gradient":""},"mobile":{"background-color":"","background-image":"","background-repeat":"repeat","background-position":"center center","background-size":"auto","background-attachment":"scroll","background-type":"","background-media":"","overlay-type":"","overlay-color":"","overlay-opacity":"","overlay-gradient":""}},"ast-content-background-meta":{"desktop":{"background-color":"var(--ast-global-color-5)","background-image":"","background-repeat":"repeat","background-position":"center center","background-size":"auto","background-attachment":"scroll","background-type":"","background-media":"","overlay-type":"","overlay-color":"","overlay-opacity":"","overlay-gradient":""},"tablet":{"background-color":"var(--ast-global-color-5)","background-image":"","background-repeat":"repeat","background-position":"center center","background-size":"auto","background-attachment":"scroll","background-type":"","background-media":"","overlay-type":"","overlay-color":"","overlay-opacity":"","overlay-gradient":""},"mobile":{"background-color":"var(--ast-global-color-5)","background-image":"","background-repeat":"repeat","background-position":"center center","background-size":"auto","background-attachment":"scroll","background-type":"","background-media":"","overlay-type":"","overlay-color":"","overlay-opacity":"","overlay-gradient":""}}},"product_brand":[],"product_cat":[39,32],"product_tag":[],"class_list":{"0":"post-75848","1":"product","2":"type-product","3":"status-publish","4":"has-post-thumbnail","6":"product_cat-fotele-puf","7":"product_cat-meble","8":"product_shipping_class-wysylka-80zl","9":"desktop-align-left","10":"tablet-align-left","11":"mobile-align-left","12":"ast-product-gallery-layout-vertical-slider","13":"ast-product-tabs-layout-horizontal","14":"ast-qv-on-image","16":"first","17":"instock","18":"sold-individually","19":"shipping-taxable","20":"purchasable","21":"product-type-simple"},"_links":{"self":[{"href":"https:\/\/antart.com.pl\/en\/wp-json\/wp\/v2\/product\/75848","targetHints":{"allow":["GET"]}}],"collection":[{"href":"https:\/\/antart.com.pl\/en\/wp-json\/wp\/v2\/product"}],"about":[{"href":"https:\/\/antart.com.pl\/en\/wp-json\/wp\/v2\/types\/product"}],"wp:featuredmedia":[{"embeddable":true,"href":"https:\/\/antart.com.pl\/en\/wp-json\/wp\/v2\/media\/75799"}],"wp:attachment":[{"href":"https:\/\/antart.com.pl\/en\/wp-json\/wp\/v2\/media?parent=75848"}],"wp:term":[{"taxonomy":"product_brand","embeddable":true,"href":"https:\/\/antart.com.pl\/en\/wp-json\/wp\/v2\/product_brand?post=75848"},{"taxonomy":"product_cat","embeddable":true,"href":"https:\/\/antart.com.pl\/en\/wp-json\/wp\/v2\/product_cat?post=75848"},{"taxonomy":"product_tag","embeddable":true,"href":"https:\/\/antart.com.pl\/en\/wp-json\/wp\/v2\/product_tag?post=75848"}],"curies":[{"name":"wp","href":"https:\/\/api.w.org\/{rel}","templated":true}]}}