{"id":75900,"date":"2026-04-18T10:59:59","date_gmt":"2026-04-18T08:59:59","guid":{"rendered":"https:\/\/antart.com.pl\/?post_type=product&#038;p=75900"},"modified":"2026-04-18T11:00:00","modified_gmt":"2026-04-18T09:00:00","slug":"stolik-kawowy-w-stylu-ludwika-xvi-intarsjowany-wlochy-lata-70-te","status":"publish","type":"product","link":"https:\/\/antart.com.pl\/en\/produkt\/stolik-kawowy-w-stylu-ludwika-xvi-intarsjowany-wlochy-lata-70-te\/","title":{"rendered":"Louis XVI style inlaid coffee table Italy 1970s"},"content":{"rendered":"<h4 style=\"text-align: center;\"><strong><em>Louis XVI style inlaid coffee table Italy 1970s<\/em><\/strong><\/h4>\n<h4 style=\"text-align: center;\"><strong><em>Stylowy stolik kawowy w stylu Ludwika XVI, wykonany we W\u0142oszech w latach 70. XX wieku. Mebel posiada ozdobne, rze\u017abione nogi oraz fornirowan\u0105, ciemn\u0105 powierzchni\u0119 blatu. Stolik jest w stanie u\u017cywanym, ale zachowa\u0142 sw\u00f3j elegancki wygl\u0105d.<\/em><\/strong><\/h4>\n<h4 style=\"text-align: center;\"><strong><em>Prawdopodobnie z szuflad\u0105.<\/em><\/strong><\/h4>\n<h4 style=\"text-align: center;\"><strong><em>Traces of use.<\/em><\/strong><\/h4>\n<h4><strong><em>Dimensions<\/em><\/strong><\/h4>\n<ul>\n<li>\n<h4><strong><em>diameter: 50 cm<\/em><\/strong><\/h4>\n<\/li>\n<li>\n<h4><strong><em>height: 71 cm<\/em><\/strong><\/h4>\n<\/li>\n<\/ul>\n<h4 style=\"text-align: center;\"><strong><em>******************************<\/em><\/strong><\/h4>\n<h4 style=\"text-align: center;\"><strong><em>The photos show the actual condition of the item.<\/em><\/strong><\/h4>\n<h4><strong><em>NR. ART 10932<\/em><\/strong><\/h4>","protected":false},"excerpt":{"rendered":"<p>Stolik kawowy w stylu Ludwika XVI intarsjowany W\u0142ochy lata 70-te Stylowy stolik kawowy w stylu Ludwika XVI, wykonany we W\u0142oszech w latach 70. XX wieku. Mebel posiada ozdobne, rze\u017abione nogi oraz fornirowan\u0105, ciemn\u0105 powierzchni\u0119 blatu. Stolik jest w stanie u\u017cywanym, ale zachowa\u0142 sw\u00f3j elegancki wygl\u0105d. Prawdopodobnie z szuflad\u0105. \u015alady u\u017cytkowania. Wymiary \u015brednica: 50 cm wysoko\u015b\u0107: [&hellip;]<\/p>\n","protected":false},"featured_media":75903,"template":"","meta":{"_seopress_robots_primary_cat":"","_seopress_titles_title":"","_seopress_titles_desc":"","_seopress_robots_index":"","site-sidebar-layout":"default","site-content-layout":"","ast-site-content-layout":"default","site-content-style":"default","site-sidebar-style":"default","ast-global-header-display":"","ast-banner-title-visibility":"","ast-main-header-display":"","ast-hfb-above-header-display":"","ast-hfb-below-header-display":"","ast-hfb-mobile-header-display":"","site-post-title":"","ast-breadcrumbs-content":"","ast-featured-img":"","footer-sml-layout":"","ast-disable-related-posts":"","theme-transparent-header-meta":"default","adv-header-id-meta":"","stick-header-meta":"default","header-above-stick-meta":"","header-main-stick-meta":"","header-below-stick-meta":"","astra-migrate-meta-layouts":"set","ast-page-background-enabled":"default","ast-page-background-meta":{"desktop":{"background-color":"var(--ast-global-color-4)","background-image":"","background-repeat":"repeat","background-position":"center center","background-size":"auto","background-attachment":"scroll","background-type":"","background-media":"","overlay-type":"","overlay-color":"","overlay-opacity":"","overlay-gradient":""},"tablet":{"background-color":"","background-image":"","background-repeat":"repeat","background-position":"center center","background-size":"auto","background-attachment":"scroll","background-type":"","background-media":"","overlay-type":"","overlay-color":"","overlay-opacity":"","overlay-gradient":""},"mobile":{"background-color":"","background-image":"","background-repeat":"repeat","background-position":"center center","background-size":"auto","background-attachment":"scroll","background-type":"","background-media":"","overlay-type":"","overlay-color":"","overlay-opacity":"","overlay-gradient":""}},"ast-content-background-meta":{"desktop":{"background-color":"var(--ast-global-color-5)","background-image":"","background-repeat":"repeat","background-position":"center center","background-size":"auto","background-attachment":"scroll","background-type":"","background-media":"","overlay-type":"","overlay-color":"","overlay-opacity":"","overlay-gradient":""},"tablet":{"background-color":"var(--ast-global-color-5)","background-image":"","background-repeat":"repeat","background-position":"center center","background-size":"auto","background-attachment":"scroll","background-type":"","background-media":"","overlay-type":"","overlay-color":"","overlay-opacity":"","overlay-gradient":""},"mobile":{"background-color":"var(--ast-global-color-5)","background-image":"","background-repeat":"repeat","background-position":"center center","background-size":"auto","background-attachment":"scroll","background-type":"","background-media":"","overlay-type":"","overlay-color":"","overlay-opacity":"","overlay-gradient":""}}},"product_brand":[],"product_cat":[32,33],"product_tag":[],"class_list":{"0":"post-75900","1":"product","2":"type-product","3":"status-publish","4":"has-post-thumbnail","6":"product_cat-meble","7":"product_cat-stoly-stoliki","8":"product_shipping_class-wysylka-70zl","9":"desktop-align-left","10":"tablet-align-left","11":"mobile-align-left","12":"ast-product-gallery-layout-vertical-slider","13":"ast-product-tabs-layout-horizontal","14":"ast-qv-on-image","16":"first","17":"instock","18":"sold-individually","19":"shipping-taxable","20":"purchasable","21":"product-type-simple"},"_links":{"self":[{"href":"https:\/\/antart.com.pl\/en\/wp-json\/wp\/v2\/product\/75900","targetHints":{"allow":["GET"]}}],"collection":[{"href":"https:\/\/antart.com.pl\/en\/wp-json\/wp\/v2\/product"}],"about":[{"href":"https:\/\/antart.com.pl\/en\/wp-json\/wp\/v2\/types\/product"}],"wp:featuredmedia":[{"embeddable":true,"href":"https:\/\/antart.com.pl\/en\/wp-json\/wp\/v2\/media\/75903"}],"wp:attachment":[{"href":"https:\/\/antart.com.pl\/en\/wp-json\/wp\/v2\/media?parent=75900"}],"wp:term":[{"taxonomy":"product_brand","embeddable":true,"href":"https:\/\/antart.com.pl\/en\/wp-json\/wp\/v2\/product_brand?post=75900"},{"taxonomy":"product_cat","embeddable":true,"href":"https:\/\/antart.com.pl\/en\/wp-json\/wp\/v2\/product_cat?post=75900"},{"taxonomy":"product_tag","embeddable":true,"href":"https:\/\/antart.com.pl\/en\/wp-json\/wp\/v2\/product_tag?post=75900"}],"curies":[{"name":"wp","href":"https:\/\/api.w.org\/{rel}","templated":true}]}}