{"id":75904,"date":"2026-04-18T11:47:44","date_gmt":"2026-04-18T09:47:44","guid":{"rendered":"https:\/\/antart.com.pl\/?post_type=product&#038;p=75904"},"modified":"2026-04-18T11:47:45","modified_gmt":"2026-04-18T09:47:45","slug":"stolik-konsola-antyczna-narozna-w-mahoniu-z-xix-wieku-w-stylu-jerzego-iii","status":"publish","type":"product","link":"https:\/\/antart.com.pl\/en\/produkt\/stolik-konsola-antyczna-narozna-w-mahoniu-z-xix-wieku-w-stylu-jerzego-iii\/","title":{"rendered":"Table, antique corner console in 19th century mahogany in the style of George III"},"content":{"rendered":"<h4 style=\"text-align: center;\"><em><strong>Table, antique corner console in 19th century mahogany in the style of George III<\/strong><\/em><\/h4>\n<h4 style=\"text-align: center;\"><em><strong>Stylowy, zabytkowy konsol rogowy z mahoniowego drewna, pochodz\u0105cy z XIX wieku, w stylu Georga III. Mebel posiada dwie szuflady oraz p\u00f3\u0142k\u0119, co czyni go funkcjonalnym i eleganckim dodatkiem do ka\u017cdego wn\u0119trza.<\/strong><\/em><\/h4>\n<h4 style=\"text-align: center;\"><em><strong>Dolna cz\u0119\u015b\u0107 p\u00f3\u0142ki posiada jedn\u0105 szuflad\u0119 a boczne to imitacja szuflad.<\/strong><\/em><\/h4>\n<h4><em><strong>Dimensions<\/strong><\/em><\/h4>\n<ul>\n<li>\n<h4><em><strong>length: 60cm<\/strong><\/em><\/h4>\n<\/li>\n<li>\n<h4><em><strong>width: 42cm<\/strong><\/em><\/h4>\n<\/li>\n<li>\n<h4><em><strong>height: 75 cm<\/strong><\/em><\/h4>\n<\/li>\n<li>\n<h4><em><strong>wysoko\u015b\u0107 do p\u00f3\u0142ki: 48cm<\/strong><\/em><\/h4>\n<\/li>\n<\/ul>\n<h4 style=\"text-align: center;\"><em><strong>******************************<\/strong><\/em><\/h4>\n<h4 style=\"text-align: center;\"><em><strong>The photos show the actual condition of the item.<\/strong><\/em><\/h4>\n<h4><em><strong>NR. ART 10930<\/strong><\/em><\/h4>","protected":false},"excerpt":{"rendered":"<p>Stolik, konsola antyczna naro\u017cna w mahoniu z XIX wieku w stylu Jerzego III Stylowy, zabytkowy konsol rogowy z mahoniowego drewna, pochodz\u0105cy z XIX wieku, w stylu Georga III. Mebel posiada dwie szuflady oraz p\u00f3\u0142k\u0119, co czyni go funkcjonalnym i eleganckim dodatkiem do ka\u017cdego wn\u0119trza. Dolna cz\u0119\u015b\u0107 p\u00f3\u0142ki posiada jedn\u0105 szuflad\u0119 a boczne to imitacja szuflad. [&hellip;]<\/p>\n","protected":false},"featured_media":75851,"template":"","meta":{"_seopress_robots_primary_cat":"","_seopress_titles_title":"","_seopress_titles_desc":"","_seopress_robots_index":"","site-sidebar-layout":"default","site-content-layout":"","ast-site-content-layout":"default","site-content-style":"default","site-sidebar-style":"default","ast-global-header-display":"","ast-banner-title-visibility":"","ast-main-header-display":"","ast-hfb-above-header-display":"","ast-hfb-below-header-display":"","ast-hfb-mobile-header-display":"","site-post-title":"","ast-breadcrumbs-content":"","ast-featured-img":"","footer-sml-layout":"","ast-disable-related-posts":"","theme-transparent-header-meta":"default","adv-header-id-meta":"","stick-header-meta":"default","header-above-stick-meta":"","header-main-stick-meta":"","header-below-stick-meta":"","astra-migrate-meta-layouts":"set","ast-page-background-enabled":"default","ast-page-background-meta":{"desktop":{"background-color":"var(--ast-global-color-4)","background-image":"","background-repeat":"repeat","background-position":"center center","background-size":"auto","background-attachment":"scroll","background-type":"","background-media":"","overlay-type":"","overlay-color":"","overlay-opacity":"","overlay-gradient":""},"tablet":{"background-color":"","background-image":"","background-repeat":"repeat","background-position":"center center","background-size":"auto","background-attachment":"scroll","background-type":"","background-media":"","overlay-type":"","overlay-color":"","overlay-opacity":"","overlay-gradient":""},"mobile":{"background-color":"","background-image":"","background-repeat":"repeat","background-position":"center center","background-size":"auto","background-attachment":"scroll","background-type":"","background-media":"","overlay-type":"","overlay-color":"","overlay-opacity":"","overlay-gradient":""}},"ast-content-background-meta":{"desktop":{"background-color":"var(--ast-global-color-5)","background-image":"","background-repeat":"repeat","background-position":"center center","background-size":"auto","background-attachment":"scroll","background-type":"","background-media":"","overlay-type":"","overlay-color":"","overlay-opacity":"","overlay-gradient":""},"tablet":{"background-color":"var(--ast-global-color-5)","background-image":"","background-repeat":"repeat","background-position":"center center","background-size":"auto","background-attachment":"scroll","background-type":"","background-media":"","overlay-type":"","overlay-color":"","overlay-opacity":"","overlay-gradient":""},"mobile":{"background-color":"var(--ast-global-color-5)","background-image":"","background-repeat":"repeat","background-position":"center center","background-size":"auto","background-attachment":"scroll","background-type":"","background-media":"","overlay-type":"","overlay-color":"","overlay-opacity":"","overlay-gradient":""}}},"product_brand":[],"product_cat":[341,32],"product_tag":[],"class_list":{"0":"post-75904","1":"product","2":"type-product","3":"status-publish","4":"has-post-thumbnail","6":"product_cat-konsola","7":"product_cat-meble","8":"product_shipping_class-wysylka-80zl","9":"desktop-align-left","10":"tablet-align-left","11":"mobile-align-left","12":"ast-product-gallery-layout-vertical-slider","13":"ast-product-tabs-layout-horizontal","14":"ast-qv-on-image","16":"first","17":"instock","18":"sold-individually","19":"shipping-taxable","20":"purchasable","21":"product-type-simple"},"_links":{"self":[{"href":"https:\/\/antart.com.pl\/en\/wp-json\/wp\/v2\/product\/75904","targetHints":{"allow":["GET"]}}],"collection":[{"href":"https:\/\/antart.com.pl\/en\/wp-json\/wp\/v2\/product"}],"about":[{"href":"https:\/\/antart.com.pl\/en\/wp-json\/wp\/v2\/types\/product"}],"wp:featuredmedia":[{"embeddable":true,"href":"https:\/\/antart.com.pl\/en\/wp-json\/wp\/v2\/media\/75851"}],"wp:attachment":[{"href":"https:\/\/antart.com.pl\/en\/wp-json\/wp\/v2\/media?parent=75904"}],"wp:term":[{"taxonomy":"product_brand","embeddable":true,"href":"https:\/\/antart.com.pl\/en\/wp-json\/wp\/v2\/product_brand?post=75904"},{"taxonomy":"product_cat","embeddable":true,"href":"https:\/\/antart.com.pl\/en\/wp-json\/wp\/v2\/product_cat?post=75904"},{"taxonomy":"product_tag","embeddable":true,"href":"https:\/\/antart.com.pl\/en\/wp-json\/wp\/v2\/product_tag?post=75904"}],"curies":[{"name":"wp","href":"https:\/\/api.w.org\/{rel}","templated":true}]}}