{"id":75940,"date":"2026-04-19T12:44:22","date_gmt":"2026-04-19T10:44:22","guid":{"rendered":"https:\/\/antart.com.pl\/?post_type=product&#038;p=75940"},"modified":"2026-04-18T12:57:38","modified_gmt":"2026-04-18T10:57:38","slug":"fotel-drewniany-w-stylu-ludwikowskim-na-sprezynach-z-poczatki-xx-w","status":"publish","type":"product","link":"https:\/\/antart.com.pl\/en\/produkt\/fotel-drewniany-w-stylu-ludwikowskim-na-sprezynach-z-poczatki-xx-w\/","title":{"rendered":"Wooden armchair in the Ludwik style on springs, early 20th century"},"content":{"rendered":"<h4 style=\"text-align: center;\"><em><strong>Fotel drewniany w stylu ludwikowskim \u00a0na spr\u0119\u017cynach z pocz\u0105tki XX w<\/strong><\/em><\/h4>\n<h4 style=\"text-align: center;\"><em><strong>Stylowy fotel w stylu Ludwika XV z pocz\u0105tku XX wieku. Drewniana konstrukcja w z\u0142otej ramie, tapicerowany mi\u0119kkim, aksamitnym materia\u0142em w odcieniu br\u0105zu. Mebel zachowany w dobrym stanie, z widocznymi \u015bladami u\u017cytkowania. Idealny jako dodatek do klasycznego lub vintage&#8217;owego wn\u0119trza.<\/strong><\/em><\/h4>\n<h4 style=\"text-align: center;\"><em><strong>Fotel bielony i z\u0142ocony.<\/strong><\/em><\/h4>\n<h4 style=\"text-align: center;\"><em><strong>jeden fotel posiada p\u0119kni\u0119cie.<\/strong><\/em><\/h4>\n<p>&nbsp;<\/p>\n<h4 style=\"text-align: center;\"><em><strong>I own 2 armchairs.<\/strong><\/em><\/h4>\n<h4 style=\"text-align: center;\"><em><strong>The price is for 1 piece.<\/strong><\/em><\/h4>\n<h4><em><strong>Dimensions:<\/strong><\/em><\/h4>\n<ul>\n<li>\n<h4><em><strong>height: 92 cm<\/strong><\/em><\/h4>\n<\/li>\n<li>\n<h4><em><strong>width:57 cm<\/strong><\/em><\/h4>\n<\/li>\n<li>\n<h4><em><strong>depth: 45 cm<\/strong><\/em><\/h4>\n<\/li>\n<li>\n<h4><em><strong>g\u0142\u0119boko\u015b\u0107 siedziska 45cm<\/strong><\/em><\/h4>\n<\/li>\n<li>\n<h4><em><strong>wysoko\u015b\u0107 do siedziska: 46<\/strong><\/em><\/h4>\n<\/li>\n<\/ul>\n<h4 style=\"text-align: center;\"><em><strong>The photos show the actual condition of the item.<\/strong><\/em><\/h4>\n<h4><em><strong>Art. nr. 10926<\/strong><\/em><\/h4>","protected":false},"excerpt":{"rendered":"<p>Fotel drewniany w stylu ludwikowskim \u00a0na spr\u0119\u017cynach z pocz\u0105tki XX w Stylowy fotel w stylu Ludwika XV z pocz\u0105tku XX wieku. Drewniana konstrukcja w z\u0142otej ramie, tapicerowany mi\u0119kkim, aksamitnym materia\u0142em w odcieniu br\u0105zu. Mebel zachowany w dobrym stanie, z widocznymi \u015bladami u\u017cytkowania. Idealny jako dodatek do klasycznego lub vintage&#8217;owego wn\u0119trza. Fotel bielony i z\u0142ocony. jeden [&hellip;]<\/p>\n","protected":false},"featured_media":75945,"template":"","meta":{"_seopress_robots_primary_cat":"","_seopress_titles_title":"","_seopress_titles_desc":"","_seopress_robots_index":"","site-sidebar-layout":"default","site-content-layout":"","ast-site-content-layout":"default","site-content-style":"default","site-sidebar-style":"default","ast-global-header-display":"","ast-banner-title-visibility":"","ast-main-header-display":"","ast-hfb-above-header-display":"","ast-hfb-below-header-display":"","ast-hfb-mobile-header-display":"","site-post-title":"","ast-breadcrumbs-content":"","ast-featured-img":"","footer-sml-layout":"","ast-disable-related-posts":"","theme-transparent-header-meta":"default","adv-header-id-meta":"","stick-header-meta":"default","header-above-stick-meta":"","header-main-stick-meta":"","header-below-stick-meta":"","astra-migrate-meta-layouts":"set","ast-page-background-enabled":"default","ast-page-background-meta":{"desktop":{"background-color":"var(--ast-global-color-4)","background-image":"","background-repeat":"repeat","background-position":"center center","background-size":"auto","background-attachment":"scroll","background-type":"","background-media":"","overlay-type":"","overlay-color":"","overlay-opacity":"","overlay-gradient":""},"tablet":{"background-color":"","background-image":"","background-repeat":"repeat","background-position":"center center","background-size":"auto","background-attachment":"scroll","background-type":"","background-media":"","overlay-type":"","overlay-color":"","overlay-opacity":"","overlay-gradient":""},"mobile":{"background-color":"","background-image":"","background-repeat":"repeat","background-position":"center center","background-size":"auto","background-attachment":"scroll","background-type":"","background-media":"","overlay-type":"","overlay-color":"","overlay-opacity":"","overlay-gradient":""}},"ast-content-background-meta":{"desktop":{"background-color":"var(--ast-global-color-5)","background-image":"","background-repeat":"repeat","background-position":"center center","background-size":"auto","background-attachment":"scroll","background-type":"","background-media":"","overlay-type":"","overlay-color":"","overlay-opacity":"","overlay-gradient":""},"tablet":{"background-color":"var(--ast-global-color-5)","background-image":"","background-repeat":"repeat","background-position":"center center","background-size":"auto","background-attachment":"scroll","background-type":"","background-media":"","overlay-type":"","overlay-color":"","overlay-opacity":"","overlay-gradient":""},"mobile":{"background-color":"var(--ast-global-color-5)","background-image":"","background-repeat":"repeat","background-position":"center center","background-size":"auto","background-attachment":"scroll","background-type":"","background-media":"","overlay-type":"","overlay-color":"","overlay-opacity":"","overlay-gradient":""}}},"product_brand":[],"product_cat":[39,32],"product_tag":[],"class_list":{"0":"post-75940","1":"product","2":"type-product","3":"status-publish","4":"has-post-thumbnail","6":"product_cat-fotele-puf","7":"product_cat-meble","8":"product_shipping_class-wysylka-80zl","9":"desktop-align-left","10":"tablet-align-left","11":"mobile-align-left","12":"ast-product-gallery-layout-vertical-slider","13":"ast-product-tabs-layout-horizontal","14":"ast-qv-on-image","16":"first","17":"instock","18":"shipping-taxable","19":"purchasable","20":"product-type-simple"},"_links":{"self":[{"href":"https:\/\/antart.com.pl\/en\/wp-json\/wp\/v2\/product\/75940","targetHints":{"allow":["GET"]}}],"collection":[{"href":"https:\/\/antart.com.pl\/en\/wp-json\/wp\/v2\/product"}],"about":[{"href":"https:\/\/antart.com.pl\/en\/wp-json\/wp\/v2\/types\/product"}],"wp:featuredmedia":[{"embeddable":true,"href":"https:\/\/antart.com.pl\/en\/wp-json\/wp\/v2\/media\/75945"}],"wp:attachment":[{"href":"https:\/\/antart.com.pl\/en\/wp-json\/wp\/v2\/media?parent=75940"}],"wp:term":[{"taxonomy":"product_brand","embeddable":true,"href":"https:\/\/antart.com.pl\/en\/wp-json\/wp\/v2\/product_brand?post=75940"},{"taxonomy":"product_cat","embeddable":true,"href":"https:\/\/antart.com.pl\/en\/wp-json\/wp\/v2\/product_cat?post=75940"},{"taxonomy":"product_tag","embeddable":true,"href":"https:\/\/antart.com.pl\/en\/wp-json\/wp\/v2\/product_tag?post=75940"}],"curies":[{"name":"wp","href":"https:\/\/api.w.org\/{rel}","templated":true}]}}