{"id":76011,"date":"2026-04-19T14:04:11","date_gmt":"2026-04-19T12:04:11","guid":{"rendered":"https:\/\/antart.com.pl\/?post_type=product&#038;p=76011"},"modified":"2026-04-18T14:04:55","modified_gmt":"2026-04-18T12:04:55","slug":"stylish-seat-in-baroque-style-ludvik-design-on-springs","status":"publish","type":"product","link":"https:\/\/antart.com.pl\/en\/produkt\/stylowe-siedzisko-w-stylu-barokowym-wzornictwo-ludwikowskie-na-sprezynach\/","title":{"rendered":"Stylish seat in baroque style, ludvik design on springs"},"content":{"rendered":"<h4 style=\"text-align: center;\"><em><strong>Stylish seat in baroque style, ludvik design on springs<\/strong><\/em><\/h4>\n<h4 style=\"text-align: center;\"><em><strong>A stylish Baroque style bench with a distinctive Ludwig design on springs. A piece of furniture in good condition, ideal as additional seating or as a decorative piece for the living room or bedroom.<\/strong><\/em><\/h4>\n<h4><em><strong>Approximate dimensions:<\/strong><\/em><\/h4>\n<ul>\n<li>\n<h4><em><strong>height cm: 70cm<\/strong><\/em><\/h4>\n<\/li>\n<li>\n<h4><em><strong>width 85 cm<\/strong><\/em><\/h4>\n<\/li>\n<li>\n<h4><em><strong>depth 43 cm<\/strong><\/em><\/h4>\n<\/li>\n<\/ul>\n<h4 style=\"text-align: center;\"><em><strong>***********************************************<\/strong><\/em><\/h4>\n<h4 style=\"text-align: center;\"><em><strong>The photos show the actual condition of the item.<\/strong><\/em><\/h4>\n<h4><em><strong>Order no. 10924<\/strong><\/em><\/h4>","protected":false},"excerpt":{"rendered":"<p>Stylowe siedzisko w stylu barokowym, wzornictwo ludwikowskie na spr\u0119\u017cynach Stylowa \u0142awka w stylu barokowym, z charakterystycznym wzorem Ludwika na spr\u0119\u017cynach. Mebel w dobrym stanie, idealny jako dodatkowe siedzisko lub element dekoracyjny do salonu lub sypialni. Przybli\u017cone wymiary: wysoko\u015b\u0107 cm: 70cm szeroko\u015b\u0107 85 cm g\u0142\u0119boko\u015b\u0107 43 cm *********************************************** Zdj\u0119cia przedstawiaj\u0105 stan faktyczny przedmiotu. Art. nr. 10924<\/p>","protected":false},"featured_media":75983,"template":"","meta":{"_seopress_robots_primary_cat":"none","_seopress_titles_title":"","_seopress_titles_desc":"","_seopress_robots_index":"","site-sidebar-layout":"default","site-content-layout":"","ast-site-content-layout":"default","site-content-style":"default","site-sidebar-style":"default","ast-global-header-display":"","ast-banner-title-visibility":"","ast-main-header-display":"","ast-hfb-above-header-display":"","ast-hfb-below-header-display":"","ast-hfb-mobile-header-display":"","site-post-title":"","ast-breadcrumbs-content":"","ast-featured-img":"","footer-sml-layout":"","ast-disable-related-posts":"","theme-transparent-header-meta":"default","adv-header-id-meta":"","stick-header-meta":"default","header-above-stick-meta":"","header-main-stick-meta":"","header-below-stick-meta":"","astra-migrate-meta-layouts":"set","ast-page-background-enabled":"default","ast-page-background-meta":{"desktop":{"background-color":"var(--ast-global-color-4)","background-image":"","background-repeat":"repeat","background-position":"center center","background-size":"auto","background-attachment":"scroll","background-type":"","background-media":"","overlay-type":"","overlay-color":"","overlay-opacity":"","overlay-gradient":""},"tablet":{"background-color":"","background-image":"","background-repeat":"repeat","background-position":"center center","background-size":"auto","background-attachment":"scroll","background-type":"","background-media":"","overlay-type":"","overlay-color":"","overlay-opacity":"","overlay-gradient":""},"mobile":{"background-color":"","background-image":"","background-repeat":"repeat","background-position":"center center","background-size":"auto","background-attachment":"scroll","background-type":"","background-media":"","overlay-type":"","overlay-color":"","overlay-opacity":"","overlay-gradient":""}},"ast-content-background-meta":{"desktop":{"background-color":"var(--ast-global-color-5)","background-image":"","background-repeat":"repeat","background-position":"center center","background-size":"auto","background-attachment":"scroll","background-type":"","background-media":"","overlay-type":"","overlay-color":"","overlay-opacity":"","overlay-gradient":""},"tablet":{"background-color":"var(--ast-global-color-5)","background-image":"","background-repeat":"repeat","background-position":"center center","background-size":"auto","background-attachment":"scroll","background-type":"","background-media":"","overlay-type":"","overlay-color":"","overlay-opacity":"","overlay-gradient":""},"mobile":{"background-color":"var(--ast-global-color-5)","background-image":"","background-repeat":"repeat","background-position":"center center","background-size":"auto","background-attachment":"scroll","background-type":"","background-media":"","overlay-type":"","overlay-color":"","overlay-opacity":"","overlay-gradient":""}}},"product_brand":[],"product_cat":[85],"product_tag":[],"class_list":{"0":"post-76011","1":"product","2":"type-product","3":"status-publish","4":"has-post-thumbnail","6":"product_cat-sofa-kanapa","7":"product_shipping_class-wysylka-70zl","8":"desktop-align-left","9":"tablet-align-left","10":"mobile-align-left","11":"ast-product-gallery-layout-vertical-slider","12":"ast-product-tabs-layout-horizontal","13":"ast-qv-on-image","15":"first","16":"instock","17":"shipping-taxable","18":"purchasable","19":"product-type-simple"},"_links":{"self":[{"href":"https:\/\/antart.com.pl\/en\/wp-json\/wp\/v2\/product\/76011","targetHints":{"allow":["GET"]}}],"collection":[{"href":"https:\/\/antart.com.pl\/en\/wp-json\/wp\/v2\/product"}],"about":[{"href":"https:\/\/antart.com.pl\/en\/wp-json\/wp\/v2\/types\/product"}],"wp:featuredmedia":[{"embeddable":true,"href":"https:\/\/antart.com.pl\/en\/wp-json\/wp\/v2\/media\/75983"}],"wp:attachment":[{"href":"https:\/\/antart.com.pl\/en\/wp-json\/wp\/v2\/media?parent=76011"}],"wp:term":[{"taxonomy":"product_brand","embeddable":true,"href":"https:\/\/antart.com.pl\/en\/wp-json\/wp\/v2\/product_brand?post=76011"},{"taxonomy":"product_cat","embeddable":true,"href":"https:\/\/antart.com.pl\/en\/wp-json\/wp\/v2\/product_cat?post=76011"},{"taxonomy":"product_tag","embeddable":true,"href":"https:\/\/antart.com.pl\/en\/wp-json\/wp\/v2\/product_tag?post=76011"}],"curies":[{"name":"wp","href":"https:\/\/api.w.org\/{rel}","templated":true}]}}