{"id":76295,"date":"2026-04-20T15:34:41","date_gmt":"2026-04-20T13:34:41","guid":{"rendered":"https:\/\/antart.com.pl\/?post_type=product&#038;p=76295"},"modified":"2026-04-20T15:34:43","modified_gmt":"2026-04-20T13:34:43","slug":"sosjerka-porcelanowa-czeska-bohemia-cebula","status":"publish","type":"product","link":"https:\/\/antart.com.pl\/en\/produkt\/sosjerka-porcelanowa-czeska-bohemia-cebula\/","title":{"rendered":"Bohemia Onion porcelain saucepan"},"content":{"rendered":"<h4 style=\"text-align: center;\"><em><b>Sosjerka z podstawk\u0105 Czeskiej marki Cesky Porcelan w Dubi Bohemia, wykonana z wysokiej jako\u015bci bia\u0142ej porcelany. Sosjerka o nieregularnym rancie, zdobiona tradycyjnym wzorem cebulowym z motywem ro\u015blinnym w kobaltowym kolorze, posiada dwa dekoracyjne uchwyty.<\/b><\/em><\/h4>\n<h4><\/h4>\n<h4><em><b>Dimensions<\/b><\/em><\/h4>\n<ul>\n<li>\n<h4><em><b>Overall height: 10.5cm.<\/b><\/em><\/h4>\n<\/li>\n<li>\n<h4><em><b>Wysoko\u015b\u0107 podstawki: 3,5cm.<\/b><\/em><\/h4>\n<\/li>\n<li>\n<h4><em><b>Top diameter: 22.5cm.<\/b><\/em><\/h4>\n<\/li>\n<li>\n<h4><em><b>D\u0142ugo\u015b\u0107 podstawki: 22,5cm.<\/b><\/em><\/h4>\n<\/li>\n<li>\n<h4><em><b>Width: 16.5cm.<\/b><\/em><\/h4>\n<\/li>\n<li>\n<h4><em><b>Base diameter: 15cm.<\/b><\/em><\/h4>\n<\/li>\n<li>\n<h4><em><b>Volume: 400ml.<\/b><\/em><\/h4>\n<\/li>\n<\/ul>\n<h4 style=\"text-align: center;\"><em><b>The photos show the actual state of the object<\/b><\/em><\/h4>\n<h4 style=\"text-align: center;\"><em><b>Additional photos upon request<\/b><\/em><\/h4>\n<h4 style=\"text-align: center;\"><em><b>All our items on display are available in our warehouse.<\/b><\/em><\/h4>\n<h4 style=\"text-align: center;\"><em><b>Can be viewed by appointment.<\/b><\/em><\/h4>\n<h4><\/h4>\n<h4><em><b>Nr.7517<\/b><\/em><\/h4>","protected":false},"excerpt":{"rendered":"<p>Sosjerka z podstawk\u0105 Czeskiej marki Cesky Porcelan w Dubi Bohemia, wykonana z wysokiej jako\u015bci bia\u0142ej porcelany. Sosjerka o nieregularnym rancie, zdobiona tradycyjnym wzorem cebulowym z motywem ro\u015blinnym w kobaltowym kolorze, posiada dwa dekoracyjne uchwyty. Wymiary Wysoko\u015b\u0107 ca\u0142kowita: 10,5cm. Wysoko\u015b\u0107 podstawki: 3,5cm. \u015arednica g\u00f3rna: 22,5cm. D\u0142ugo\u015b\u0107 podstawki: 22,5cm. Szeroko\u015b\u0107: 16,5cm. \u015arednica podstawy: 15cm. Poj: 400ml. Zdj\u0119cia [&hellip;]<\/p>\n","protected":false},"featured_media":76300,"template":"","meta":{"_seopress_robots_primary_cat":"","_seopress_titles_title":"","_seopress_titles_desc":"","_seopress_robots_index":"","site-sidebar-layout":"default","site-content-layout":"","ast-site-content-layout":"default","site-content-style":"default","site-sidebar-style":"default","ast-global-header-display":"","ast-banner-title-visibility":"","ast-main-header-display":"","ast-hfb-above-header-display":"","ast-hfb-below-header-display":"","ast-hfb-mobile-header-display":"","site-post-title":"","ast-breadcrumbs-content":"","ast-featured-img":"","footer-sml-layout":"","ast-disable-related-posts":"","theme-transparent-header-meta":"default","adv-header-id-meta":"","stick-header-meta":"default","header-above-stick-meta":"","header-main-stick-meta":"","header-below-stick-meta":"","astra-migrate-meta-layouts":"set","ast-page-background-enabled":"default","ast-page-background-meta":{"desktop":{"background-color":"var(--ast-global-color-4)","background-image":"","background-repeat":"repeat","background-position":"center center","background-size":"auto","background-attachment":"scroll","background-type":"","background-media":"","overlay-type":"","overlay-color":"","overlay-opacity":"","overlay-gradient":""},"tablet":{"background-color":"","background-image":"","background-repeat":"repeat","background-position":"center center","background-size":"auto","background-attachment":"scroll","background-type":"","background-media":"","overlay-type":"","overlay-color":"","overlay-opacity":"","overlay-gradient":""},"mobile":{"background-color":"","background-image":"","background-repeat":"repeat","background-position":"center center","background-size":"auto","background-attachment":"scroll","background-type":"","background-media":"","overlay-type":"","overlay-color":"","overlay-opacity":"","overlay-gradient":""}},"ast-content-background-meta":{"desktop":{"background-color":"var(--ast-global-color-5)","background-image":"","background-repeat":"repeat","background-position":"center center","background-size":"auto","background-attachment":"scroll","background-type":"","background-media":"","overlay-type":"","overlay-color":"","overlay-opacity":"","overlay-gradient":""},"tablet":{"background-color":"var(--ast-global-color-5)","background-image":"","background-repeat":"repeat","background-position":"center center","background-size":"auto","background-attachment":"scroll","background-type":"","background-media":"","overlay-type":"","overlay-color":"","overlay-opacity":"","overlay-gradient":""},"mobile":{"background-color":"var(--ast-global-color-5)","background-image":"","background-repeat":"repeat","background-position":"center center","background-size":"auto","background-attachment":"scroll","background-type":"","background-media":"","overlay-type":"","overlay-color":"","overlay-opacity":"","overlay-gradient":""}}},"product_brand":[],"product_cat":[24,65],"product_tag":[],"class_list":{"0":"post-76295","1":"product","2":"type-product","3":"status-publish","4":"has-post-thumbnail","6":"product_cat-kuchnia","7":"product_cat-sosjerki","8":"product_shipping_class-wysylka-19zl","9":"desktop-align-left","10":"tablet-align-left","11":"mobile-align-left","12":"ast-product-gallery-layout-vertical-slider","13":"ast-product-tabs-layout-horizontal","14":"ast-qv-on-image","16":"first","17":"instock","18":"sold-individually","19":"shipping-taxable","20":"purchasable","21":"product-type-simple"},"_links":{"self":[{"href":"https:\/\/antart.com.pl\/en\/wp-json\/wp\/v2\/product\/76295","targetHints":{"allow":["GET"]}}],"collection":[{"href":"https:\/\/antart.com.pl\/en\/wp-json\/wp\/v2\/product"}],"about":[{"href":"https:\/\/antart.com.pl\/en\/wp-json\/wp\/v2\/types\/product"}],"wp:featuredmedia":[{"embeddable":true,"href":"https:\/\/antart.com.pl\/en\/wp-json\/wp\/v2\/media\/76300"}],"wp:attachment":[{"href":"https:\/\/antart.com.pl\/en\/wp-json\/wp\/v2\/media?parent=76295"}],"wp:term":[{"taxonomy":"product_brand","embeddable":true,"href":"https:\/\/antart.com.pl\/en\/wp-json\/wp\/v2\/product_brand?post=76295"},{"taxonomy":"product_cat","embeddable":true,"href":"https:\/\/antart.com.pl\/en\/wp-json\/wp\/v2\/product_cat?post=76295"},{"taxonomy":"product_tag","embeddable":true,"href":"https:\/\/antart.com.pl\/en\/wp-json\/wp\/v2\/product_tag?post=76295"}],"curies":[{"name":"wp","href":"https:\/\/api.w.org\/{rel}","templated":true}]}}