{"id":76386,"date":"2026-04-22T19:12:38","date_gmt":"2026-04-22T17:12:38","guid":{"rendered":"https:\/\/antart.com.pl\/?post_type=product&#038;p=76386"},"modified":"2026-04-22T19:12:39","modified_gmt":"2026-04-22T17:12:39","slug":"antique-victorian-balcony-chair","status":"publish","type":"product","link":"https:\/\/antart.com.pl\/en\/produkt\/krzeslo-antyczne-balkonowe-w-stylu-wiktorianskim\/","title":{"rendered":"Victorian style antique balcony chair"},"content":{"rendered":"<h4 style=\"text-align: center;\"><em><b>Victorian style antique balcony chair<\/b><\/em><\/h4>\n<h4 style=\"text-align: center;\"><em>A stylish vintage Victorian style chair known as a balcony chair. Made of dark coloured wood with an upholstered seat. The furniture has an elegant, classic look,. The chair is used but in good condition.<\/em><\/h4>\n<h4><em>Dimensions:<\/em><\/h4>\n<ul>\n<li>\n<h4><em>height: 87cm<\/em><\/h4>\n<\/li>\n<li>\n<h4><em>width: 46cm<\/em><\/h4>\n<\/li>\n<li>\n<h4><em>depth 40: cm<\/em><\/h4>\n<\/li>\n<li>\n<h4><em>height to seat: 44 cm<\/em><\/h4>\n<\/li>\n<li>\n<h4><em>seat depth: 36cm<\/em><\/h4>\n<\/li>\n<\/ul>\n<h4><\/h4>\n<h4 style=\"text-align: center;\"><em><b>****************************<\/b><\/em><\/h4>\n<h4 style=\"text-align: center;\"><em><b>The photos show the actual condition of the item.<\/b><\/em><\/h4>\n<h4><\/h4>\n<h4><em><b>NO. ART 10946<\/b><\/em><\/h4>","protected":false},"excerpt":{"rendered":"<p>Krzes\u0142o antyczne balkonowe w stylu wiktoria\u0144skim Stylowy, zabytkowy krzes\u0142o w stylu wiktoria\u0144skim zwane jako balkonowe. Wykonane z drewna w ciemnym kolorze, z tapicerowanym siedziskiem. Mebel ma elegancki, klasyczny wygl\u0105d,. Krzes\u0142o jest u\u017cywane, ale w dobrym stanie. Wymiary: wysoko\u015b\u0107: 87cm szeroko\u015b\u0107: 46cm g\u0142\u0119boko\u015b\u0107 40: cm wysoko\u015b\u0107 do siedziska: 44 cm g\u0142\u0119boko\u015b\u0107 siedziska: 36cm **************************** Zdj\u0119cia przedstawiaj\u0105 [&hellip;]<\/p>\n","protected":false},"featured_media":76341,"template":"","meta":{"_seopress_robots_primary_cat":"","_seopress_titles_title":"","_seopress_titles_desc":"","_seopress_robots_index":"","site-sidebar-layout":"default","site-content-layout":"","ast-site-content-layout":"default","site-content-style":"default","site-sidebar-style":"default","ast-global-header-display":"","ast-banner-title-visibility":"","ast-main-header-display":"","ast-hfb-above-header-display":"","ast-hfb-below-header-display":"","ast-hfb-mobile-header-display":"","site-post-title":"","ast-breadcrumbs-content":"","ast-featured-img":"","footer-sml-layout":"","ast-disable-related-posts":"","theme-transparent-header-meta":"default","adv-header-id-meta":"","stick-header-meta":"default","header-above-stick-meta":"","header-main-stick-meta":"","header-below-stick-meta":"","astra-migrate-meta-layouts":"set","ast-page-background-enabled":"default","ast-page-background-meta":{"desktop":{"background-color":"var(--ast-global-color-4)","background-image":"","background-repeat":"repeat","background-position":"center center","background-size":"auto","background-attachment":"scroll","background-type":"","background-media":"","overlay-type":"","overlay-color":"","overlay-opacity":"","overlay-gradient":""},"tablet":{"background-color":"","background-image":"","background-repeat":"repeat","background-position":"center center","background-size":"auto","background-attachment":"scroll","background-type":"","background-media":"","overlay-type":"","overlay-color":"","overlay-opacity":"","overlay-gradient":""},"mobile":{"background-color":"","background-image":"","background-repeat":"repeat","background-position":"center center","background-size":"auto","background-attachment":"scroll","background-type":"","background-media":"","overlay-type":"","overlay-color":"","overlay-opacity":"","overlay-gradient":""}},"ast-content-background-meta":{"desktop":{"background-color":"var(--ast-global-color-5)","background-image":"","background-repeat":"repeat","background-position":"center center","background-size":"auto","background-attachment":"scroll","background-type":"","background-media":"","overlay-type":"","overlay-color":"","overlay-opacity":"","overlay-gradient":""},"tablet":{"background-color":"var(--ast-global-color-5)","background-image":"","background-repeat":"repeat","background-position":"center center","background-size":"auto","background-attachment":"scroll","background-type":"","background-media":"","overlay-type":"","overlay-color":"","overlay-opacity":"","overlay-gradient":""},"mobile":{"background-color":"var(--ast-global-color-5)","background-image":"","background-repeat":"repeat","background-position":"center center","background-size":"auto","background-attachment":"scroll","background-type":"","background-media":"","overlay-type":"","overlay-color":"","overlay-opacity":"","overlay-gradient":""}}},"product_brand":[],"product_cat":[36,32],"product_tag":[],"class_list":{"0":"post-76386","1":"product","2":"type-product","3":"status-publish","4":"has-post-thumbnail","6":"product_cat-krzesla-taborety","7":"product_cat-meble","8":"product_shipping_class-wysylka-80zl","9":"desktop-align-left","10":"tablet-align-left","11":"mobile-align-left","12":"ast-product-gallery-layout-vertical-slider","13":"ast-product-tabs-layout-horizontal","14":"ast-qv-on-image","16":"first","17":"instock","18":"sold-individually","19":"shipping-taxable","20":"purchasable","21":"product-type-simple"},"_links":{"self":[{"href":"https:\/\/antart.com.pl\/en\/wp-json\/wp\/v2\/product\/76386","targetHints":{"allow":["GET"]}}],"collection":[{"href":"https:\/\/antart.com.pl\/en\/wp-json\/wp\/v2\/product"}],"about":[{"href":"https:\/\/antart.com.pl\/en\/wp-json\/wp\/v2\/types\/product"}],"wp:featuredmedia":[{"embeddable":true,"href":"https:\/\/antart.com.pl\/en\/wp-json\/wp\/v2\/media\/76341"}],"wp:attachment":[{"href":"https:\/\/antart.com.pl\/en\/wp-json\/wp\/v2\/media?parent=76386"}],"wp:term":[{"taxonomy":"product_brand","embeddable":true,"href":"https:\/\/antart.com.pl\/en\/wp-json\/wp\/v2\/product_brand?post=76386"},{"taxonomy":"product_cat","embeddable":true,"href":"https:\/\/antart.com.pl\/en\/wp-json\/wp\/v2\/product_cat?post=76386"},{"taxonomy":"product_tag","embeddable":true,"href":"https:\/\/antart.com.pl\/en\/wp-json\/wp\/v2\/product_tag?post=76386"}],"curies":[{"name":"wp","href":"https:\/\/api.w.org\/{rel}","templated":true}]}}