{"id":76395,"date":"2026-04-22T19:55:18","date_gmt":"2026-04-22T17:55:18","guid":{"rendered":"https:\/\/antart.com.pl\/?post_type=product&#038;p=76395"},"modified":"2026-04-22T19:55:19","modified_gmt":"2026-04-22T17:55:19","slug":"gustawian-chair-in-mahogany-on-springs-from-the-1960s-and-1970s","status":"publish","type":"product","link":"https:\/\/antart.com.pl\/en\/produkt\/krzeslo-gustawianskie-w-mahoniu-na-sprezynach-z-lat-60-70-tych\/","title":{"rendered":"Gustavian chair in mahogany on springs from the 1960s\/70s"},"content":{"rendered":"<h4 style=\"text-align: center;\"><em><strong>Gustavian chair in mahogany on springs from the 1960s\/70s<\/strong><\/em><\/h4>\n<h4 style=\"text-align: center;\"><em><strong>A stylish Gustavian style armchair, made of mahogany wood. The chair has been fitted with springs for comfortable use. The furniture dates from the 1960s or 1970s and is in good condition.<\/strong><\/em><\/h4>\n<h4 style=\"text-align: center;\"><em><strong>I have 4 pieces for sale.<\/strong><\/em><\/h4>\n<h4 style=\"text-align: center;\"><em><strong>The price is for 1 piece.<\/strong><\/em><\/h4>\n<h4><em><strong>Dimensions:<\/strong><\/em><\/h4>\n<h4><em><strong>height: 97cm<\/strong><\/em><br \/>\n<em><strong>Width: 51cm<\/strong><\/em><br \/>\n<em><strong>depth: 47 cm<\/strong><\/em><br \/>\n<em><strong>height to seat: 46 cm<\/strong><\/em><br \/>\n<em><strong>seat depth: 46cm<\/strong><\/em><\/h4>\n<h4 style=\"text-align: center;\"><em><strong>****************************<\/strong><\/em><\/h4>\n<h4 style=\"text-align: center;\"><em><strong>The photos show the actual condition of the item.<\/strong><\/em><\/h4>\n<h4><em><strong>NO. ART 10943<\/strong><\/em><\/h4>","protected":false},"excerpt":{"rendered":"<p>Krzes\u0142o gustawia\u0144skie w mahoniu na spr\u0119\u017cynach z lat 60\/70-tych Stylowy fotel w stylu gustawia\u0144skim, wykonany z drewna mahoniowego. Krzes\u0142o zosta\u0142o wyposa\u017cone w spr\u0119\u017cyny, co zapewnia wygod\u0119 u\u017cytkowania. Mebel pochodzi z lat 60. lub 70. ubieg\u0142ego wieku i jest w dobrym stanie. Posiadam na sprzeda\u017c 4 sztuki. Cena dotyczy 1 sztuki. Wymiary: wysoko\u015b\u0107: 97cm szeroko\u015b\u0107: 51cm [&hellip;]<\/p>\n","protected":false},"featured_media":76403,"template":"","meta":{"_seopress_robots_primary_cat":"","_seopress_titles_title":"","_seopress_titles_desc":"","_seopress_robots_index":"","site-sidebar-layout":"default","site-content-layout":"","ast-site-content-layout":"default","site-content-style":"default","site-sidebar-style":"default","ast-global-header-display":"","ast-banner-title-visibility":"","ast-main-header-display":"","ast-hfb-above-header-display":"","ast-hfb-below-header-display":"","ast-hfb-mobile-header-display":"","site-post-title":"","ast-breadcrumbs-content":"","ast-featured-img":"","footer-sml-layout":"","ast-disable-related-posts":"","theme-transparent-header-meta":"default","adv-header-id-meta":"","stick-header-meta":"default","header-above-stick-meta":"","header-main-stick-meta":"","header-below-stick-meta":"","astra-migrate-meta-layouts":"set","ast-page-background-enabled":"default","ast-page-background-meta":{"desktop":{"background-color":"var(--ast-global-color-4)","background-image":"","background-repeat":"repeat","background-position":"center center","background-size":"auto","background-attachment":"scroll","background-type":"","background-media":"","overlay-type":"","overlay-color":"","overlay-opacity":"","overlay-gradient":""},"tablet":{"background-color":"","background-image":"","background-repeat":"repeat","background-position":"center center","background-size":"auto","background-attachment":"scroll","background-type":"","background-media":"","overlay-type":"","overlay-color":"","overlay-opacity":"","overlay-gradient":""},"mobile":{"background-color":"","background-image":"","background-repeat":"repeat","background-position":"center center","background-size":"auto","background-attachment":"scroll","background-type":"","background-media":"","overlay-type":"","overlay-color":"","overlay-opacity":"","overlay-gradient":""}},"ast-content-background-meta":{"desktop":{"background-color":"var(--ast-global-color-5)","background-image":"","background-repeat":"repeat","background-position":"center center","background-size":"auto","background-attachment":"scroll","background-type":"","background-media":"","overlay-type":"","overlay-color":"","overlay-opacity":"","overlay-gradient":""},"tablet":{"background-color":"var(--ast-global-color-5)","background-image":"","background-repeat":"repeat","background-position":"center center","background-size":"auto","background-attachment":"scroll","background-type":"","background-media":"","overlay-type":"","overlay-color":"","overlay-opacity":"","overlay-gradient":""},"mobile":{"background-color":"var(--ast-global-color-5)","background-image":"","background-repeat":"repeat","background-position":"center center","background-size":"auto","background-attachment":"scroll","background-type":"","background-media":"","overlay-type":"","overlay-color":"","overlay-opacity":"","overlay-gradient":""}}},"product_brand":[],"product_cat":[36,32],"product_tag":[],"class_list":{"0":"post-76395","1":"product","2":"type-product","3":"status-publish","4":"has-post-thumbnail","6":"product_cat-krzesla-taborety","7":"product_cat-meble","8":"product_shipping_class-wysylka-80zl","9":"desktop-align-left","10":"tablet-align-left","11":"mobile-align-left","12":"ast-product-gallery-layout-vertical-slider","13":"ast-product-tabs-layout-horizontal","14":"ast-qv-on-image","16":"first","17":"instock","18":"shipping-taxable","19":"purchasable","20":"product-type-simple"},"_links":{"self":[{"href":"https:\/\/antart.com.pl\/en\/wp-json\/wp\/v2\/product\/76395","targetHints":{"allow":["GET"]}}],"collection":[{"href":"https:\/\/antart.com.pl\/en\/wp-json\/wp\/v2\/product"}],"about":[{"href":"https:\/\/antart.com.pl\/en\/wp-json\/wp\/v2\/types\/product"}],"wp:featuredmedia":[{"embeddable":true,"href":"https:\/\/antart.com.pl\/en\/wp-json\/wp\/v2\/media\/76403"}],"wp:attachment":[{"href":"https:\/\/antart.com.pl\/en\/wp-json\/wp\/v2\/media?parent=76395"}],"wp:term":[{"taxonomy":"product_brand","embeddable":true,"href":"https:\/\/antart.com.pl\/en\/wp-json\/wp\/v2\/product_brand?post=76395"},{"taxonomy":"product_cat","embeddable":true,"href":"https:\/\/antart.com.pl\/en\/wp-json\/wp\/v2\/product_cat?post=76395"},{"taxonomy":"product_tag","embeddable":true,"href":"https:\/\/antart.com.pl\/en\/wp-json\/wp\/v2\/product_tag?post=76395"}],"curies":[{"name":"wp","href":"https:\/\/api.w.org\/{rel}","templated":true}]}}