{"id":76439,"date":"2026-04-22T20:28:00","date_gmt":"2026-04-22T18:28:00","guid":{"rendered":"https:\/\/antart.com.pl\/?post_type=product&#038;p=76439"},"modified":"2026-04-22T20:28:02","modified_gmt":"2026-04-22T18:28:02","slug":"oil-painting-sea-bass-on-water-vintage","status":"publish","type":"product","link":"https:\/\/antart.com.pl\/en\/produkt\/obraz-olejowy-labedzie-na-wodzie-vintage\/","title":{"rendered":"Oil painting swans on water vintage"},"content":{"rendered":"<h4 style=\"text-align: center;\"><strong><em>Oil painting swans on water vintage<\/em><\/strong><\/h4>\n<h4 style=\"text-align: center;\"><strong><em>A beautiful, stylish oil painting painted on panel depicting two swans floating on water. The painting has a unique, vintage feel that will perfectly complement your interior design. The gold-coloured frame adds to the elegance of the whole. A work of art that will please the eye and the soul.<\/em><\/strong><\/h4>\n<h4><strong><em>Dimensions<\/em><\/strong><\/h4>\n<ul>\n<li>\n<h4><strong><em>width: 38.5cm<\/em><\/strong><\/h4>\n<\/li>\n<li>\n<h4><strong><em>height: 38.5cm<\/em><\/strong><\/h4>\n<\/li>\n<\/ul>\n<h4><\/h4>\n<h4 style=\"text-align: center;\"><strong><em>The photos show the actual condition of the item.<\/em><\/strong><\/h4>\n<h4><\/h4>\n<h4><strong><em>NO. ART 10941<\/em><\/strong><\/h4>","protected":false},"excerpt":{"rendered":"<p>Obraz olejowy \u0142ab\u0119dzie na wodzie vintage Pi\u0119kny, stylowy obraz olejny malowany na p\u0142ycie przedstawiaj\u0105cy dwa \u0142ab\u0119dzie p\u0142ywaj\u0105ce na wodzie. Obraz ma unikatowy, vintage&#8217;owy charakter, kt\u00f3ry doskonale uzupe\u0142ni aran\u017cacj\u0119 wn\u0119trza. Ramka w z\u0142otym kolorze dodaje elegancji ca\u0142o\u015bci. Dzie\u0142o sztuki, kt\u00f3re b\u0119dzie cieszy\u0107 oko i dusz\u0119. Wymiary szeroko\u015b\u0107: 38,5cm wysoko\u015b\u0107: 38,5cm Zdj\u0119cia przedstawiaj\u0105 stan faktyczny przedmiotu. NR. [&hellip;]<\/p>\n","protected":false},"featured_media":76415,"template":"","meta":{"_seopress_robots_primary_cat":"","_seopress_titles_title":"","_seopress_titles_desc":"","_seopress_robots_index":"","site-sidebar-layout":"default","site-content-layout":"","ast-site-content-layout":"default","site-content-style":"default","site-sidebar-style":"default","ast-global-header-display":"","ast-banner-title-visibility":"","ast-main-header-display":"","ast-hfb-above-header-display":"","ast-hfb-below-header-display":"","ast-hfb-mobile-header-display":"","site-post-title":"","ast-breadcrumbs-content":"","ast-featured-img":"","footer-sml-layout":"","ast-disable-related-posts":"","theme-transparent-header-meta":"default","adv-header-id-meta":"","stick-header-meta":"default","header-above-stick-meta":"","header-main-stick-meta":"","header-below-stick-meta":"","astra-migrate-meta-layouts":"set","ast-page-background-enabled":"default","ast-page-background-meta":{"desktop":{"background-color":"var(--ast-global-color-4)","background-image":"","background-repeat":"repeat","background-position":"center center","background-size":"auto","background-attachment":"scroll","background-type":"","background-media":"","overlay-type":"","overlay-color":"","overlay-opacity":"","overlay-gradient":""},"tablet":{"background-color":"","background-image":"","background-repeat":"repeat","background-position":"center center","background-size":"auto","background-attachment":"scroll","background-type":"","background-media":"","overlay-type":"","overlay-color":"","overlay-opacity":"","overlay-gradient":""},"mobile":{"background-color":"","background-image":"","background-repeat":"repeat","background-position":"center center","background-size":"auto","background-attachment":"scroll","background-type":"","background-media":"","overlay-type":"","overlay-color":"","overlay-opacity":"","overlay-gradient":""}},"ast-content-background-meta":{"desktop":{"background-color":"var(--ast-global-color-5)","background-image":"","background-repeat":"repeat","background-position":"center center","background-size":"auto","background-attachment":"scroll","background-type":"","background-media":"","overlay-type":"","overlay-color":"","overlay-opacity":"","overlay-gradient":""},"tablet":{"background-color":"var(--ast-global-color-5)","background-image":"","background-repeat":"repeat","background-position":"center center","background-size":"auto","background-attachment":"scroll","background-type":"","background-media":"","overlay-type":"","overlay-color":"","overlay-opacity":"","overlay-gradient":""},"mobile":{"background-color":"var(--ast-global-color-5)","background-image":"","background-repeat":"repeat","background-position":"center center","background-size":"auto","background-attachment":"scroll","background-type":"","background-media":"","overlay-type":"","overlay-color":"","overlay-opacity":"","overlay-gradient":""}}},"product_brand":[],"product_cat":[77,335],"product_tag":[],"class_list":{"0":"post-76439","1":"product","2":"type-product","3":"status-publish","4":"has-post-thumbnail","6":"product_cat-antykwariat","7":"product_cat-obrazy-antykwariat","8":"product_shipping_class-wysylka-60zl","9":"desktop-align-left","10":"tablet-align-left","11":"mobile-align-left","12":"ast-product-gallery-layout-vertical-slider","13":"ast-product-tabs-layout-horizontal","14":"ast-qv-on-image","16":"first","17":"instock","18":"sold-individually","19":"shipping-taxable","20":"purchasable","21":"product-type-simple"},"_links":{"self":[{"href":"https:\/\/antart.com.pl\/en\/wp-json\/wp\/v2\/product\/76439","targetHints":{"allow":["GET"]}}],"collection":[{"href":"https:\/\/antart.com.pl\/en\/wp-json\/wp\/v2\/product"}],"about":[{"href":"https:\/\/antart.com.pl\/en\/wp-json\/wp\/v2\/types\/product"}],"wp:featuredmedia":[{"embeddable":true,"href":"https:\/\/antart.com.pl\/en\/wp-json\/wp\/v2\/media\/76415"}],"wp:attachment":[{"href":"https:\/\/antart.com.pl\/en\/wp-json\/wp\/v2\/media?parent=76439"}],"wp:term":[{"taxonomy":"product_brand","embeddable":true,"href":"https:\/\/antart.com.pl\/en\/wp-json\/wp\/v2\/product_brand?post=76439"},{"taxonomy":"product_cat","embeddable":true,"href":"https:\/\/antart.com.pl\/en\/wp-json\/wp\/v2\/product_cat?post=76439"},{"taxonomy":"product_tag","embeddable":true,"href":"https:\/\/antart.com.pl\/en\/wp-json\/wp\/v2\/product_tag?post=76439"}],"curies":[{"name":"wp","href":"https:\/\/api.w.org\/{rel}","templated":true}]}}