{"id":76702,"date":"2026-04-23T10:11:41","date_gmt":"2026-04-23T08:11:41","guid":{"rendered":"https:\/\/antart.com.pl\/?post_type=product&#038;p=76702"},"modified":"2026-04-23T10:11:43","modified_gmt":"2026-04-23T08:11:43","slug":"fotel-wloski-z-litego-drewna-bukowego-kolekcja-treviso","status":"publish","type":"product","link":"https:\/\/antart.com.pl\/en\/produkt\/fotel-wloski-z-litego-drewna-bukowego-kolekcja-treviso\/","title":{"rendered":"Italian armchair in solid beech wood Treviso collection"},"content":{"rendered":"<h4 style=\"text-align: center;\"><em><strong>Italian armchair in solid beech wood Treviso collection<\/strong><\/em><\/h4>\n<h4 style=\"text-align: center;\"><em><strong>Eleganckie, stylowe krzes\u0142o z kolekcji Treviso wykonane z litego drewna bukowego. Krzes\u0142o ma wygodne, tapicerowane siedzisko i oparcie, kt\u00f3re zapewniaj\u0105 komfort u\u017cytkowania. Solidna konstrukcja i klasyczny design sprawi\u0105, \u017ce b\u0119dzie ono pi\u0119kn\u0105 ozdob\u0105 ka\u017cdego wn\u0119trza.<\/strong><\/em><\/h4>\n<h4><em><strong>Dimensions:<\/strong><\/em><\/h4>\n<ul>\n<li>\n<h4><em><strong>height: 97 cm<\/strong><\/em><\/h4>\n<\/li>\n<li>\n<h4><em><strong>szeroko\u015b\u0107:55 cm<\/strong><\/em><\/h4>\n<\/li>\n<li>\n<h4><em><strong>depth: 50 cm<\/strong><\/em><\/h4>\n<\/li>\n<li>\n<h4><em><strong>seat depth: 46cm<\/strong><\/em><\/h4>\n<\/li>\n<li>\n<h4><em><strong>height to seat: 46 cm<\/strong><\/em><\/h4>\n<\/li>\n<\/ul>\n<h4 style=\"text-align: center;\"><em><strong>The photos show the actual condition of the item.<\/strong><\/em><\/h4>\n<h4><em><strong>Art. nr. 10937<\/strong><\/em><\/h4>","protected":false},"excerpt":{"rendered":"<p>Fotel w\u0142oski z litego drewna bukowego kolekcja Treviso Eleganckie, stylowe krzes\u0142o z kolekcji Treviso wykonane z litego drewna bukowego. Krzes\u0142o ma wygodne, tapicerowane siedzisko i oparcie, kt\u00f3re zapewniaj\u0105 komfort u\u017cytkowania. Solidna konstrukcja i klasyczny design sprawi\u0105, \u017ce b\u0119dzie ono pi\u0119kn\u0105 ozdob\u0105 ka\u017cdego wn\u0119trza. Wymiary: wysoko\u015b\u0107: 97 cm szeroko\u015b\u0107:55 cm g\u0142\u0119boko\u015b\u0107:50 cm g\u0142\u0119boko\u015b\u0107 siedziska: 46cm wysoko\u015b\u0107 [&hellip;]<\/p>\n","protected":false},"featured_media":76725,"template":"","meta":{"_seopress_robots_primary_cat":"","_seopress_titles_title":"","_seopress_titles_desc":"","_seopress_robots_index":"","site-sidebar-layout":"default","site-content-layout":"","ast-site-content-layout":"default","site-content-style":"default","site-sidebar-style":"default","ast-global-header-display":"","ast-banner-title-visibility":"","ast-main-header-display":"","ast-hfb-above-header-display":"","ast-hfb-below-header-display":"","ast-hfb-mobile-header-display":"","site-post-title":"","ast-breadcrumbs-content":"","ast-featured-img":"","footer-sml-layout":"","ast-disable-related-posts":"","theme-transparent-header-meta":"default","adv-header-id-meta":"","stick-header-meta":"default","header-above-stick-meta":"","header-main-stick-meta":"","header-below-stick-meta":"","astra-migrate-meta-layouts":"set","ast-page-background-enabled":"default","ast-page-background-meta":{"desktop":{"background-color":"var(--ast-global-color-4)","background-image":"","background-repeat":"repeat","background-position":"center center","background-size":"auto","background-attachment":"scroll","background-type":"","background-media":"","overlay-type":"","overlay-color":"","overlay-opacity":"","overlay-gradient":""},"tablet":{"background-color":"","background-image":"","background-repeat":"repeat","background-position":"center center","background-size":"auto","background-attachment":"scroll","background-type":"","background-media":"","overlay-type":"","overlay-color":"","overlay-opacity":"","overlay-gradient":""},"mobile":{"background-color":"","background-image":"","background-repeat":"repeat","background-position":"center center","background-size":"auto","background-attachment":"scroll","background-type":"","background-media":"","overlay-type":"","overlay-color":"","overlay-opacity":"","overlay-gradient":""}},"ast-content-background-meta":{"desktop":{"background-color":"var(--ast-global-color-5)","background-image":"","background-repeat":"repeat","background-position":"center center","background-size":"auto","background-attachment":"scroll","background-type":"","background-media":"","overlay-type":"","overlay-color":"","overlay-opacity":"","overlay-gradient":""},"tablet":{"background-color":"var(--ast-global-color-5)","background-image":"","background-repeat":"repeat","background-position":"center center","background-size":"auto","background-attachment":"scroll","background-type":"","background-media":"","overlay-type":"","overlay-color":"","overlay-opacity":"","overlay-gradient":""},"mobile":{"background-color":"var(--ast-global-color-5)","background-image":"","background-repeat":"repeat","background-position":"center center","background-size":"auto","background-attachment":"scroll","background-type":"","background-media":"","overlay-type":"","overlay-color":"","overlay-opacity":"","overlay-gradient":""}}},"product_brand":[],"product_cat":[39,32],"product_tag":[],"class_list":{"0":"post-76702","1":"product","2":"type-product","3":"status-publish","4":"has-post-thumbnail","6":"product_cat-fotele-puf","7":"product_cat-meble","8":"product_shipping_class-wysylka-100zl","9":"desktop-align-left","10":"tablet-align-left","11":"mobile-align-left","12":"ast-product-gallery-layout-vertical-slider","13":"ast-product-tabs-layout-horizontal","14":"ast-qv-on-image","16":"first","17":"instock","18":"sold-individually","19":"shipping-taxable","20":"purchasable","21":"product-type-simple"},"_links":{"self":[{"href":"https:\/\/antart.com.pl\/en\/wp-json\/wp\/v2\/product\/76702","targetHints":{"allow":["GET"]}}],"collection":[{"href":"https:\/\/antart.com.pl\/en\/wp-json\/wp\/v2\/product"}],"about":[{"href":"https:\/\/antart.com.pl\/en\/wp-json\/wp\/v2\/types\/product"}],"wp:featuredmedia":[{"embeddable":true,"href":"https:\/\/antart.com.pl\/en\/wp-json\/wp\/v2\/media\/76725"}],"wp:attachment":[{"href":"https:\/\/antart.com.pl\/en\/wp-json\/wp\/v2\/media?parent=76702"}],"wp:term":[{"taxonomy":"product_brand","embeddable":true,"href":"https:\/\/antart.com.pl\/en\/wp-json\/wp\/v2\/product_brand?post=76702"},{"taxonomy":"product_cat","embeddable":true,"href":"https:\/\/antart.com.pl\/en\/wp-json\/wp\/v2\/product_cat?post=76702"},{"taxonomy":"product_tag","embeddable":true,"href":"https:\/\/antart.com.pl\/en\/wp-json\/wp\/v2\/product_tag?post=76702"}],"curies":[{"name":"wp","href":"https:\/\/api.w.org\/{rel}","templated":true}]}}