{"id":76705,"date":"2026-04-28T09:46:56","date_gmt":"2026-04-28T07:46:56","guid":{"rendered":"https:\/\/antart.com.pl\/?post_type=product&#038;p=76705"},"modified":"2026-04-23T09:52:49","modified_gmt":"2026-04-23T07:52:49","slug":"dzbanek-porcelanowy-hutschenreuther-maria-theresia","status":"publish","type":"product","link":"https:\/\/antart.com.pl\/en\/produkt\/dzbanek-porcelanowy-hutschenreuther-maria-theresia\/","title":{"rendered":"Hutschenreuther Maria Theresia porcelain jug"},"content":{"rendered":"<h4 style=\"text-align: center;\"><em><b>Dzbanek na herbat\u0119 wytw\u00f3rni Hutschenreuther z serii Maria Theresia, wykonany z wysokiej jako\u015bci bia\u0142ej porcelany. Dzbanek elegancki, posiada dekoracyjny uchwyt, wylewk\u0119 z ozdobnym reliefowym wzorem oraz dopasowan\u0105 pokryw\u0119 z dekoracyjnym uchwytem w kszta\u0142cie r\u00f3\u017cy, ozdobiony wzorem Weinlaub- li\u015bci winogron.<\/b><\/em><\/h4>\n<h4><\/h4>\n<h4><em><b>Dimensions<\/b><\/em><\/h4>\n<ul>\n<li>\n<h4><em><b>Height: 23cm.<\/b><\/em><\/h4>\n<\/li>\n<li>\n<h4><em><b>Width: 18cm.<\/b><\/em><\/h4>\n<\/li>\n<li>\n<h4><em><b>Top diameter: 8.5cm.<\/b><\/em><\/h4>\n<\/li>\n<li>\n<h4><em><b>Base diameter: 8.5cm.<\/b><\/em><\/h4>\n<\/li>\n<li>\n<h4><em><b>Volume: 1.2 litres.<\/b><\/em><\/h4>\n<\/li>\n<\/ul>\n<h4 style=\"text-align: center;\"><em><b>The photos show<\/b><b>are the facts of the case<\/b><\/em><\/h4>\n<h4 style=\"text-align: center;\"><em><b>Additional photos upon request<\/b><\/em><\/h4>\n<h4 style=\"text-align: center;\"><em><b>All our items on display are available in our warehouse.<\/b><\/em><\/h4>\n<h4 style=\"text-align: center;\"><em><b>Can be viewed by appointment.<\/b><\/em><\/h4>\n<h4><\/h4>\n<h4><em><b>Nr. 7536<\/b><\/em><\/h4>","protected":false},"excerpt":{"rendered":"<p>Dzbanek na herbat\u0119 wytw\u00f3rni Hutschenreuther z serii Maria Theresia, wykonany z wysokiej jako\u015bci bia\u0142ej porcelany. Dzbanek elegancki, posiada dekoracyjny uchwyt, wylewk\u0119 z ozdobnym reliefowym wzorem oraz dopasowan\u0105 pokryw\u0119 z dekoracyjnym uchwytem w kszta\u0142cie r\u00f3\u017cy, ozdobiony wzorem Weinlaub- li\u015bci winogron. Wymiary Wysoko\u015b\u0107: 23cm. Szeroko\u015b\u0107: 18cm. \u015arednica g\u00f3rna: 8,5cm. \u015arednica podstawy: 8,5cm. Poj: 1,2l. Zdj\u0119cia przedstawiaj\u0105 stan [&hellip;]<\/p>\n","protected":false},"featured_media":76708,"template":"","meta":{"_seopress_robots_primary_cat":"","_seopress_titles_title":"","_seopress_titles_desc":"","_seopress_robots_index":"","site-sidebar-layout":"default","site-content-layout":"","ast-site-content-layout":"default","site-content-style":"default","site-sidebar-style":"default","ast-global-header-display":"","ast-banner-title-visibility":"","ast-main-header-display":"","ast-hfb-above-header-display":"","ast-hfb-below-header-display":"","ast-hfb-mobile-header-display":"","site-post-title":"","ast-breadcrumbs-content":"","ast-featured-img":"","footer-sml-layout":"","ast-disable-related-posts":"","theme-transparent-header-meta":"default","adv-header-id-meta":"","stick-header-meta":"default","header-above-stick-meta":"","header-main-stick-meta":"","header-below-stick-meta":"","astra-migrate-meta-layouts":"set","ast-page-background-enabled":"default","ast-page-background-meta":{"desktop":{"background-color":"var(--ast-global-color-4)","background-image":"","background-repeat":"repeat","background-position":"center center","background-size":"auto","background-attachment":"scroll","background-type":"","background-media":"","overlay-type":"","overlay-color":"","overlay-opacity":"","overlay-gradient":""},"tablet":{"background-color":"","background-image":"","background-repeat":"repeat","background-position":"center center","background-size":"auto","background-attachment":"scroll","background-type":"","background-media":"","overlay-type":"","overlay-color":"","overlay-opacity":"","overlay-gradient":""},"mobile":{"background-color":"","background-image":"","background-repeat":"repeat","background-position":"center center","background-size":"auto","background-attachment":"scroll","background-type":"","background-media":"","overlay-type":"","overlay-color":"","overlay-opacity":"","overlay-gradient":""}},"ast-content-background-meta":{"desktop":{"background-color":"var(--ast-global-color-5)","background-image":"","background-repeat":"repeat","background-position":"center center","background-size":"auto","background-attachment":"scroll","background-type":"","background-media":"","overlay-type":"","overlay-color":"","overlay-opacity":"","overlay-gradient":""},"tablet":{"background-color":"var(--ast-global-color-5)","background-image":"","background-repeat":"repeat","background-position":"center center","background-size":"auto","background-attachment":"scroll","background-type":"","background-media":"","overlay-type":"","overlay-color":"","overlay-opacity":"","overlay-gradient":""},"mobile":{"background-color":"var(--ast-global-color-5)","background-image":"","background-repeat":"repeat","background-position":"center center","background-size":"auto","background-attachment":"scroll","background-type":"","background-media":"","overlay-type":"","overlay-color":"","overlay-opacity":"","overlay-gradient":""}}},"product_brand":[],"product_cat":[70,68,24],"product_tag":[],"class_list":{"0":"post-76705","1":"product","2":"type-product","3":"status-publish","4":"has-post-thumbnail","6":"product_cat-dzbanki","7":"product_cat-dzbanki-mleczniki-cukiernice","8":"product_cat-kuchnia","9":"product_shipping_class-wysylka-19zl","10":"desktop-align-left","11":"tablet-align-left","12":"mobile-align-left","13":"ast-product-gallery-layout-vertical-slider","14":"ast-product-tabs-layout-horizontal","15":"ast-qv-on-image","17":"first","18":"instock","19":"sold-individually","20":"shipping-taxable","21":"purchasable","22":"product-type-simple"},"_links":{"self":[{"href":"https:\/\/antart.com.pl\/en\/wp-json\/wp\/v2\/product\/76705","targetHints":{"allow":["GET"]}}],"collection":[{"href":"https:\/\/antart.com.pl\/en\/wp-json\/wp\/v2\/product"}],"about":[{"href":"https:\/\/antart.com.pl\/en\/wp-json\/wp\/v2\/types\/product"}],"wp:featuredmedia":[{"embeddable":true,"href":"https:\/\/antart.com.pl\/en\/wp-json\/wp\/v2\/media\/76708"}],"wp:attachment":[{"href":"https:\/\/antart.com.pl\/en\/wp-json\/wp\/v2\/media?parent=76705"}],"wp:term":[{"taxonomy":"product_brand","embeddable":true,"href":"https:\/\/antart.com.pl\/en\/wp-json\/wp\/v2\/product_brand?post=76705"},{"taxonomy":"product_cat","embeddable":true,"href":"https:\/\/antart.com.pl\/en\/wp-json\/wp\/v2\/product_cat?post=76705"},{"taxonomy":"product_tag","embeddable":true,"href":"https:\/\/antart.com.pl\/en\/wp-json\/wp\/v2\/product_tag?post=76705"}],"curies":[{"name":"wp","href":"https:\/\/api.w.org\/{rel}","templated":true}]}}