{"id":78122,"date":"2026-04-28T14:53:27","date_gmt":"2026-04-28T12:53:27","guid":{"rendered":"https:\/\/antart.com.pl\/?post_type=product&#038;p=78122"},"modified":"2026-04-28T14:53:29","modified_gmt":"2026-04-28T12:53:29","slug":"unikatowy-zwis-dunski-czerwony-z-opalonego-szkla-i-emaliowana-misa","status":"publish","type":"product","link":"https:\/\/antart.com.pl\/en\/produkt\/unikatowy-zwis-dunski-czerwony-z-opalonego-szkla-i-emaliowana-misa\/","title":{"rendered":"Unique Danish red overhang with opal glass and enamelled bowl"},"content":{"rendered":"<h4 style=\"text-align: center;\"><em><strong>Unique Danish red overhang with opal glass and enamelled bowl<\/strong><\/em><\/h4>\n<h4 style=\"text-align: center;\"><em><strong>Unikatowa du\u0144ska lampa w stylu mid century z czerwon\u0105 emaliowan\u0105 mis\u0105 i z opalonym szklanym kloszem.\u0105. Stylowy i funkcjonalny element wystroju wn\u0119trza.<\/strong><\/em><\/h4>\n<h4><em><strong>Dimensions:<\/strong><\/em><\/h4>\n<ul>\n<li>\n<h4><em><strong>diameter: 40 cm<\/strong><\/em><\/h4>\n<\/li>\n<li>\n<h4><em><strong>height: 20 cm<\/strong><\/em><\/h4>\n<\/li>\n<li>\n<h4><em><strong>cable length: 100 cm<\/strong><\/em><\/h4>\n<\/li>\n<\/ul>\n<h4 style=\"text-align: center;\"><em><strong>*********************************************<\/strong><\/em><\/h4>\n<h4 style=\"text-align: center;\"><em><strong>The photos show the actual condition of the item.<\/strong><\/em><\/h4>\n<h4><em><strong>Art. nr. 10910<\/strong><\/em><\/h4>","protected":false},"excerpt":{"rendered":"<p>Unikatowy zwis du\u0144ski czerwony z opalonego szk\u0142a i emaliowan\u0105 mis\u0105 Unikatowa du\u0144ska lampa w stylu mid century z czerwon\u0105 emaliowan\u0105 mis\u0105 i z opalonym szklanym kloszem.\u0105. Stylowy i funkcjonalny element wystroju wn\u0119trza. Wymiary: \u015brednica: 40 cm wysoko\u015b\u0107: 20 cm d\u0142ugo\u015b\u0107 przewodu: 100 cm ********************************************* Zdj\u0119cia przedstawiaj\u0105 stan faktyczny przedmiotu. Art. nr. 10910<\/p>","protected":false},"featured_media":78103,"template":"","meta":{"_seopress_robots_primary_cat":"","_seopress_titles_title":"","_seopress_titles_desc":"","_seopress_robots_index":"","site-sidebar-layout":"default","site-content-layout":"","ast-site-content-layout":"default","site-content-style":"default","site-sidebar-style":"default","ast-global-header-display":"","ast-banner-title-visibility":"","ast-main-header-display":"","ast-hfb-above-header-display":"","ast-hfb-below-header-display":"","ast-hfb-mobile-header-display":"","site-post-title":"","ast-breadcrumbs-content":"","ast-featured-img":"","footer-sml-layout":"","ast-disable-related-posts":"","theme-transparent-header-meta":"default","adv-header-id-meta":"","stick-header-meta":"default","header-above-stick-meta":"","header-main-stick-meta":"","header-below-stick-meta":"","astra-migrate-meta-layouts":"set","ast-page-background-enabled":"default","ast-page-background-meta":{"desktop":{"background-color":"var(--ast-global-color-4)","background-image":"","background-repeat":"repeat","background-position":"center center","background-size":"auto","background-attachment":"scroll","background-type":"","background-media":"","overlay-type":"","overlay-color":"","overlay-opacity":"","overlay-gradient":""},"tablet":{"background-color":"","background-image":"","background-repeat":"repeat","background-position":"center center","background-size":"auto","background-attachment":"scroll","background-type":"","background-media":"","overlay-type":"","overlay-color":"","overlay-opacity":"","overlay-gradient":""},"mobile":{"background-color":"","background-image":"","background-repeat":"repeat","background-position":"center center","background-size":"auto","background-attachment":"scroll","background-type":"","background-media":"","overlay-type":"","overlay-color":"","overlay-opacity":"","overlay-gradient":""}},"ast-content-background-meta":{"desktop":{"background-color":"var(--ast-global-color-5)","background-image":"","background-repeat":"repeat","background-position":"center center","background-size":"auto","background-attachment":"scroll","background-type":"","background-media":"","overlay-type":"","overlay-color":"","overlay-opacity":"","overlay-gradient":""},"tablet":{"background-color":"var(--ast-global-color-5)","background-image":"","background-repeat":"repeat","background-position":"center center","background-size":"auto","background-attachment":"scroll","background-type":"","background-media":"","overlay-type":"","overlay-color":"","overlay-opacity":"","overlay-gradient":""},"mobile":{"background-color":"var(--ast-global-color-5)","background-image":"","background-repeat":"repeat","background-position":"center center","background-size":"auto","background-attachment":"scroll","background-type":"","background-media":"","overlay-type":"","overlay-color":"","overlay-opacity":"","overlay-gradient":""}}},"product_brand":[],"product_cat":[42,30,325],"product_tag":[],"class_list":{"0":"post-78122","1":"product","2":"type-product","3":"status-publish","4":"has-post-thumbnail","6":"product_cat-lampy-sufitowe","7":"product_cat-oswietlenie","8":"product_cat-zyrandole","9":"product_shipping_class-wysylka-40zl","10":"desktop-align-left","11":"tablet-align-left","12":"mobile-align-left","13":"ast-product-gallery-layout-vertical-slider","14":"ast-product-tabs-layout-horizontal","15":"ast-qv-on-image","17":"first","18":"instock","19":"sold-individually","20":"shipping-taxable","21":"purchasable","22":"product-type-simple"},"_links":{"self":[{"href":"https:\/\/antart.com.pl\/en\/wp-json\/wp\/v2\/product\/78122","targetHints":{"allow":["GET"]}}],"collection":[{"href":"https:\/\/antart.com.pl\/en\/wp-json\/wp\/v2\/product"}],"about":[{"href":"https:\/\/antart.com.pl\/en\/wp-json\/wp\/v2\/types\/product"}],"wp:featuredmedia":[{"embeddable":true,"href":"https:\/\/antart.com.pl\/en\/wp-json\/wp\/v2\/media\/78103"}],"wp:attachment":[{"href":"https:\/\/antart.com.pl\/en\/wp-json\/wp\/v2\/media?parent=78122"}],"wp:term":[{"taxonomy":"product_brand","embeddable":true,"href":"https:\/\/antart.com.pl\/en\/wp-json\/wp\/v2\/product_brand?post=78122"},{"taxonomy":"product_cat","embeddable":true,"href":"https:\/\/antart.com.pl\/en\/wp-json\/wp\/v2\/product_cat?post=78122"},{"taxonomy":"product_tag","embeddable":true,"href":"https:\/\/antart.com.pl\/en\/wp-json\/wp\/v2\/product_tag?post=78122"}],"curies":[{"name":"wp","href":"https:\/\/api.w.org\/{rel}","templated":true}]}}