{"id":78410,"date":"2026-05-03T10:38:49","date_gmt":"2026-05-03T08:38:49","guid":{"rendered":"https:\/\/antart.com.pl\/?post_type=product&#038;p=78410"},"modified":"2026-05-02T10:45:22","modified_gmt":"2026-05-02T08:45:22","slug":"mobilny-barek-mosiezny-platerowany-z-lat-70-80-tych","status":"publish","type":"product","link":"https:\/\/antart.com.pl\/en\/produkt\/mobilny-barek-mosiezny-platerowany-z-lat-70-80-tych\/","title":{"rendered":"Mobilny barek mosi\u0119\u017cny platerowany z lat 70\/80-tych"},"content":{"rendered":"<h4 style=\"text-align: center;\"><strong><em>Mobilny barek mosi\u0119\u017cny platerowany z lat 70\/80-tych<\/em><\/strong><\/h4>\n<h4 style=\"text-align: center;\"><strong><em>Stylowy, platerowany mosi\u0105dzem, mobilny stolik barowy z lat 70.\/80. Blat ze szk\u0142a hartowanego, nogi z metalu. Idealny do aran\u017cacji retro lub vintage. Praktyczny i funkcjonalny mebel, kt\u00f3ry doda charakteru ka\u017cdemu wn\u0119trzu<\/em><\/strong><\/h4>\n<h4><strong><em>Dimensions:<\/em><\/strong><\/h4>\n<ul>\n<li>\n<h4><strong><em>wysoko\u015b\u0107:60cm<\/em><\/strong><\/h4>\n<\/li>\n<li>\n<h4><strong><em>length: 68cm<\/em><\/strong><\/h4>\n<\/li>\n<li>\n<h4><strong><em>width: 47cm<\/em><\/strong><\/h4>\n<\/li>\n<\/ul>\n<h4 style=\"text-align: center;\"><strong><em>*******************************************************<\/em><\/strong><\/h4>\n<h4 style=\"text-align: center;\"><strong><em>The photos show the actual condition of the item.<\/em><\/strong><\/h4>\n<h4><strong><em>NR. ART 10860<\/em><\/strong><\/h4>","protected":false},"excerpt":{"rendered":"<p>Mobilny barek mosi\u0119\u017cny platerowany z lat 70\/80-tych Stylowy, platerowany mosi\u0105dzem, mobilny stolik barowy z lat 70.\/80. Blat ze szk\u0142a hartowanego, nogi z metalu. Idealny do aran\u017cacji retro lub vintage. Praktyczny i funkcjonalny mebel, kt\u00f3ry doda charakteru ka\u017cdemu wn\u0119trzu Wymiary: wysoko\u015b\u0107:60cm d\u0142ugo\u015b\u0107: 68cm szeroko\u015b\u0107: 47cm ******************************************************* Zdj\u0119cia przedstawiaj\u0105 stan faktyczny przedmiotu. NR. ART 10860<\/p>","protected":false},"featured_media":78389,"template":"","meta":{"_seopress_robots_primary_cat":"","_seopress_titles_title":"","_seopress_titles_desc":"","_seopress_robots_index":"","site-sidebar-layout":"default","site-content-layout":"","ast-site-content-layout":"default","site-content-style":"default","site-sidebar-style":"default","ast-global-header-display":"","ast-banner-title-visibility":"","ast-main-header-display":"","ast-hfb-above-header-display":"","ast-hfb-below-header-display":"","ast-hfb-mobile-header-display":"","site-post-title":"","ast-breadcrumbs-content":"","ast-featured-img":"","footer-sml-layout":"","ast-disable-related-posts":"","theme-transparent-header-meta":"default","adv-header-id-meta":"","stick-header-meta":"default","header-above-stick-meta":"","header-main-stick-meta":"","header-below-stick-meta":"","astra-migrate-meta-layouts":"set","ast-page-background-enabled":"default","ast-page-background-meta":{"desktop":{"background-color":"var(--ast-global-color-4)","background-image":"","background-repeat":"repeat","background-position":"center center","background-size":"auto","background-attachment":"scroll","background-type":"","background-media":"","overlay-type":"","overlay-color":"","overlay-opacity":"","overlay-gradient":""},"tablet":{"background-color":"","background-image":"","background-repeat":"repeat","background-position":"center center","background-size":"auto","background-attachment":"scroll","background-type":"","background-media":"","overlay-type":"","overlay-color":"","overlay-opacity":"","overlay-gradient":""},"mobile":{"background-color":"","background-image":"","background-repeat":"repeat","background-position":"center center","background-size":"auto","background-attachment":"scroll","background-type":"","background-media":"","overlay-type":"","overlay-color":"","overlay-opacity":"","overlay-gradient":""}},"ast-content-background-meta":{"desktop":{"background-color":"var(--ast-global-color-5)","background-image":"","background-repeat":"repeat","background-position":"center center","background-size":"auto","background-attachment":"scroll","background-type":"","background-media":"","overlay-type":"","overlay-color":"","overlay-opacity":"","overlay-gradient":""},"tablet":{"background-color":"var(--ast-global-color-5)","background-image":"","background-repeat":"repeat","background-position":"center center","background-size":"auto","background-attachment":"scroll","background-type":"","background-media":"","overlay-type":"","overlay-color":"","overlay-opacity":"","overlay-gradient":""},"mobile":{"background-color":"var(--ast-global-color-5)","background-image":"","background-repeat":"repeat","background-position":"center center","background-size":"auto","background-attachment":"scroll","background-type":"","background-media":"","overlay-type":"","overlay-color":"","overlay-opacity":"","overlay-gradient":""}}},"product_brand":[],"product_cat":[32,41],"product_tag":[],"class_list":{"0":"post-78410","1":"product","2":"type-product","3":"status-publish","4":"has-post-thumbnail","6":"product_cat-meble","7":"product_cat-skrzynie-barki","8":"product_shipping_class-wysylka-40zl","9":"desktop-align-left","10":"tablet-align-left","11":"mobile-align-left","12":"ast-product-gallery-layout-vertical-slider","13":"ast-product-tabs-layout-horizontal","14":"ast-qv-on-image","16":"first","17":"instock","18":"sold-individually","19":"shipping-taxable","20":"purchasable","21":"product-type-simple"},"_links":{"self":[{"href":"https:\/\/antart.com.pl\/en\/wp-json\/wp\/v2\/product\/78410","targetHints":{"allow":["GET"]}}],"collection":[{"href":"https:\/\/antart.com.pl\/en\/wp-json\/wp\/v2\/product"}],"about":[{"href":"https:\/\/antart.com.pl\/en\/wp-json\/wp\/v2\/types\/product"}],"wp:featuredmedia":[{"embeddable":true,"href":"https:\/\/antart.com.pl\/en\/wp-json\/wp\/v2\/media\/78389"}],"wp:attachment":[{"href":"https:\/\/antart.com.pl\/en\/wp-json\/wp\/v2\/media?parent=78410"}],"wp:term":[{"taxonomy":"product_brand","embeddable":true,"href":"https:\/\/antart.com.pl\/en\/wp-json\/wp\/v2\/product_brand?post=78410"},{"taxonomy":"product_cat","embeddable":true,"href":"https:\/\/antart.com.pl\/en\/wp-json\/wp\/v2\/product_cat?post=78410"},{"taxonomy":"product_tag","embeddable":true,"href":"https:\/\/antart.com.pl\/en\/wp-json\/wp\/v2\/product_tag?post=78410"}],"curies":[{"name":"wp","href":"https:\/\/api.w.org\/{rel}","templated":true}]}}