{"id":78509,"date":"2026-05-04T13:00:00","date_gmt":"2026-05-04T11:00:00","guid":{"rendered":"https:\/\/antart.com.pl\/?post_type=product&#038;p=78509"},"modified":"2026-05-02T13:06:53","modified_gmt":"2026-05-02T11:06:53","slug":"skorzany-fotel-pikowany-w-stylu-chesterfielda","status":"publish","type":"product","link":"https:\/\/antart.com.pl\/en\/produkt\/skorzany-fotel-pikowany-w-stylu-chesterfielda\/","title":{"rendered":"Sk\u00f3rzany fotel pikowany w stylu Chesterfielda"},"content":{"rendered":"<h4 style=\"text-align: center;\"><strong><em>Sk\u00f3rzany fotel pikowany w stylu Chesterfielda<\/em><\/strong><\/h4>\n<h4 style=\"text-align: center;\"><strong><em>Stylowy, sk\u00f3rzany fotel w stylu chesterfield. Ma pikowan\u0105 tapicerk\u0119, charakterystyczne guziki i drewniane, ozdobne elementy. Fotel jest u\u017cywany, ale w dobrym stanie pomimo \u015blad\u00f3w u\u017cytkowania. Idealne pasuje jako dodatek do salonu lub gabinetu.<\/em><\/strong><\/h4>\n<h4><\/h4>\n<h4 style=\"text-align: center;\"><strong><em>I own 2 pieces.<\/em><\/strong><\/h4>\n<h4 style=\"text-align: center;\"><strong><em>The price is for 1 piece.<\/em><\/strong><\/h4>\n<h4><strong><em>Dimensions:<\/em><\/strong><\/h4>\n<ul>\n<li>\n<h4><strong><em>height: 90cm<\/em><\/strong><\/h4>\n<\/li>\n<li>\n<h4><strong><em>szeroko\u015b\u0107:80 cm<\/em><\/strong><\/h4>\n<\/li>\n<li>\n<h4><strong><em>g\u0142\u0119boko\u015b\u0107:80cm<\/em><\/strong><\/h4>\n<\/li>\n<li>\n<h4><strong><em>g\u0142\u0119boko\u015b\u0107 siedziska 50cm<\/em><\/strong><\/h4>\n<\/li>\n<li>\n<h4><strong><em>height to seat: 40 cm<\/em><\/strong><\/h4>\n<\/li>\n<li>\n<h4><strong><em>szeroko\u015b\u0107 siedziska: 45cm<\/em><\/strong><\/h4>\n<\/li>\n<\/ul>\n<h4 style=\"text-align: center;\"><strong><em>************************************<\/em><\/strong><\/h4>\n<h4 style=\"text-align: center;\"><strong><em>The photos show the actual condition of the item.<\/em><\/strong><\/h4>\n<h4><strong><em>Art. nr. 10855<\/em><\/strong><\/h4>","protected":false},"excerpt":{"rendered":"<p>Sk\u00f3rzany fotel pikowany w stylu Chesterfielda Stylowy, sk\u00f3rzany fotel w stylu chesterfield. Ma pikowan\u0105 tapicerk\u0119, charakterystyczne guziki i drewniane, ozdobne elementy. Fotel jest u\u017cywany, ale w dobrym stanie pomimo \u015blad\u00f3w u\u017cytkowania. Idealne pasuje jako dodatek do salonu lub gabinetu. Posiadam 2 sztuki. Cena dotyczy 1 sztuki. Wymiary: wysoko\u015b\u0107: 90cm szeroko\u015b\u0107:80 cm g\u0142\u0119boko\u015b\u0107:80cm g\u0142\u0119boko\u015b\u0107 siedziska 50cm [&hellip;]<\/p>\n","protected":false},"featured_media":78470,"template":"","meta":{"_seopress_robots_primary_cat":"","_seopress_titles_title":"","_seopress_titles_desc":"","_seopress_robots_index":"","site-sidebar-layout":"default","site-content-layout":"","ast-site-content-layout":"default","site-content-style":"default","site-sidebar-style":"default","ast-global-header-display":"","ast-banner-title-visibility":"","ast-main-header-display":"","ast-hfb-above-header-display":"","ast-hfb-below-header-display":"","ast-hfb-mobile-header-display":"","site-post-title":"","ast-breadcrumbs-content":"","ast-featured-img":"","footer-sml-layout":"","ast-disable-related-posts":"","theme-transparent-header-meta":"default","adv-header-id-meta":"","stick-header-meta":"default","header-above-stick-meta":"","header-main-stick-meta":"","header-below-stick-meta":"","astra-migrate-meta-layouts":"set","ast-page-background-enabled":"default","ast-page-background-meta":{"desktop":{"background-color":"var(--ast-global-color-4)","background-image":"","background-repeat":"repeat","background-position":"center center","background-size":"auto","background-attachment":"scroll","background-type":"","background-media":"","overlay-type":"","overlay-color":"","overlay-opacity":"","overlay-gradient":""},"tablet":{"background-color":"","background-image":"","background-repeat":"repeat","background-position":"center center","background-size":"auto","background-attachment":"scroll","background-type":"","background-media":"","overlay-type":"","overlay-color":"","overlay-opacity":"","overlay-gradient":""},"mobile":{"background-color":"","background-image":"","background-repeat":"repeat","background-position":"center center","background-size":"auto","background-attachment":"scroll","background-type":"","background-media":"","overlay-type":"","overlay-color":"","overlay-opacity":"","overlay-gradient":""}},"ast-content-background-meta":{"desktop":{"background-color":"var(--ast-global-color-5)","background-image":"","background-repeat":"repeat","background-position":"center center","background-size":"auto","background-attachment":"scroll","background-type":"","background-media":"","overlay-type":"","overlay-color":"","overlay-opacity":"","overlay-gradient":""},"tablet":{"background-color":"var(--ast-global-color-5)","background-image":"","background-repeat":"repeat","background-position":"center center","background-size":"auto","background-attachment":"scroll","background-type":"","background-media":"","overlay-type":"","overlay-color":"","overlay-opacity":"","overlay-gradient":""},"mobile":{"background-color":"var(--ast-global-color-5)","background-image":"","background-repeat":"repeat","background-position":"center center","background-size":"auto","background-attachment":"scroll","background-type":"","background-media":"","overlay-type":"","overlay-color":"","overlay-opacity":"","overlay-gradient":""}}},"product_brand":[],"product_cat":[39,32],"product_tag":[],"class_list":{"0":"post-78509","1":"product","2":"type-product","3":"status-publish","4":"has-post-thumbnail","6":"product_cat-fotele-puf","7":"product_cat-meble","8":"product_shipping_class-wysylka-po-uzgodnieniu","9":"desktop-align-left","10":"tablet-align-left","11":"mobile-align-left","12":"ast-product-gallery-layout-vertical-slider","13":"ast-product-tabs-layout-horizontal","14":"ast-qv-on-image","16":"first","17":"instock","18":"shipping-taxable","19":"purchasable","20":"product-type-simple"},"_links":{"self":[{"href":"https:\/\/antart.com.pl\/en\/wp-json\/wp\/v2\/product\/78509","targetHints":{"allow":["GET"]}}],"collection":[{"href":"https:\/\/antart.com.pl\/en\/wp-json\/wp\/v2\/product"}],"about":[{"href":"https:\/\/antart.com.pl\/en\/wp-json\/wp\/v2\/types\/product"}],"wp:featuredmedia":[{"embeddable":true,"href":"https:\/\/antart.com.pl\/en\/wp-json\/wp\/v2\/media\/78470"}],"wp:attachment":[{"href":"https:\/\/antart.com.pl\/en\/wp-json\/wp\/v2\/media?parent=78509"}],"wp:term":[{"taxonomy":"product_brand","embeddable":true,"href":"https:\/\/antart.com.pl\/en\/wp-json\/wp\/v2\/product_brand?post=78509"},{"taxonomy":"product_cat","embeddable":true,"href":"https:\/\/antart.com.pl\/en\/wp-json\/wp\/v2\/product_cat?post=78509"},{"taxonomy":"product_tag","embeddable":true,"href":"https:\/\/antart.com.pl\/en\/wp-json\/wp\/v2\/product_tag?post=78509"}],"curies":[{"name":"wp","href":"https:\/\/api.w.org\/{rel}","templated":true}]}}