{"id":78512,"date":"2026-05-04T13:11:55","date_gmt":"2026-05-04T11:11:55","guid":{"rendered":"https:\/\/antart.com.pl\/?post_type=product&#038;p=78512"},"modified":"2026-05-02T13:18:56","modified_gmt":"2026-05-02T11:18:56","slug":"antyczna-bielizniarka-rzezbiona-z-jasnego-debu","status":"publish","type":"product","link":"https:\/\/antart.com.pl\/en\/produkt\/antyczna-bielizniarka-rzezbiona-z-jasnego-debu\/","title":{"rendered":"Antyczna bieli\u017aniarka rze\u017abiona z jasnego d\u0119bu"},"content":{"rendered":"<h4 style=\"text-align: center;\"><strong><em>Antyczna bieli\u017aniarka rze\u017abiona z jasnego d\u0119bu<\/em><\/strong><\/h4>\n<h4 style=\"text-align: center;\"><strong><em>Unikatowa, r\u0119cznie rze\u017abiona w jasnym d\u0119bie szafka na bielizn\u0119 z dekoracyjnymi motywami kwiatowymi. Zabytkowy mebel o pi\u0119knej, rze\u017abionej dekoracji nadaje wn\u0119trzu elegancki i stylowy charakter.<\/em><\/strong><\/h4>\n<h4 style=\"text-align: center;\"><strong><em>Brak klucza.<\/em><\/strong><\/h4>\n<h4><strong><em>Dimensions:<\/em><\/strong><\/h4>\n<ul>\n<li>\n<h4><strong><em>wysoko\u015b\u0107: 169cm<\/em><\/strong><\/h4>\n<\/li>\n<li>\n<h4><strong><em>width: 83 cm<\/em><\/strong><\/h4>\n<\/li>\n<li>\n<h4><strong><em>depth: 46 cm<\/em><\/strong><\/h4>\n<\/li>\n<\/ul>\n<h4 style=\"text-align: center;\"><strong><em>*******************************<\/em><\/strong><\/h4>\n<h4 style=\"text-align: center;\"><strong><em>The photos show the actual condition of the item.<\/em><\/strong><\/h4>\n<h4><strong><em>NR. ART 10854<\/em><\/strong><\/h4>","protected":false},"excerpt":{"rendered":"<p>Antyczna bieli\u017aniarka rze\u017abiona z jasnego d\u0119bu Unikatowa, r\u0119cznie rze\u017abiona w jasnym d\u0119bie szafka na bielizn\u0119 z dekoracyjnymi motywami kwiatowymi. Zabytkowy mebel o pi\u0119knej, rze\u017abionej dekoracji nadaje wn\u0119trzu elegancki i stylowy charakter. Brak klucza. Wymiary: wysoko\u015b\u0107: 169cm szeroko\u015b\u0107: 83 cm g\u0142\u0119boko\u015b\u0107:46 cm ******************************* Zdj\u0119cia przedstawiaj\u0105 stan faktyczny przedmiotu. NR. ART 10854<\/p>","protected":false},"featured_media":78491,"template":"","meta":{"_seopress_robots_primary_cat":"none","_seopress_titles_title":"","_seopress_titles_desc":"","_seopress_robots_index":"","site-sidebar-layout":"default","site-content-layout":"","ast-site-content-layout":"default","site-content-style":"default","site-sidebar-style":"default","ast-global-header-display":"","ast-banner-title-visibility":"","ast-main-header-display":"","ast-hfb-above-header-display":"","ast-hfb-below-header-display":"","ast-hfb-mobile-header-display":"","site-post-title":"","ast-breadcrumbs-content":"","ast-featured-img":"","footer-sml-layout":"","ast-disable-related-posts":"","theme-transparent-header-meta":"default","adv-header-id-meta":"","stick-header-meta":"default","header-above-stick-meta":"","header-main-stick-meta":"","header-below-stick-meta":"","astra-migrate-meta-layouts":"set","ast-page-background-enabled":"default","ast-page-background-meta":{"desktop":{"background-color":"var(--ast-global-color-4)","background-image":"","background-repeat":"repeat","background-position":"center center","background-size":"auto","background-attachment":"scroll","background-type":"","background-media":"","overlay-type":"","overlay-color":"","overlay-opacity":"","overlay-gradient":""},"tablet":{"background-color":"","background-image":"","background-repeat":"repeat","background-position":"center center","background-size":"auto","background-attachment":"scroll","background-type":"","background-media":"","overlay-type":"","overlay-color":"","overlay-opacity":"","overlay-gradient":""},"mobile":{"background-color":"","background-image":"","background-repeat":"repeat","background-position":"center center","background-size":"auto","background-attachment":"scroll","background-type":"","background-media":"","overlay-type":"","overlay-color":"","overlay-opacity":"","overlay-gradient":""}},"ast-content-background-meta":{"desktop":{"background-color":"var(--ast-global-color-5)","background-image":"","background-repeat":"repeat","background-position":"center center","background-size":"auto","background-attachment":"scroll","background-type":"","background-media":"","overlay-type":"","overlay-color":"","overlay-opacity":"","overlay-gradient":""},"tablet":{"background-color":"var(--ast-global-color-5)","background-image":"","background-repeat":"repeat","background-position":"center center","background-size":"auto","background-attachment":"scroll","background-type":"","background-media":"","overlay-type":"","overlay-color":"","overlay-opacity":"","overlay-gradient":""},"mobile":{"background-color":"var(--ast-global-color-5)","background-image":"","background-repeat":"repeat","background-position":"center center","background-size":"auto","background-attachment":"scroll","background-type":"","background-media":"","overlay-type":"","overlay-color":"","overlay-opacity":"","overlay-gradient":""}}},"product_brand":[],"product_cat":[76,32],"product_tag":[],"class_list":{"0":"post-78512","1":"product","2":"type-product","3":"status-publish","4":"has-post-thumbnail","6":"product_cat-bielizniarka","7":"product_cat-meble","8":"product_shipping_class-wysylka-po-uzgodnieniu","9":"desktop-align-left","10":"tablet-align-left","11":"mobile-align-left","12":"ast-product-gallery-layout-vertical-slider","13":"ast-product-tabs-layout-horizontal","14":"ast-qv-on-image","16":"first","17":"instock","18":"sold-individually","19":"shipping-taxable","20":"purchasable","21":"product-type-simple"},"_links":{"self":[{"href":"https:\/\/antart.com.pl\/en\/wp-json\/wp\/v2\/product\/78512","targetHints":{"allow":["GET"]}}],"collection":[{"href":"https:\/\/antart.com.pl\/en\/wp-json\/wp\/v2\/product"}],"about":[{"href":"https:\/\/antart.com.pl\/en\/wp-json\/wp\/v2\/types\/product"}],"wp:featuredmedia":[{"embeddable":true,"href":"https:\/\/antart.com.pl\/en\/wp-json\/wp\/v2\/media\/78491"}],"wp:attachment":[{"href":"https:\/\/antart.com.pl\/en\/wp-json\/wp\/v2\/media?parent=78512"}],"wp:term":[{"taxonomy":"product_brand","embeddable":true,"href":"https:\/\/antart.com.pl\/en\/wp-json\/wp\/v2\/product_brand?post=78512"},{"taxonomy":"product_cat","embeddable":true,"href":"https:\/\/antart.com.pl\/en\/wp-json\/wp\/v2\/product_cat?post=78512"},{"taxonomy":"product_tag","embeddable":true,"href":"https:\/\/antart.com.pl\/en\/wp-json\/wp\/v2\/product_tag?post=78512"}],"curies":[{"name":"wp","href":"https:\/\/api.w.org\/{rel}","templated":true}]}}