{"id":78515,"date":"2026-05-04T13:23:11","date_gmt":"2026-05-04T11:23:11","guid":{"rendered":"https:\/\/antart.com.pl\/?post_type=product&#038;p=78515"},"modified":"2026-05-02T13:35:53","modified_gmt":"2026-05-02T11:35:53","slug":"antyczny-stol-z-konca-xix-wieku-w-orzechu-z-blatem-osmiokatnym","status":"publish","type":"product","link":"https:\/\/antart.com.pl\/en\/produkt\/antyczny-stol-z-konca-xix-wieku-w-orzechu-z-blatem-osmiokatnym\/","title":{"rendered":"Antyczny st\u00f3\u0142 z ko\u0144ca XIX wieku w orzechu z blatem o\u015bmiok\u0105tnym"},"content":{"rendered":"<h4 style=\"text-align: center;\"><strong><em>Antyczny st\u00f3\u0142 z ko\u0144ca XIX wieku w orzechu z blatem o\u015bmiok\u0105tnym<\/em><\/strong><\/h4>\n<h4 style=\"text-align: center;\"><strong><em>Stylowy, o\u015bmiok\u0105tny stolik kawowy z ko\u0144ca XIX wieku, prawdopodobnie z 1880r. Wykonany z drewna pokryty orzechem. Posiada pi\u0119kny, ozdobny blat oraz solidn\u0105, drewnian\u0105 rze\u017abion\u0105 konstrukcj\u0119. Mebel w dobrym stanie, idealny jako dodatek do klasycznego wn\u0119trza.<\/em><\/strong><\/h4>\n<h4><strong><em>Dimensions:<\/em><\/strong><\/h4>\n<ul>\n<li>\n<h4><strong><em>wysoko\u015b\u0107\u00a0 73 cm<\/em><\/strong><\/h4>\n<\/li>\n<li>\n<h4><strong><em>\u015arednica 89 cm<\/em><\/strong><\/h4>\n<\/li>\n<\/ul>\n<h4 style=\"text-align: center;\"><strong><em>********************************<\/em><\/strong><\/h4>\n<h4 style=\"text-align: center;\"><strong><em>The photos show the actual condition of the item.<\/em><\/strong><\/h4>\n<h4><strong><em>NR. ART 10853<\/em><\/strong><\/h4>","protected":false},"excerpt":{"rendered":"<p>Antyczny st\u00f3\u0142 z ko\u0144ca XIX wieku w orzechu z blatem o\u015bmiok\u0105tnym Stylowy, o\u015bmiok\u0105tny stolik kawowy z ko\u0144ca XIX wieku, prawdopodobnie z 1880r. Wykonany z drewna pokryty orzechem. Posiada pi\u0119kny, ozdobny blat oraz solidn\u0105, drewnian\u0105 rze\u017abion\u0105 konstrukcj\u0119. Mebel w dobrym stanie, idealny jako dodatek do klasycznego wn\u0119trza. Wymiary: wysoko\u015b\u0107\u00a0 73 cm \u015arednica 89 cm ******************************** Zdj\u0119cia [&hellip;]<\/p>\n","protected":false},"featured_media":78522,"template":"","meta":{"_seopress_robots_primary_cat":"","_seopress_titles_title":"","_seopress_titles_desc":"","_seopress_robots_index":"","site-sidebar-layout":"default","site-content-layout":"","ast-site-content-layout":"default","site-content-style":"default","site-sidebar-style":"default","ast-global-header-display":"","ast-banner-title-visibility":"","ast-main-header-display":"","ast-hfb-above-header-display":"","ast-hfb-below-header-display":"","ast-hfb-mobile-header-display":"","site-post-title":"","ast-breadcrumbs-content":"","ast-featured-img":"","footer-sml-layout":"","ast-disable-related-posts":"","theme-transparent-header-meta":"default","adv-header-id-meta":"","stick-header-meta":"default","header-above-stick-meta":"","header-main-stick-meta":"","header-below-stick-meta":"","astra-migrate-meta-layouts":"set","ast-page-background-enabled":"default","ast-page-background-meta":{"desktop":{"background-color":"var(--ast-global-color-4)","background-image":"","background-repeat":"repeat","background-position":"center center","background-size":"auto","background-attachment":"scroll","background-type":"","background-media":"","overlay-type":"","overlay-color":"","overlay-opacity":"","overlay-gradient":""},"tablet":{"background-color":"","background-image":"","background-repeat":"repeat","background-position":"center center","background-size":"auto","background-attachment":"scroll","background-type":"","background-media":"","overlay-type":"","overlay-color":"","overlay-opacity":"","overlay-gradient":""},"mobile":{"background-color":"","background-image":"","background-repeat":"repeat","background-position":"center center","background-size":"auto","background-attachment":"scroll","background-type":"","background-media":"","overlay-type":"","overlay-color":"","overlay-opacity":"","overlay-gradient":""}},"ast-content-background-meta":{"desktop":{"background-color":"var(--ast-global-color-5)","background-image":"","background-repeat":"repeat","background-position":"center center","background-size":"auto","background-attachment":"scroll","background-type":"","background-media":"","overlay-type":"","overlay-color":"","overlay-opacity":"","overlay-gradient":""},"tablet":{"background-color":"var(--ast-global-color-5)","background-image":"","background-repeat":"repeat","background-position":"center center","background-size":"auto","background-attachment":"scroll","background-type":"","background-media":"","overlay-type":"","overlay-color":"","overlay-opacity":"","overlay-gradient":""},"mobile":{"background-color":"var(--ast-global-color-5)","background-image":"","background-repeat":"repeat","background-position":"center center","background-size":"auto","background-attachment":"scroll","background-type":"","background-media":"","overlay-type":"","overlay-color":"","overlay-opacity":"","overlay-gradient":""}}},"product_brand":[],"product_cat":[32,33],"product_tag":[],"class_list":{"0":"post-78515","1":"product","2":"type-product","3":"status-publish","4":"has-post-thumbnail","6":"product_cat-meble","7":"product_cat-stoly-stoliki","8":"product_shipping_class-wysylka-po-uzgodnieniu","9":"desktop-align-left","10":"tablet-align-left","11":"mobile-align-left","12":"ast-product-gallery-layout-vertical-slider","13":"ast-product-tabs-layout-horizontal","14":"ast-qv-on-image","16":"first","17":"instock","18":"sold-individually","19":"shipping-taxable","20":"purchasable","21":"product-type-simple"},"_links":{"self":[{"href":"https:\/\/antart.com.pl\/en\/wp-json\/wp\/v2\/product\/78515","targetHints":{"allow":["GET"]}}],"collection":[{"href":"https:\/\/antart.com.pl\/en\/wp-json\/wp\/v2\/product"}],"about":[{"href":"https:\/\/antart.com.pl\/en\/wp-json\/wp\/v2\/types\/product"}],"wp:featuredmedia":[{"embeddable":true,"href":"https:\/\/antart.com.pl\/en\/wp-json\/wp\/v2\/media\/78522"}],"wp:attachment":[{"href":"https:\/\/antart.com.pl\/en\/wp-json\/wp\/v2\/media?parent=78515"}],"wp:term":[{"taxonomy":"product_brand","embeddable":true,"href":"https:\/\/antart.com.pl\/en\/wp-json\/wp\/v2\/product_brand?post=78515"},{"taxonomy":"product_cat","embeddable":true,"href":"https:\/\/antart.com.pl\/en\/wp-json\/wp\/v2\/product_cat?post=78515"},{"taxonomy":"product_tag","embeddable":true,"href":"https:\/\/antart.com.pl\/en\/wp-json\/wp\/v2\/product_tag?post=78515"}],"curies":[{"name":"wp","href":"https:\/\/api.w.org\/{rel}","templated":true}]}}