{"id":78570,"date":"2026-05-05T09:04:48","date_gmt":"2026-05-05T07:04:48","guid":{"rendered":"https:\/\/antart.com.pl\/?post_type=product&#038;p=78570"},"modified":"2026-05-03T09:20:55","modified_gmt":"2026-05-03T07:20:55","slug":"lustro-scienne-okragle-w-zloconej-ramie-2","status":"publish","type":"product","link":"https:\/\/antart.com.pl\/en\/produkt\/lustro-scienne-okragle-w-zloconej-ramie-2\/","title":{"rendered":"Lustro \u015bcienne okr\u0105g\u0142e w mosi\u0119\u017cnej ramie"},"content":{"rendered":"<h4 style=\"text-align: center;\"><strong><em>Lustro \u015bcienne okr\u0105g\u0142e w mosi\u0119\u017cnej ramie<\/em><\/strong><\/h4>\n<h4 style=\"text-align: center;\"><strong><em>Okr\u0105g\u0142e lustro \u015bcienne w<\/em><\/strong><\/h4>\n<h4 style=\"text-align: center;\"><strong><em>mosi\u0119\u017cnej <\/em><\/strong><strong><em>ramie. Lustro w dobrym stanie, mo\u017cna zawiesi\u0107 w pionie jak r\u00f3wnie\u017c w poziomie.<\/em><\/strong><\/h4>\n<h4 style=\"text-align: center;\"><strong><em>Ramka w stylu klasycznym, dodaje elegancji i charakteru.<\/em><\/strong><\/h4>\n<h4 style=\"text-align: center;\"><strong><em>Posiadam 2 lustra.<\/em><\/strong><\/h4>\n<h4 style=\"text-align: center;\"><strong><em>The price is for 1 piece.<\/em><\/strong><\/h4>\n<h4><strong><em>Dimensions<\/em><\/strong><\/h4>\n<ul>\n<li>\n<h4><strong><em>d\u0142ugo\u015b\u0107: 68,5 cm<\/em><\/strong><\/h4>\n<\/li>\n<li>\n<h4><strong><em>width: 45.5 cm<\/em><\/strong><\/h4>\n<\/li>\n<\/ul>\n<h4 style=\"text-align: center;\"><strong><em>********************************<\/em><\/strong><\/h4>\n<h4 style=\"text-align: center;\"><strong><em>The photos show the actual condition of the item.<\/em><\/strong><\/h4>\n<h4><strong><em>NR. ART 10852<\/em><\/strong><\/h4>","protected":false},"excerpt":{"rendered":"<p>Lustro \u015bcienne okr\u0105g\u0142e w mosi\u0119\u017cnej ramie Okr\u0105g\u0142e lustro \u015bcienne w mosi\u0119\u017cnej ramie. Lustro w dobrym stanie, mo\u017cna zawiesi\u0107 w pionie jak r\u00f3wnie\u017c w poziomie. Ramka w stylu klasycznym, dodaje elegancji i charakteru. Posiadam 2 lustra. Cena dotyczy 1 sztuki. Wymiary d\u0142ugo\u015b\u0107: 68,5 cm szeroko\u015b\u0107: 45,5 cm ******************************** Zdj\u0119cia przedstawiaj\u0105 stan faktyczny przedmiotu. NR. ART 10852<\/p>","protected":false},"featured_media":78541,"template":"","meta":{"_seopress_robots_primary_cat":"none","_seopress_titles_title":"","_seopress_titles_desc":"","_seopress_robots_index":"","site-sidebar-layout":"default","site-content-layout":"","ast-site-content-layout":"default","site-content-style":"default","site-sidebar-style":"default","ast-global-header-display":"","ast-banner-title-visibility":"","ast-main-header-display":"","ast-hfb-above-header-display":"","ast-hfb-below-header-display":"","ast-hfb-mobile-header-display":"","site-post-title":"","ast-breadcrumbs-content":"","ast-featured-img":"","footer-sml-layout":"","ast-disable-related-posts":"","theme-transparent-header-meta":"default","adv-header-id-meta":"","stick-header-meta":"default","header-above-stick-meta":"","header-main-stick-meta":"","header-below-stick-meta":"","astra-migrate-meta-layouts":"set","ast-page-background-enabled":"default","ast-page-background-meta":{"desktop":{"background-color":"var(--ast-global-color-4)","background-image":"","background-repeat":"repeat","background-position":"center center","background-size":"auto","background-attachment":"scroll","background-type":"","background-media":"","overlay-type":"","overlay-color":"","overlay-opacity":"","overlay-gradient":""},"tablet":{"background-color":"","background-image":"","background-repeat":"repeat","background-position":"center center","background-size":"auto","background-attachment":"scroll","background-type":"","background-media":"","overlay-type":"","overlay-color":"","overlay-opacity":"","overlay-gradient":""},"mobile":{"background-color":"","background-image":"","background-repeat":"repeat","background-position":"center center","background-size":"auto","background-attachment":"scroll","background-type":"","background-media":"","overlay-type":"","overlay-color":"","overlay-opacity":"","overlay-gradient":""}},"ast-content-background-meta":{"desktop":{"background-color":"var(--ast-global-color-5)","background-image":"","background-repeat":"repeat","background-position":"center center","background-size":"auto","background-attachment":"scroll","background-type":"","background-media":"","overlay-type":"","overlay-color":"","overlay-opacity":"","overlay-gradient":""},"tablet":{"background-color":"var(--ast-global-color-5)","background-image":"","background-repeat":"repeat","background-position":"center center","background-size":"auto","background-attachment":"scroll","background-type":"","background-media":"","overlay-type":"","overlay-color":"","overlay-opacity":"","overlay-gradient":""},"mobile":{"background-color":"var(--ast-global-color-5)","background-image":"","background-repeat":"repeat","background-position":"center center","background-size":"auto","background-attachment":"scroll","background-type":"","background-media":"","overlay-type":"","overlay-color":"","overlay-opacity":"","overlay-gradient":""}}},"product_brand":[],"product_cat":[27,84],"product_tag":[],"class_list":{"0":"post-78570","1":"product","2":"type-product","3":"status-publish","4":"has-post-thumbnail","6":"product_cat-dekoracyjne","7":"product_cat-lustra","8":"product_shipping_class-wysylka-80zl","9":"desktop-align-left","10":"tablet-align-left","11":"mobile-align-left","12":"ast-product-gallery-layout-vertical-slider","13":"ast-product-tabs-layout-horizontal","14":"ast-qv-on-image","16":"first","17":"instock","18":"shipping-taxable","19":"purchasable","20":"product-type-simple"},"_links":{"self":[{"href":"https:\/\/antart.com.pl\/en\/wp-json\/wp\/v2\/product\/78570","targetHints":{"allow":["GET"]}}],"collection":[{"href":"https:\/\/antart.com.pl\/en\/wp-json\/wp\/v2\/product"}],"about":[{"href":"https:\/\/antart.com.pl\/en\/wp-json\/wp\/v2\/types\/product"}],"wp:featuredmedia":[{"embeddable":true,"href":"https:\/\/antart.com.pl\/en\/wp-json\/wp\/v2\/media\/78541"}],"wp:attachment":[{"href":"https:\/\/antart.com.pl\/en\/wp-json\/wp\/v2\/media?parent=78570"}],"wp:term":[{"taxonomy":"product_brand","embeddable":true,"href":"https:\/\/antart.com.pl\/en\/wp-json\/wp\/v2\/product_brand?post=78570"},{"taxonomy":"product_cat","embeddable":true,"href":"https:\/\/antart.com.pl\/en\/wp-json\/wp\/v2\/product_cat?post=78570"},{"taxonomy":"product_tag","embeddable":true,"href":"https:\/\/antart.com.pl\/en\/wp-json\/wp\/v2\/product_tag?post=78570"}],"curies":[{"name":"wp","href":"https:\/\/api.w.org\/{rel}","templated":true}]}}