{"id":78581,"date":"2026-05-05T09:46:37","date_gmt":"2026-05-05T07:46:37","guid":{"rendered":"https:\/\/antart.com.pl\/?post_type=product&#038;p=78581"},"modified":"2026-05-03T10:02:26","modified_gmt":"2026-05-03T08:02:26","slug":"mobilny-barek-mosiadzowany-z-plyta-grzewcza-z-lat-70-tych","status":"publish","type":"product","link":"https:\/\/antart.com.pl\/en\/produkt\/mobilny-barek-mosiadzowany-z-plyta-grzewcza-z-lat-70-tych\/","title":{"rendered":"Mobilny barek mosi\u0105dzowany  z p\u0142yt\u0105 grzewcz\u0105 z lat 70-tych"},"content":{"rendered":"<h3 style=\"text-align: center;\"><strong><em>Mobilny barek mosi\u0105dzowany \u00a0z p\u0142yt\u0105 grzewcz\u0105 z lat 70-tych<\/em><\/strong><\/h3>\n<h3 style=\"text-align: center;\"><strong><em>Stylowy, mobilny stolik barowy w mosi\u0105dzowanej\u00a0 ramie z lat 70-tych. Posiada praktyczn\u0105 p\u0142yt\u0119 grzewcz\u0105, dzi\u0119ki kt\u00f3rej mo\u017cna podgrzewa\u0107 napoje lub potrawy. W dolnej cz\u0119\u015bci dymiona szyba. Stolik jest w dobrym stanie, mo\u017ce s\u0142u\u017cy\u0107 jako funkcjonalny i dekoracyjny element wyposa\u017cenia wn\u0119trza.<\/em><\/strong><\/h3>\n<h3 style=\"text-align: center;\"><strong><em>P\u0142yta grzewcza sprawka z kablem zasilaj\u0105cym.<\/em><\/strong><\/h3>\n<h3><\/h3>\n<h3><strong><em>Dimensions:<\/em><\/strong><\/h3>\n<ul>\n<li>\n<h3><strong><em>wysoko\u015b\u0107:65cm<\/em><\/strong><\/h3>\n<\/li>\n<li>\n<h3><strong><em>length: 70cm<\/em><\/strong><\/h3>\n<\/li>\n<li>\n<h3><strong><em>width: 42cm<\/em><\/strong><\/h3>\n<\/li>\n<li>\n<h3><strong><em>wysoko\u015b\u0107 do dolnej p\u00f3\u0142ki: 13,5cm<\/em><\/strong><\/h3>\n<\/li>\n<\/ul>\n<h3 style=\"text-align: center;\"><strong><em>**********************************************<\/em><\/strong><\/h3>\n<h3 style=\"text-align: center;\"><strong><em>The photos show the actual condition of the item.<\/em><\/strong><\/h3>\n<h3><\/h3>\n<h3><strong><em>NR. ART 10849<\/em><\/strong><\/h3>","protected":false},"excerpt":{"rendered":"<p>Mobilny barek mosi\u0105dzowany \u00a0z p\u0142yt\u0105 grzewcz\u0105 z lat 70-tych Stylowy, mobilny stolik barowy w mosi\u0105dzowanej\u00a0 ramie z lat 70-tych. Posiada praktyczn\u0105 p\u0142yt\u0119 grzewcz\u0105, dzi\u0119ki kt\u00f3rej mo\u017cna podgrzewa\u0107 napoje lub potrawy. W dolnej cz\u0119\u015bci dymiona szyba. Stolik jest w dobrym stanie, mo\u017ce s\u0142u\u017cy\u0107 jako funkcjonalny i dekoracyjny element wyposa\u017cenia wn\u0119trza. P\u0142yta grzewcza sprawka z kablem zasilaj\u0105cym. [&hellip;]<\/p>\n","protected":false},"featured_media":78585,"template":"","meta":{"_seopress_robots_primary_cat":"none","_seopress_titles_title":"","_seopress_titles_desc":"","_seopress_robots_index":"","site-sidebar-layout":"default","site-content-layout":"","ast-site-content-layout":"default","site-content-style":"default","site-sidebar-style":"default","ast-global-header-display":"","ast-banner-title-visibility":"","ast-main-header-display":"","ast-hfb-above-header-display":"","ast-hfb-below-header-display":"","ast-hfb-mobile-header-display":"","site-post-title":"","ast-breadcrumbs-content":"","ast-featured-img":"","footer-sml-layout":"","ast-disable-related-posts":"","theme-transparent-header-meta":"default","adv-header-id-meta":"","stick-header-meta":"default","header-above-stick-meta":"","header-main-stick-meta":"","header-below-stick-meta":"","astra-migrate-meta-layouts":"set","ast-page-background-enabled":"default","ast-page-background-meta":{"desktop":{"background-color":"var(--ast-global-color-4)","background-image":"","background-repeat":"repeat","background-position":"center center","background-size":"auto","background-attachment":"scroll","background-type":"","background-media":"","overlay-type":"","overlay-color":"","overlay-opacity":"","overlay-gradient":""},"tablet":{"background-color":"","background-image":"","background-repeat":"repeat","background-position":"center center","background-size":"auto","background-attachment":"scroll","background-type":"","background-media":"","overlay-type":"","overlay-color":"","overlay-opacity":"","overlay-gradient":""},"mobile":{"background-color":"","background-image":"","background-repeat":"repeat","background-position":"center center","background-size":"auto","background-attachment":"scroll","background-type":"","background-media":"","overlay-type":"","overlay-color":"","overlay-opacity":"","overlay-gradient":""}},"ast-content-background-meta":{"desktop":{"background-color":"var(--ast-global-color-5)","background-image":"","background-repeat":"repeat","background-position":"center center","background-size":"auto","background-attachment":"scroll","background-type":"","background-media":"","overlay-type":"","overlay-color":"","overlay-opacity":"","overlay-gradient":""},"tablet":{"background-color":"var(--ast-global-color-5)","background-image":"","background-repeat":"repeat","background-position":"center center","background-size":"auto","background-attachment":"scroll","background-type":"","background-media":"","overlay-type":"","overlay-color":"","overlay-opacity":"","overlay-gradient":""},"mobile":{"background-color":"var(--ast-global-color-5)","background-image":"","background-repeat":"repeat","background-position":"center center","background-size":"auto","background-attachment":"scroll","background-type":"","background-media":"","overlay-type":"","overlay-color":"","overlay-opacity":"","overlay-gradient":""}}},"product_brand":[],"product_cat":[32,41,33],"product_tag":[],"class_list":{"0":"post-78581","1":"product","2":"type-product","3":"status-publish","4":"has-post-thumbnail","6":"product_cat-meble","7":"product_cat-skrzynie-barki","8":"product_cat-stoly-stoliki","9":"product_shipping_class-wysylka-80zl","10":"desktop-align-left","11":"tablet-align-left","12":"mobile-align-left","13":"ast-product-gallery-layout-vertical-slider","14":"ast-product-tabs-layout-horizontal","15":"ast-qv-on-image","17":"first","18":"instock","19":"sold-individually","20":"shipping-taxable","21":"purchasable","22":"product-type-simple"},"_links":{"self":[{"href":"https:\/\/antart.com.pl\/en\/wp-json\/wp\/v2\/product\/78581","targetHints":{"allow":["GET"]}}],"collection":[{"href":"https:\/\/antart.com.pl\/en\/wp-json\/wp\/v2\/product"}],"about":[{"href":"https:\/\/antart.com.pl\/en\/wp-json\/wp\/v2\/types\/product"}],"wp:featuredmedia":[{"embeddable":true,"href":"https:\/\/antart.com.pl\/en\/wp-json\/wp\/v2\/media\/78585"}],"wp:attachment":[{"href":"https:\/\/antart.com.pl\/en\/wp-json\/wp\/v2\/media?parent=78581"}],"wp:term":[{"taxonomy":"product_brand","embeddable":true,"href":"https:\/\/antart.com.pl\/en\/wp-json\/wp\/v2\/product_brand?post=78581"},{"taxonomy":"product_cat","embeddable":true,"href":"https:\/\/antart.com.pl\/en\/wp-json\/wp\/v2\/product_cat?post=78581"},{"taxonomy":"product_tag","embeddable":true,"href":"https:\/\/antart.com.pl\/en\/wp-json\/wp\/v2\/product_tag?post=78581"}],"curies":[{"name":"wp","href":"https:\/\/api.w.org\/{rel}","templated":true}]}}