{"id":78654,"date":"2026-05-05T10:09:42","date_gmt":"2026-05-05T08:09:42","guid":{"rendered":"https:\/\/antart.com.pl\/?post_type=product&#038;p=78654"},"modified":"2026-05-03T10:16:53","modified_gmt":"2026-05-03T08:16:53","slug":"skorzany-fotel-norweski-z-podnozkiem-relax-ekornes-stressless","status":"publish","type":"product","link":"https:\/\/antart.com.pl\/en\/produkt\/skorzany-fotel-norweski-z-podnozkiem-relax-ekornes-stressless\/","title":{"rendered":"Sk\u00f3rzany fotel norweski z podn\u00f3\u017ckiem Relax Ekornes Stressless"},"content":{"rendered":"<h4 style=\"text-align: center;\"><em><strong>Sk\u00f3rzany fotel norweski z podn\u00f3\u017ckiem Relax Ekornes Stressless<\/strong><\/em><\/h4>\n<h4 style=\"text-align: center;\"><em><strong>Wygodny, sk\u00f3rzany fotel z podn\u00f3\u017ckiem Ekornes Stressless. Fotel jest w dobrym stanie, nadaje si\u0119 do relaksu i wypoczynku. Posiada regulowane pod\u0142okietniki, zapewniaj\u0105c komfort podczas siedzenia. Idealny do salonu lub sypialni.<\/strong><\/em><\/h4>\n<h4><em><strong>Dimensions:<\/strong><\/em><\/h4>\n<ul>\n<li>\n<h4><em><strong>height: 112cm<\/strong><\/em><\/h4>\n<\/li>\n<li>\n<h4><em><strong>szeroko\u015b\u0107:63 cm<\/strong><\/em><\/h4>\n<\/li>\n<li>\n<h4><em><strong>depth: 70cm<\/strong><\/em><\/h4>\n<\/li>\n<li>\n<h4><em><strong>g\u0142\u0119boko\u015b\u0107 siedziska 53cm<\/strong><\/em><\/h4>\n<\/li>\n<li>\n<h4><em><strong>height to seat: 43 cm<\/strong><\/em><\/h4>\n<\/li>\n<li>\n<h4><em><strong>szeroko\u015b\u0107 maksymalna pod\u0142okietnik\u00f3w: 93cm<\/strong><\/em><\/h4>\n<\/li>\n<li>\n<h4><em><strong>szeroko\u015b\u0107 minimalna pod\u0142okietnik\u00f3w: 91 cm<\/strong><\/em><\/h4>\n<\/li>\n<\/ul>\n<h4 style=\"text-align: center;\"><em><strong>************************************<\/strong><\/em><\/h4>\n<h4 style=\"text-align: center;\"><em><strong>The photos show the actual condition of the item.<\/strong><\/em><\/h4>\n<h4><em><strong>Art. nr. 10848<\/strong><\/em><\/h4>","protected":false},"excerpt":{"rendered":"<p>Sk\u00f3rzany fotel norweski z podn\u00f3\u017ckiem Relax Ekornes Stressless Wygodny, sk\u00f3rzany fotel z podn\u00f3\u017ckiem Ekornes Stressless. Fotel jest w dobrym stanie, nadaje si\u0119 do relaksu i wypoczynku. Posiada regulowane pod\u0142okietniki, zapewniaj\u0105c komfort podczas siedzenia. Idealny do salonu lub sypialni. Wymiary: wysoko\u015b\u0107: 112cm szeroko\u015b\u0107:63 cm g\u0142\u0119boko\u015b\u0107:70cm g\u0142\u0119boko\u015b\u0107 siedziska 53cm wysoko\u015b\u0107 do siedziska: 43 cm szeroko\u015b\u0107 maksymalna pod\u0142okietnik\u00f3w: [&hellip;]<\/p>\n","protected":false},"featured_media":78600,"template":"","meta":{"_seopress_robots_primary_cat":"","_seopress_titles_title":"","_seopress_titles_desc":"","_seopress_robots_index":"","site-sidebar-layout":"default","site-content-layout":"","ast-site-content-layout":"default","site-content-style":"default","site-sidebar-style":"default","ast-global-header-display":"","ast-banner-title-visibility":"","ast-main-header-display":"","ast-hfb-above-header-display":"","ast-hfb-below-header-display":"","ast-hfb-mobile-header-display":"","site-post-title":"","ast-breadcrumbs-content":"","ast-featured-img":"","footer-sml-layout":"","ast-disable-related-posts":"","theme-transparent-header-meta":"default","adv-header-id-meta":"","stick-header-meta":"default","header-above-stick-meta":"","header-main-stick-meta":"","header-below-stick-meta":"","astra-migrate-meta-layouts":"set","ast-page-background-enabled":"default","ast-page-background-meta":{"desktop":{"background-color":"var(--ast-global-color-4)","background-image":"","background-repeat":"repeat","background-position":"center center","background-size":"auto","background-attachment":"scroll","background-type":"","background-media":"","overlay-type":"","overlay-color":"","overlay-opacity":"","overlay-gradient":""},"tablet":{"background-color":"","background-image":"","background-repeat":"repeat","background-position":"center center","background-size":"auto","background-attachment":"scroll","background-type":"","background-media":"","overlay-type":"","overlay-color":"","overlay-opacity":"","overlay-gradient":""},"mobile":{"background-color":"","background-image":"","background-repeat":"repeat","background-position":"center center","background-size":"auto","background-attachment":"scroll","background-type":"","background-media":"","overlay-type":"","overlay-color":"","overlay-opacity":"","overlay-gradient":""}},"ast-content-background-meta":{"desktop":{"background-color":"var(--ast-global-color-5)","background-image":"","background-repeat":"repeat","background-position":"center center","background-size":"auto","background-attachment":"scroll","background-type":"","background-media":"","overlay-type":"","overlay-color":"","overlay-opacity":"","overlay-gradient":""},"tablet":{"background-color":"var(--ast-global-color-5)","background-image":"","background-repeat":"repeat","background-position":"center center","background-size":"auto","background-attachment":"scroll","background-type":"","background-media":"","overlay-type":"","overlay-color":"","overlay-opacity":"","overlay-gradient":""},"mobile":{"background-color":"var(--ast-global-color-5)","background-image":"","background-repeat":"repeat","background-position":"center center","background-size":"auto","background-attachment":"scroll","background-type":"","background-media":"","overlay-type":"","overlay-color":"","overlay-opacity":"","overlay-gradient":""}}},"product_brand":[],"product_cat":[39,32],"product_tag":[],"class_list":{"0":"post-78654","1":"product","2":"type-product","3":"status-publish","4":"has-post-thumbnail","6":"product_cat-fotele-puf","7":"product_cat-meble","8":"product_shipping_class-wysylka-po-uzgodnieniu","9":"desktop-align-left","10":"tablet-align-left","11":"mobile-align-left","12":"ast-product-gallery-layout-vertical-slider","13":"ast-product-tabs-layout-horizontal","14":"ast-qv-on-image","16":"first","17":"instock","18":"sold-individually","19":"shipping-taxable","20":"purchasable","21":"product-type-simple"},"_links":{"self":[{"href":"https:\/\/antart.com.pl\/en\/wp-json\/wp\/v2\/product\/78654","targetHints":{"allow":["GET"]}}],"collection":[{"href":"https:\/\/antart.com.pl\/en\/wp-json\/wp\/v2\/product"}],"about":[{"href":"https:\/\/antart.com.pl\/en\/wp-json\/wp\/v2\/types\/product"}],"wp:featuredmedia":[{"embeddable":true,"href":"https:\/\/antart.com.pl\/en\/wp-json\/wp\/v2\/media\/78600"}],"wp:attachment":[{"href":"https:\/\/antart.com.pl\/en\/wp-json\/wp\/v2\/media?parent=78654"}],"wp:term":[{"taxonomy":"product_brand","embeddable":true,"href":"https:\/\/antart.com.pl\/en\/wp-json\/wp\/v2\/product_brand?post=78654"},{"taxonomy":"product_cat","embeddable":true,"href":"https:\/\/antart.com.pl\/en\/wp-json\/wp\/v2\/product_cat?post=78654"},{"taxonomy":"product_tag","embeddable":true,"href":"https:\/\/antart.com.pl\/en\/wp-json\/wp\/v2\/product_tag?post=78654"}],"curies":[{"name":"wp","href":"https:\/\/api.w.org\/{rel}","templated":true}]}}