{"id":78660,"date":"2026-05-06T10:30:57","date_gmt":"2026-05-06T08:30:57","guid":{"rendered":"https:\/\/antart.com.pl\/?post_type=product&#038;p=78660"},"modified":"2026-05-03T10:36:36","modified_gmt":"2026-05-03T08:36:36","slug":"stolik-dunski-z-drewna-tekowego-lata-60-tych-glostrup","status":"publish","type":"product","link":"https:\/\/antart.com.pl\/en\/produkt\/stolik-dunski-z-drewna-tekowego-lata-60-tych-glostrup\/","title":{"rendered":"Stolik du\u0144ski z drewna tekowego lata 60-tych Glostrup"},"content":{"rendered":"<h4 style=\"text-align: center;\"><strong><em>Stolik du\u0144ski z drewna tekowego lata 60-tych Glostrup<\/em><\/strong><\/h4>\n<h4 style=\"text-align: center;\"><strong><em>Stylowy, drewniany stolik kawowy z lat 60. XX wieku, wyprodukowany w Glostrup. Wykonany z wysokiej jako\u015bci tekowego drewna, posiada charakterystyczny, skandynawski design. Stolik jest w stanie u\u017cywanym, ale zachowa\u0142 sw\u00f3j oryginalny wygl\u0105d i charakter.<\/em><\/strong><\/h4>\n<h4><strong><em>Dimensions<\/em><\/strong><\/h4>\n<ul>\n<li>\n<h4><strong><em>length: 75 cm<\/em><\/strong><\/h4>\n<\/li>\n<li>\n<h4><strong><em>width: 75cm<\/em><\/strong><\/h4>\n<\/li>\n<li>\n<h4><strong><em>Wysoko\u015b\u0107:\u00a0 50 cm<\/em><\/strong><\/h4>\n<\/li>\n<\/ul>\n<h4 style=\"text-align: center;\"><strong><em>*************************<\/em><\/strong><\/h4>\n<h4 style=\"text-align: center;\"><strong><em>The photos show the actual condition of the item.<\/em><\/strong><\/h4>\n<h4><strong><em>NR. ART 10846<\/em><\/strong><\/h4>","protected":false},"excerpt":{"rendered":"<p>Stolik du\u0144ski z drewna tekowego lata 60-tych Glostrup Stylowy, drewniany stolik kawowy z lat 60. XX wieku, wyprodukowany w Glostrup. Wykonany z wysokiej jako\u015bci tekowego drewna, posiada charakterystyczny, skandynawski design. Stolik jest w stanie u\u017cywanym, ale zachowa\u0142 sw\u00f3j oryginalny wygl\u0105d i charakter. Wymiary d\u0142ugo\u015b\u0107: 75 cm szeroko\u015b\u0107: 75cm Wysoko\u015b\u0107:\u00a0 50 cm ************************* Zdj\u0119cia przedstawiaj\u0105 stan [&hellip;]<\/p>\n","protected":false},"featured_media":78642,"template":"","meta":{"_seopress_robots_primary_cat":"","_seopress_titles_title":"","_seopress_titles_desc":"","_seopress_robots_index":"","site-sidebar-layout":"default","site-content-layout":"","ast-site-content-layout":"default","site-content-style":"default","site-sidebar-style":"default","ast-global-header-display":"","ast-banner-title-visibility":"","ast-main-header-display":"","ast-hfb-above-header-display":"","ast-hfb-below-header-display":"","ast-hfb-mobile-header-display":"","site-post-title":"","ast-breadcrumbs-content":"","ast-featured-img":"","footer-sml-layout":"","ast-disable-related-posts":"","theme-transparent-header-meta":"default","adv-header-id-meta":"","stick-header-meta":"default","header-above-stick-meta":"","header-main-stick-meta":"","header-below-stick-meta":"","astra-migrate-meta-layouts":"set","ast-page-background-enabled":"default","ast-page-background-meta":{"desktop":{"background-color":"var(--ast-global-color-4)","background-image":"","background-repeat":"repeat","background-position":"center center","background-size":"auto","background-attachment":"scroll","background-type":"","background-media":"","overlay-type":"","overlay-color":"","overlay-opacity":"","overlay-gradient":""},"tablet":{"background-color":"","background-image":"","background-repeat":"repeat","background-position":"center center","background-size":"auto","background-attachment":"scroll","background-type":"","background-media":"","overlay-type":"","overlay-color":"","overlay-opacity":"","overlay-gradient":""},"mobile":{"background-color":"","background-image":"","background-repeat":"repeat","background-position":"center center","background-size":"auto","background-attachment":"scroll","background-type":"","background-media":"","overlay-type":"","overlay-color":"","overlay-opacity":"","overlay-gradient":""}},"ast-content-background-meta":{"desktop":{"background-color":"var(--ast-global-color-5)","background-image":"","background-repeat":"repeat","background-position":"center center","background-size":"auto","background-attachment":"scroll","background-type":"","background-media":"","overlay-type":"","overlay-color":"","overlay-opacity":"","overlay-gradient":""},"tablet":{"background-color":"var(--ast-global-color-5)","background-image":"","background-repeat":"repeat","background-position":"center center","background-size":"auto","background-attachment":"scroll","background-type":"","background-media":"","overlay-type":"","overlay-color":"","overlay-opacity":"","overlay-gradient":""},"mobile":{"background-color":"var(--ast-global-color-5)","background-image":"","background-repeat":"repeat","background-position":"center center","background-size":"auto","background-attachment":"scroll","background-type":"","background-media":"","overlay-type":"","overlay-color":"","overlay-opacity":"","overlay-gradient":""}}},"product_brand":[],"product_cat":[32,33],"product_tag":[],"class_list":{"0":"post-78660","1":"product","2":"type-product","3":"status-publish","4":"has-post-thumbnail","6":"product_cat-meble","7":"product_cat-stoly-stoliki","8":"product_shipping_class-wysylka-100zl","9":"desktop-align-left","10":"tablet-align-left","11":"mobile-align-left","12":"ast-product-gallery-layout-vertical-slider","13":"ast-product-tabs-layout-horizontal","14":"ast-qv-on-image","16":"first","17":"instock","18":"sold-individually","19":"shipping-taxable","20":"purchasable","21":"product-type-simple"},"_links":{"self":[{"href":"https:\/\/antart.com.pl\/en\/wp-json\/wp\/v2\/product\/78660","targetHints":{"allow":["GET"]}}],"collection":[{"href":"https:\/\/antart.com.pl\/en\/wp-json\/wp\/v2\/product"}],"about":[{"href":"https:\/\/antart.com.pl\/en\/wp-json\/wp\/v2\/types\/product"}],"wp:featuredmedia":[{"embeddable":true,"href":"https:\/\/antart.com.pl\/en\/wp-json\/wp\/v2\/media\/78642"}],"wp:attachment":[{"href":"https:\/\/antart.com.pl\/en\/wp-json\/wp\/v2\/media?parent=78660"}],"wp:term":[{"taxonomy":"product_brand","embeddable":true,"href":"https:\/\/antart.com.pl\/en\/wp-json\/wp\/v2\/product_brand?post=78660"},{"taxonomy":"product_cat","embeddable":true,"href":"https:\/\/antart.com.pl\/en\/wp-json\/wp\/v2\/product_cat?post=78660"},{"taxonomy":"product_tag","embeddable":true,"href":"https:\/\/antart.com.pl\/en\/wp-json\/wp\/v2\/product_tag?post=78660"}],"curies":[{"name":"wp","href":"https:\/\/api.w.org\/{rel}","templated":true}]}}