{"id":78781,"date":"2026-05-05T14:33:09","date_gmt":"2026-05-05T12:33:09","guid":{"rendered":"https:\/\/antart.com.pl\/?post_type=product&#038;p=78781"},"modified":"2026-05-05T14:33:10","modified_gmt":"2026-05-05T12:33:10","slug":"patera-porcelanowa-furstenberg-lattine","status":"publish","type":"product","link":"https:\/\/antart.com.pl\/en\/produkt\/patera-porcelanowa-furstenberg-lattine\/","title":{"rendered":"Patera porcelanowa Furstenberg Lattine"},"content":{"rendered":"<h4 style=\"text-align: center;\"><em><strong>Patera porcelanowa Furstenberg Lattine<\/strong><\/em><\/h4>\n<h4 style=\"text-align: center;\"><em><strong>Elegancka, porcelanowa taca Furstenberg Lattine w delikatnym, niebieskim wzorze. Doskona\u0142a jako dodatek do sto\u0142u lub dekoracja wn\u0119trza. Produkt nowy, nieu\u017cywany.<\/strong><\/em><\/h4>\n<h4><em><strong>Dimensions<\/strong><\/em><\/h4>\n<ul>\n<li>\n<h4><em><strong>Height: 3cm.<\/strong><\/em><\/h4>\n<\/li>\n<li>\n<h4><em><strong>Length: 28cm.<\/strong><\/em><\/h4>\n<\/li>\n<li>\n<h4><em><strong>Width: 26cm.<\/strong><\/em><\/h4>\n<\/li>\n<\/ul>\n<h4 style=\"text-align: center;\"><em><strong>************************************<\/strong><\/em><\/h4>\n<h4 style=\"text-align: center;\"><em><strong>The photos show the actual condition of the item.<\/strong><\/em><\/h4>\n<h4><em><strong>Nr.10525<\/strong><\/em><\/h4>","protected":false},"excerpt":{"rendered":"<p>Patera porcelanowa Furstenberg Lattine Elegancka, porcelanowa taca Furstenberg Lattine w delikatnym, niebieskim wzorze. Doskona\u0142a jako dodatek do sto\u0142u lub dekoracja wn\u0119trza. Produkt nowy, nieu\u017cywany. Wymiary Wysoko\u015b\u0107: 3cm. D\u0142ugo\u015b\u0107: 28cm. Szeroko\u015b\u0107: 26cm. ************************************ Zdj\u0119cia przedstawiaj\u0105 stan faktyczny przedmiotu. Nr.10525<\/p>","protected":false},"featured_media":78786,"template":"","meta":{"_seopress_robots_primary_cat":"","_seopress_titles_title":"","_seopress_titles_desc":"","_seopress_robots_index":"","site-sidebar-layout":"default","site-content-layout":"","ast-site-content-layout":"default","site-content-style":"default","site-sidebar-style":"default","ast-global-header-display":"","ast-banner-title-visibility":"","ast-main-header-display":"","ast-hfb-above-header-display":"","ast-hfb-below-header-display":"","ast-hfb-mobile-header-display":"","site-post-title":"","ast-breadcrumbs-content":"","ast-featured-img":"","footer-sml-layout":"","ast-disable-related-posts":"","theme-transparent-header-meta":"default","adv-header-id-meta":"","stick-header-meta":"default","header-above-stick-meta":"","header-main-stick-meta":"","header-below-stick-meta":"","astra-migrate-meta-layouts":"set","ast-page-background-enabled":"default","ast-page-background-meta":{"desktop":{"background-color":"var(--ast-global-color-4)","background-image":"","background-repeat":"repeat","background-position":"center center","background-size":"auto","background-attachment":"scroll","background-type":"","background-media":"","overlay-type":"","overlay-color":"","overlay-opacity":"","overlay-gradient":""},"tablet":{"background-color":"","background-image":"","background-repeat":"repeat","background-position":"center center","background-size":"auto","background-attachment":"scroll","background-type":"","background-media":"","overlay-type":"","overlay-color":"","overlay-opacity":"","overlay-gradient":""},"mobile":{"background-color":"","background-image":"","background-repeat":"repeat","background-position":"center center","background-size":"auto","background-attachment":"scroll","background-type":"","background-media":"","overlay-type":"","overlay-color":"","overlay-opacity":"","overlay-gradient":""}},"ast-content-background-meta":{"desktop":{"background-color":"var(--ast-global-color-5)","background-image":"","background-repeat":"repeat","background-position":"center center","background-size":"auto","background-attachment":"scroll","background-type":"","background-media":"","overlay-type":"","overlay-color":"","overlay-opacity":"","overlay-gradient":""},"tablet":{"background-color":"var(--ast-global-color-5)","background-image":"","background-repeat":"repeat","background-position":"center center","background-size":"auto","background-attachment":"scroll","background-type":"","background-media":"","overlay-type":"","overlay-color":"","overlay-opacity":"","overlay-gradient":""},"mobile":{"background-color":"var(--ast-global-color-5)","background-image":"","background-repeat":"repeat","background-position":"center center","background-size":"auto","background-attachment":"scroll","background-type":"","background-media":"","overlay-type":"","overlay-color":"","overlay-opacity":"","overlay-gradient":""}}},"product_brand":[],"product_cat":[25,24,26],"product_tag":[],"class_list":{"0":"post-78781","1":"product","2":"type-product","3":"status-publish","4":"has-post-thumbnail","6":"product_cat-czesci-serwisow","7":"product_cat-kuchnia","8":"product_cat-polmisek","9":"product_shipping_class-wysylka-19zl","10":"desktop-align-left","11":"tablet-align-left","12":"mobile-align-left","13":"ast-product-gallery-layout-vertical-slider","14":"ast-product-tabs-layout-horizontal","15":"ast-qv-on-image","17":"first","18":"instock","19":"shipping-taxable","20":"purchasable","21":"product-type-simple"},"_links":{"self":[{"href":"https:\/\/antart.com.pl\/en\/wp-json\/wp\/v2\/product\/78781","targetHints":{"allow":["GET"]}}],"collection":[{"href":"https:\/\/antart.com.pl\/en\/wp-json\/wp\/v2\/product"}],"about":[{"href":"https:\/\/antart.com.pl\/en\/wp-json\/wp\/v2\/types\/product"}],"wp:featuredmedia":[{"embeddable":true,"href":"https:\/\/antart.com.pl\/en\/wp-json\/wp\/v2\/media\/78786"}],"wp:attachment":[{"href":"https:\/\/antart.com.pl\/en\/wp-json\/wp\/v2\/media?parent=78781"}],"wp:term":[{"taxonomy":"product_brand","embeddable":true,"href":"https:\/\/antart.com.pl\/en\/wp-json\/wp\/v2\/product_brand?post=78781"},{"taxonomy":"product_cat","embeddable":true,"href":"https:\/\/antart.com.pl\/en\/wp-json\/wp\/v2\/product_cat?post=78781"},{"taxonomy":"product_tag","embeddable":true,"href":"https:\/\/antart.com.pl\/en\/wp-json\/wp\/v2\/product_tag?post=78781"}],"curies":[{"name":"wp","href":"https:\/\/api.w.org\/{rel}","templated":true}]}}