{"id":78844,"date":"2026-05-05T15:38:10","date_gmt":"2026-05-05T13:38:10","guid":{"rendered":"https:\/\/antart.com.pl\/?post_type=product&#038;p=78844"},"modified":"2026-05-05T15:38:14","modified_gmt":"2026-05-05T13:38:14","slug":"drewniany-mlynek-do-kawy-rzezbiony","status":"publish","type":"product","link":"https:\/\/antart.com.pl\/en\/produkt\/drewniany-mlynek-do-kawy-rzezbiony\/","title":{"rendered":"Drewniany m\u0142ynek do kawy rze\u017abiony"},"content":{"rendered":"<h4 style=\"text-align: center;\"><em><strong>Drewniany m\u0142ynek do kawy rze\u017abiony<\/strong><\/em><\/h4>\n<h4 style=\"text-align: center;\"><em><strong>R\u0119cznie rze\u017abiony m\u0142ynek do kawy z drewna (atrapa) . Posiada charakterystyczny, zabytkowy wygl\u0105d z elementami zdobie\u0144. Idealny do kuchni lub jako dekoracja w domu, przywracaj\u0105cy klimat dawnych czas\u00f3w.<\/strong><\/em><\/h4>\n<h4><em><strong>Dimensions<\/strong><\/em><\/h4>\n<ul>\n<li>\n<h4><em><strong>Height: 23cm.<\/strong><\/em><\/h4>\n<\/li>\n<li>\n<h4><em><strong>Width: 13cm.<\/strong><\/em><\/h4>\n<\/li>\n<\/ul>\n<h4 style=\"text-align: center;\"><em><strong>The photos show the actual condition of the item.<\/strong><\/em><\/h4>\n<h4><\/h4>\n<h4><em><strong>Nr.10529<\/strong><\/em><\/h4>","protected":false},"excerpt":{"rendered":"<p>Drewniany m\u0142ynek do kawy rze\u017abiony R\u0119cznie rze\u017abiony m\u0142ynek do kawy z drewna (atrapa) . Posiada charakterystyczny, zabytkowy wygl\u0105d z elementami zdobie\u0144. Idealny do kuchni lub jako dekoracja w domu, przywracaj\u0105cy klimat dawnych czas\u00f3w. Wymiary Wysoko\u015b\u0107: 23cm. Szeroko\u015b\u0107: 13cm. Zdj\u0119cia przedstawiaj\u0105 stan faktyczny przedmiotu. Nr.10529<\/p>","protected":false},"featured_media":78832,"template":"","meta":{"_seopress_robots_primary_cat":"","_seopress_titles_title":"","_seopress_titles_desc":"","_seopress_robots_index":"","site-sidebar-layout":"default","site-content-layout":"","ast-site-content-layout":"default","site-content-style":"default","site-sidebar-style":"default","ast-global-header-display":"","ast-banner-title-visibility":"","ast-main-header-display":"","ast-hfb-above-header-display":"","ast-hfb-below-header-display":"","ast-hfb-mobile-header-display":"","site-post-title":"","ast-breadcrumbs-content":"","ast-featured-img":"","footer-sml-layout":"","ast-disable-related-posts":"","theme-transparent-header-meta":"default","adv-header-id-meta":"","stick-header-meta":"default","header-above-stick-meta":"","header-main-stick-meta":"","header-below-stick-meta":"","astra-migrate-meta-layouts":"set","ast-page-background-enabled":"default","ast-page-background-meta":{"desktop":{"background-color":"var(--ast-global-color-4)","background-image":"","background-repeat":"repeat","background-position":"center center","background-size":"auto","background-attachment":"scroll","background-type":"","background-media":"","overlay-type":"","overlay-color":"","overlay-opacity":"","overlay-gradient":""},"tablet":{"background-color":"","background-image":"","background-repeat":"repeat","background-position":"center center","background-size":"auto","background-attachment":"scroll","background-type":"","background-media":"","overlay-type":"","overlay-color":"","overlay-opacity":"","overlay-gradient":""},"mobile":{"background-color":"","background-image":"","background-repeat":"repeat","background-position":"center center","background-size":"auto","background-attachment":"scroll","background-type":"","background-media":"","overlay-type":"","overlay-color":"","overlay-opacity":"","overlay-gradient":""}},"ast-content-background-meta":{"desktop":{"background-color":"var(--ast-global-color-5)","background-image":"","background-repeat":"repeat","background-position":"center center","background-size":"auto","background-attachment":"scroll","background-type":"","background-media":"","overlay-type":"","overlay-color":"","overlay-opacity":"","overlay-gradient":""},"tablet":{"background-color":"var(--ast-global-color-5)","background-image":"","background-repeat":"repeat","background-position":"center center","background-size":"auto","background-attachment":"scroll","background-type":"","background-media":"","overlay-type":"","overlay-color":"","overlay-opacity":"","overlay-gradient":""},"mobile":{"background-color":"var(--ast-global-color-5)","background-image":"","background-repeat":"repeat","background-position":"center center","background-size":"auto","background-attachment":"scroll","background-type":"","background-media":"","overlay-type":"","overlay-color":"","overlay-opacity":"","overlay-gradient":""}}},"product_brand":[],"product_cat":[24,330],"product_tag":[],"class_list":{"0":"post-78844","1":"product","2":"type-product","3":"status-publish","4":"has-post-thumbnail","6":"product_cat-kuchnia","7":"product_cat-mlynki","8":"product_shipping_class-wysylka-19zl","9":"desktop-align-left","10":"tablet-align-left","11":"mobile-align-left","12":"ast-product-gallery-layout-vertical-slider","13":"ast-product-tabs-layout-horizontal","14":"ast-qv-on-image","16":"first","17":"instock","18":"sold-individually","19":"shipping-taxable","20":"purchasable","21":"product-type-simple"},"_links":{"self":[{"href":"https:\/\/antart.com.pl\/en\/wp-json\/wp\/v2\/product\/78844","targetHints":{"allow":["GET"]}}],"collection":[{"href":"https:\/\/antart.com.pl\/en\/wp-json\/wp\/v2\/product"}],"about":[{"href":"https:\/\/antart.com.pl\/en\/wp-json\/wp\/v2\/types\/product"}],"wp:featuredmedia":[{"embeddable":true,"href":"https:\/\/antart.com.pl\/en\/wp-json\/wp\/v2\/media\/78832"}],"wp:attachment":[{"href":"https:\/\/antart.com.pl\/en\/wp-json\/wp\/v2\/media?parent=78844"}],"wp:term":[{"taxonomy":"product_brand","embeddable":true,"href":"https:\/\/antart.com.pl\/en\/wp-json\/wp\/v2\/product_brand?post=78844"},{"taxonomy":"product_cat","embeddable":true,"href":"https:\/\/antart.com.pl\/en\/wp-json\/wp\/v2\/product_cat?post=78844"},{"taxonomy":"product_tag","embeddable":true,"href":"https:\/\/antart.com.pl\/en\/wp-json\/wp\/v2\/product_tag?post=78844"}],"curies":[{"name":"wp","href":"https:\/\/api.w.org\/{rel}","templated":true}]}}