{"id":78893,"date":"2026-05-08T08:39:41","date_gmt":"2026-05-08T06:39:41","guid":{"rendered":"https:\/\/antart.com.pl\/?post_type=product&#038;p=78893"},"modified":"2026-05-07T08:46:09","modified_gmt":"2026-05-07T06:46:09","slug":"wazon-dekoracyjny-krysztalowy-bohemia-crystal","status":"publish","type":"product","link":"https:\/\/antart.com.pl\/en\/produkt\/wazon-dekoracyjny-krysztalowy-bohemia-crystal\/","title":{"rendered":"Wazon dekoracyjny kryszta\u0142owy Bohemia Crystal"},"content":{"rendered":"<h4 style=\"text-align: center;\"><strong><em>Wazon dekoracyjny Czeski Bohemia Crystal, wykonany z wysokiej jako\u015bci szk\u0142a kryszta\u0142owego. Wazon rozszerzaj\u0105cy si\u0119 ku g\u00f3rze, charakteryzuje si\u0119 bogaty, precyzyjnym, r\u0119cznym szlifem we wzorze geometrycznym i gwie\u017adzistym oraz z\u0105bkowanym szlifem przy g\u00f3rnej kraw\u0119dzi, posiada kr\u00f3tk\u0105 ozdobn\u0105 n\u00f3\u017ck\u0119 oraz kwadratowa dekoracyjna podstaw\u0119.<\/em><\/strong><\/h4>\n<h4><\/h4>\n<h4><strong><em>Dimensions<\/em><\/strong><\/h4>\n<ul>\n<li>\n<h4><strong><em>Height: 25.5cm.<\/em><\/strong><\/h4>\n<\/li>\n<li>\n<h4><strong><em>Top diameter: 15.5cm.<\/em><\/strong><\/h4>\n<\/li>\n<li>\n<h4><strong><em>Base diameter: 11cm.<\/em><\/strong><\/h4>\n<\/li>\n<\/ul>\n<h4 style=\"text-align: center;\"><strong><em>The photos show the actual state of the object<\/em><\/strong><\/h4>\n<h4 style=\"text-align: center;\"><strong><em>Additional photos upon request<\/em><\/strong><\/h4>\n<h4 style=\"text-align: center;\"><strong><em>All our items on display are available in our warehouse.<\/em><\/strong><\/h4>\n<h4 style=\"text-align: center;\"><strong><em>Can be viewed by appointment.<\/em><\/strong><\/h4>\n<h4><\/h4>\n<h4><strong><em>Nr. 7644<\/em><\/strong><\/h4>","protected":false},"excerpt":{"rendered":"<p>Wazon dekoracyjny Czeski Bohemia Crystal, wykonany z wysokiej jako\u015bci szk\u0142a kryszta\u0142owego. Wazon rozszerzaj\u0105cy si\u0119 ku g\u00f3rze, charakteryzuje si\u0119 bogaty, precyzyjnym, r\u0119cznym szlifem we wzorze geometrycznym i gwie\u017adzistym oraz z\u0105bkowanym szlifem przy g\u00f3rnej kraw\u0119dzi, posiada kr\u00f3tk\u0105 ozdobn\u0105 n\u00f3\u017ck\u0119 oraz kwadratowa dekoracyjna podstaw\u0119. Wymiary Wysoko\u015b\u0107: 25,5cm. \u015arednica g\u00f3rna: 15,5cm. \u015arednica podstawy: 11cm. Zdj\u0119cia przedstawiaj\u0105 stan faktyczny przedmiotu [&hellip;]<\/p>\n","protected":false},"featured_media":78896,"template":"","meta":{"_seopress_robots_primary_cat":"","_seopress_titles_title":"","_seopress_titles_desc":"","_seopress_robots_index":"","site-sidebar-layout":"default","site-content-layout":"","ast-site-content-layout":"default","site-content-style":"default","site-sidebar-style":"default","ast-global-header-display":"","ast-banner-title-visibility":"","ast-main-header-display":"","ast-hfb-above-header-display":"","ast-hfb-below-header-display":"","ast-hfb-mobile-header-display":"","site-post-title":"","ast-breadcrumbs-content":"","ast-featured-img":"","footer-sml-layout":"","ast-disable-related-posts":"","theme-transparent-header-meta":"default","adv-header-id-meta":"","stick-header-meta":"default","header-above-stick-meta":"","header-main-stick-meta":"","header-below-stick-meta":"","astra-migrate-meta-layouts":"set","ast-page-background-enabled":"default","ast-page-background-meta":{"desktop":{"background-color":"var(--ast-global-color-4)","background-image":"","background-repeat":"repeat","background-position":"center center","background-size":"auto","background-attachment":"scroll","background-type":"","background-media":"","overlay-type":"","overlay-color":"","overlay-opacity":"","overlay-gradient":""},"tablet":{"background-color":"","background-image":"","background-repeat":"repeat","background-position":"center center","background-size":"auto","background-attachment":"scroll","background-type":"","background-media":"","overlay-type":"","overlay-color":"","overlay-opacity":"","overlay-gradient":""},"mobile":{"background-color":"","background-image":"","background-repeat":"repeat","background-position":"center center","background-size":"auto","background-attachment":"scroll","background-type":"","background-media":"","overlay-type":"","overlay-color":"","overlay-opacity":"","overlay-gradient":""}},"ast-content-background-meta":{"desktop":{"background-color":"var(--ast-global-color-5)","background-image":"","background-repeat":"repeat","background-position":"center center","background-size":"auto","background-attachment":"scroll","background-type":"","background-media":"","overlay-type":"","overlay-color":"","overlay-opacity":"","overlay-gradient":""},"tablet":{"background-color":"var(--ast-global-color-5)","background-image":"","background-repeat":"repeat","background-position":"center center","background-size":"auto","background-attachment":"scroll","background-type":"","background-media":"","overlay-type":"","overlay-color":"","overlay-opacity":"","overlay-gradient":""},"mobile":{"background-color":"var(--ast-global-color-5)","background-image":"","background-repeat":"repeat","background-position":"center center","background-size":"auto","background-attachment":"scroll","background-type":"","background-media":"","overlay-type":"","overlay-color":"","overlay-opacity":"","overlay-gradient":""}}},"product_brand":[],"product_cat":[27,71],"product_tag":[],"class_list":{"0":"post-78893","1":"product","2":"type-product","3":"status-publish","4":"has-post-thumbnail","6":"product_cat-dekoracyjne","7":"product_cat-wazony","8":"product_shipping_class-wysylka-19zl","9":"desktop-align-left","10":"tablet-align-left","11":"mobile-align-left","12":"ast-product-gallery-layout-vertical-slider","13":"ast-product-tabs-layout-horizontal","14":"ast-qv-on-image","16":"first","17":"instock","18":"sold-individually","19":"shipping-taxable","20":"purchasable","21":"product-type-simple"},"_links":{"self":[{"href":"https:\/\/antart.com.pl\/en\/wp-json\/wp\/v2\/product\/78893","targetHints":{"allow":["GET"]}}],"collection":[{"href":"https:\/\/antart.com.pl\/en\/wp-json\/wp\/v2\/product"}],"about":[{"href":"https:\/\/antart.com.pl\/en\/wp-json\/wp\/v2\/types\/product"}],"wp:featuredmedia":[{"embeddable":true,"href":"https:\/\/antart.com.pl\/en\/wp-json\/wp\/v2\/media\/78896"}],"wp:attachment":[{"href":"https:\/\/antart.com.pl\/en\/wp-json\/wp\/v2\/media?parent=78893"}],"wp:term":[{"taxonomy":"product_brand","embeddable":true,"href":"https:\/\/antart.com.pl\/en\/wp-json\/wp\/v2\/product_brand?post=78893"},{"taxonomy":"product_cat","embeddable":true,"href":"https:\/\/antart.com.pl\/en\/wp-json\/wp\/v2\/product_cat?post=78893"},{"taxonomy":"product_tag","embeddable":true,"href":"https:\/\/antart.com.pl\/en\/wp-json\/wp\/v2\/product_tag?post=78893"}],"curies":[{"name":"wp","href":"https:\/\/api.w.org\/{rel}","templated":true}]}}