{"id":78947,"date":"2026-05-09T09:16:15","date_gmt":"2026-05-09T07:16:15","guid":{"rendered":"https:\/\/antart.com.pl\/?post_type=product&#038;p=78947"},"modified":"2026-05-07T09:20:27","modified_gmt":"2026-05-07T07:20:27","slug":"bombonierka-krysztalowa-prl","status":"publish","type":"product","link":"https:\/\/antart.com.pl\/en\/produkt\/bombonierka-krysztalowa-prl\/","title":{"rendered":"Bombonierka kryszta\u0142owa PRL"},"content":{"rendered":"<h4 style=\"text-align: center;\"><em><strong>Bombonierka dekoracyjna w czas\u00f3w PRL-u, wykonana z wysokiej jako\u015bci szk\u0142a kryszta\u0142owego. Bombonierka charakteryzuje si\u0119 bogatymi, r\u0119cznymi szlifami w geometrycznych wzorach, z\u0105bkowan\u0105 g\u00f3rn\u0105 kraw\u0119dzi\u0105, posiada ozdobn\u0105 n\u00f3\u017ck\u0119 i podstaw\u0119 oraz pokryw\u0119 z dekoracyjnym uchwytem.<\/strong><\/em><\/h4>\n<h4><\/h4>\n<h4><em><strong>Dimensions<\/strong><\/em><\/h4>\n<ul>\n<li>\n<h4><em><strong>Height: 23.5cm.<\/strong><\/em><\/h4>\n<\/li>\n<li>\n<h4><em><strong>Top diameter: 13.5cm.<\/strong><\/em><\/h4>\n<\/li>\n<li>\n<h4><em><strong>Base diameter: 9.5cm.<\/strong><\/em><\/h4>\n<\/li>\n<\/ul>\n<h4 style=\"text-align: center;\"><em><strong>The photos show the actual state of the object<\/strong><\/em><\/h4>\n<h4 style=\"text-align: center;\"><em><strong>Additional photos upon request<\/strong><\/em><\/h4>\n<h4 style=\"text-align: center;\"><em><strong>All our items on display are available in our warehouse.<\/strong><\/em><\/h4>\n<h4 style=\"text-align: center;\"><em><strong>Can be viewed by appointment.<\/strong><\/em><\/h4>\n<h4><\/h4>\n<h4><em><strong>Nr.7648<\/strong><\/em><\/h4>","protected":false},"excerpt":{"rendered":"<p>Bombonierka dekoracyjna w czas\u00f3w PRL-u, wykonana z wysokiej jako\u015bci szk\u0142a kryszta\u0142owego. Bombonierka charakteryzuje si\u0119 bogatymi, r\u0119cznymi szlifami w geometrycznych wzorach, z\u0105bkowan\u0105 g\u00f3rn\u0105 kraw\u0119dzi\u0105, posiada ozdobn\u0105 n\u00f3\u017ck\u0119 i podstaw\u0119 oraz pokryw\u0119 z dekoracyjnym uchwytem. Wymiary Wysoko\u015b\u0107: 23,5cm. \u015arednica g\u00f3rna: 13,5cm. \u015arednica podstawy: 9,5cm. Zdj\u0119cia przedstawiaj\u0105 stan faktyczny przedmiotu Dodatkowe zdj\u0119cia na pro\u015bb\u0119 zainteresowanych Wszystkie nasze przedmioty [&hellip;]<\/p>\n","protected":false},"featured_media":78950,"template":"","meta":{"_seopress_robots_primary_cat":"","_seopress_titles_title":"","_seopress_titles_desc":"","_seopress_robots_index":"","site-sidebar-layout":"default","site-content-layout":"","ast-site-content-layout":"default","site-content-style":"default","site-sidebar-style":"default","ast-global-header-display":"","ast-banner-title-visibility":"","ast-main-header-display":"","ast-hfb-above-header-display":"","ast-hfb-below-header-display":"","ast-hfb-mobile-header-display":"","site-post-title":"","ast-breadcrumbs-content":"","ast-featured-img":"","footer-sml-layout":"","ast-disable-related-posts":"","theme-transparent-header-meta":"default","adv-header-id-meta":"","stick-header-meta":"default","header-above-stick-meta":"","header-main-stick-meta":"","header-below-stick-meta":"","astra-migrate-meta-layouts":"set","ast-page-background-enabled":"default","ast-page-background-meta":{"desktop":{"background-color":"var(--ast-global-color-4)","background-image":"","background-repeat":"repeat","background-position":"center center","background-size":"auto","background-attachment":"scroll","background-type":"","background-media":"","overlay-type":"","overlay-color":"","overlay-opacity":"","overlay-gradient":""},"tablet":{"background-color":"","background-image":"","background-repeat":"repeat","background-position":"center center","background-size":"auto","background-attachment":"scroll","background-type":"","background-media":"","overlay-type":"","overlay-color":"","overlay-opacity":"","overlay-gradient":""},"mobile":{"background-color":"","background-image":"","background-repeat":"repeat","background-position":"center center","background-size":"auto","background-attachment":"scroll","background-type":"","background-media":"","overlay-type":"","overlay-color":"","overlay-opacity":"","overlay-gradient":""}},"ast-content-background-meta":{"desktop":{"background-color":"var(--ast-global-color-5)","background-image":"","background-repeat":"repeat","background-position":"center center","background-size":"auto","background-attachment":"scroll","background-type":"","background-media":"","overlay-type":"","overlay-color":"","overlay-opacity":"","overlay-gradient":""},"tablet":{"background-color":"var(--ast-global-color-5)","background-image":"","background-repeat":"repeat","background-position":"center center","background-size":"auto","background-attachment":"scroll","background-type":"","background-media":"","overlay-type":"","overlay-color":"","overlay-opacity":"","overlay-gradient":""},"mobile":{"background-color":"var(--ast-global-color-5)","background-image":"","background-repeat":"repeat","background-position":"center center","background-size":"auto","background-attachment":"scroll","background-type":"","background-media":"","overlay-type":"","overlay-color":"","overlay-opacity":"","overlay-gradient":""}}},"product_brand":[],"product_cat":[82,27],"product_tag":[],"class_list":{"0":"post-78947","1":"product","2":"type-product","3":"status-publish","4":"has-post-thumbnail","6":"product_cat-bombonierki","7":"product_cat-dekoracyjne","8":"product_shipping_class-wysylka-19zl","9":"desktop-align-left","10":"tablet-align-left","11":"mobile-align-left","12":"ast-product-gallery-layout-vertical-slider","13":"ast-product-tabs-layout-horizontal","14":"ast-qv-on-image","16":"first","17":"instock","18":"sold-individually","19":"shipping-taxable","20":"purchasable","21":"product-type-simple"},"_links":{"self":[{"href":"https:\/\/antart.com.pl\/en\/wp-json\/wp\/v2\/product\/78947","targetHints":{"allow":["GET"]}}],"collection":[{"href":"https:\/\/antart.com.pl\/en\/wp-json\/wp\/v2\/product"}],"about":[{"href":"https:\/\/antart.com.pl\/en\/wp-json\/wp\/v2\/types\/product"}],"wp:featuredmedia":[{"embeddable":true,"href":"https:\/\/antart.com.pl\/en\/wp-json\/wp\/v2\/media\/78950"}],"wp:attachment":[{"href":"https:\/\/antart.com.pl\/en\/wp-json\/wp\/v2\/media?parent=78947"}],"wp:term":[{"taxonomy":"product_brand","embeddable":true,"href":"https:\/\/antart.com.pl\/en\/wp-json\/wp\/v2\/product_brand?post=78947"},{"taxonomy":"product_cat","embeddable":true,"href":"https:\/\/antart.com.pl\/en\/wp-json\/wp\/v2\/product_cat?post=78947"},{"taxonomy":"product_tag","embeddable":true,"href":"https:\/\/antart.com.pl\/en\/wp-json\/wp\/v2\/product_tag?post=78947"}],"curies":[{"name":"wp","href":"https:\/\/api.w.org\/{rel}","templated":true}]}}