{"id":79496,"date":"2026-05-07T15:27:09","date_gmt":"2026-05-07T13:27:09","guid":{"rendered":"https:\/\/antart.com.pl\/?post_type=product&#038;p=79496"},"modified":"2026-05-07T15:27:10","modified_gmt":"2026-05-07T13:27:10","slug":"patera-dekoracyjna-owocarka-riihimaki-pertti-kallioinena","status":"publish","type":"product","link":"https:\/\/antart.com.pl\/en\/produkt\/patera-dekoracyjna-owocarka-riihimaki-pertti-kallioinena\/","title":{"rendered":"Patera dekoracyjna, owocarka Riihim\u00e4ki Pertti Kallioinena"},"content":{"rendered":"<h4 style=\"text-align: center;\"><strong><em>Patera dekoracyjna, owocarka Fi\u0144skiej huty Riihim\u00e4ki, zaprojektowana przez Pertti Kallioinena, z serii ice Bark Glass, wykonana z wysokiej jako\u015bci szk\u0142a prasowanego. Patera o fakturze, kt\u00f3ra przypomina l\u00f3d lub kor\u0119 drzewa, charakteryzuje si\u0119 nieregularnym i falistym brzegiem, co nadaje jej artystyczny wygl\u0105d.<\/em><\/strong><\/h4>\n<h4><\/h4>\n<h4><strong><em>Dimensions<\/em><\/strong><\/h4>\n<ul>\n<li>\n<h4><strong><em>Height: 10cm.<\/em><\/strong><\/h4>\n<\/li>\n<li>\n<h4><strong><em>\u015arednica: 35cm.<\/em><\/strong><\/h4>\n<\/li>\n<\/ul>\n<h4 style=\"text-align: center;\"><strong><em>The photos show the actual state of the object<\/em><\/strong><\/h4>\n<h4 style=\"text-align: center;\"><strong><em>Additional photos upon request<\/em><\/strong><\/h4>\n<h4 style=\"text-align: center;\"><strong><em>All our items on display are available in our warehouse.<\/em><\/strong><\/h4>\n<h4 style=\"text-align: center;\"><strong><em>Can be viewed by appointment.<\/em><\/strong><\/h4>\n<h4><\/h4>\n<h4><strong><em>Nr.7696<\/em><\/strong><\/h4>","protected":false},"excerpt":{"rendered":"<p>Patera dekoracyjna, owocarka Fi\u0144skiej huty Riihim\u00e4ki, zaprojektowana przez Pertti Kallioinena, z serii ice Bark Glass, wykonana z wysokiej jako\u015bci szk\u0142a prasowanego. Patera o fakturze, kt\u00f3ra przypomina l\u00f3d lub kor\u0119 drzewa, charakteryzuje si\u0119 nieregularnym i falistym brzegiem, co nadaje jej artystyczny wygl\u0105d. Wymiary Wysoko\u015b\u0107: 10cm. \u015arednica: 35cm. Zdj\u0119cia przedstawiaj\u0105 stan faktyczny przedmiotu Dodatkowe zdj\u0119cia na pro\u015bb\u0119 [&hellip;]<\/p>\n","protected":false},"featured_media":79499,"template":"","meta":{"_seopress_robots_primary_cat":"","_seopress_titles_title":"","_seopress_titles_desc":"","_seopress_robots_index":"","site-sidebar-layout":"default","site-content-layout":"","ast-site-content-layout":"default","site-content-style":"default","site-sidebar-style":"default","ast-global-header-display":"","ast-banner-title-visibility":"","ast-main-header-display":"","ast-hfb-above-header-display":"","ast-hfb-below-header-display":"","ast-hfb-mobile-header-display":"","site-post-title":"","ast-breadcrumbs-content":"","ast-featured-img":"","footer-sml-layout":"","ast-disable-related-posts":"","theme-transparent-header-meta":"default","adv-header-id-meta":"","stick-header-meta":"default","header-above-stick-meta":"","header-main-stick-meta":"","header-below-stick-meta":"","astra-migrate-meta-layouts":"set","ast-page-background-enabled":"default","ast-page-background-meta":{"desktop":{"background-color":"var(--ast-global-color-4)","background-image":"","background-repeat":"repeat","background-position":"center center","background-size":"auto","background-attachment":"scroll","background-type":"","background-media":"","overlay-type":"","overlay-color":"","overlay-opacity":"","overlay-gradient":""},"tablet":{"background-color":"","background-image":"","background-repeat":"repeat","background-position":"center center","background-size":"auto","background-attachment":"scroll","background-type":"","background-media":"","overlay-type":"","overlay-color":"","overlay-opacity":"","overlay-gradient":""},"mobile":{"background-color":"","background-image":"","background-repeat":"repeat","background-position":"center center","background-size":"auto","background-attachment":"scroll","background-type":"","background-media":"","overlay-type":"","overlay-color":"","overlay-opacity":"","overlay-gradient":""}},"ast-content-background-meta":{"desktop":{"background-color":"var(--ast-global-color-5)","background-image":"","background-repeat":"repeat","background-position":"center center","background-size":"auto","background-attachment":"scroll","background-type":"","background-media":"","overlay-type":"","overlay-color":"","overlay-opacity":"","overlay-gradient":""},"tablet":{"background-color":"var(--ast-global-color-5)","background-image":"","background-repeat":"repeat","background-position":"center center","background-size":"auto","background-attachment":"scroll","background-type":"","background-media":"","overlay-type":"","overlay-color":"","overlay-opacity":"","overlay-gradient":""},"mobile":{"background-color":"var(--ast-global-color-5)","background-image":"","background-repeat":"repeat","background-position":"center center","background-size":"auto","background-attachment":"scroll","background-type":"","background-media":"","overlay-type":"","overlay-color":"","overlay-opacity":"","overlay-gradient":""}}},"product_brand":[],"product_cat":[24,62],"product_tag":[],"class_list":{"0":"post-79496","1":"product","2":"type-product","3":"status-publish","4":"has-post-thumbnail","6":"product_cat-kuchnia","7":"product_cat-misy-miseczki","8":"product_shipping_class-wysylka-19zl","9":"desktop-align-left","10":"tablet-align-left","11":"mobile-align-left","12":"ast-product-gallery-layout-vertical-slider","13":"ast-product-tabs-layout-horizontal","14":"ast-qv-on-image","16":"first","17":"instock","18":"sold-individually","19":"shipping-taxable","20":"purchasable","21":"product-type-simple"},"_links":{"self":[{"href":"https:\/\/antart.com.pl\/en\/wp-json\/wp\/v2\/product\/79496","targetHints":{"allow":["GET"]}}],"collection":[{"href":"https:\/\/antart.com.pl\/en\/wp-json\/wp\/v2\/product"}],"about":[{"href":"https:\/\/antart.com.pl\/en\/wp-json\/wp\/v2\/types\/product"}],"wp:featuredmedia":[{"embeddable":true,"href":"https:\/\/antart.com.pl\/en\/wp-json\/wp\/v2\/media\/79499"}],"wp:attachment":[{"href":"https:\/\/antart.com.pl\/en\/wp-json\/wp\/v2\/media?parent=79496"}],"wp:term":[{"taxonomy":"product_brand","embeddable":true,"href":"https:\/\/antart.com.pl\/en\/wp-json\/wp\/v2\/product_brand?post=79496"},{"taxonomy":"product_cat","embeddable":true,"href":"https:\/\/antart.com.pl\/en\/wp-json\/wp\/v2\/product_cat?post=79496"},{"taxonomy":"product_tag","embeddable":true,"href":"https:\/\/antart.com.pl\/en\/wp-json\/wp\/v2\/product_tag?post=79496"}],"curies":[{"name":"wp","href":"https:\/\/api.w.org\/{rel}","templated":true}]}}