{"id":79586,"date":"2026-05-08T10:51:51","date_gmt":"2026-05-08T08:51:51","guid":{"rendered":"https:\/\/antart.com.pl\/?post_type=product&#038;p=79586"},"modified":"2026-05-08T10:51:52","modified_gmt":"2026-05-08T08:51:52","slug":"lampa-biurkowa-niemcy-richard-essig-besigneim-typ-3240-z-lat-60-70-tych","status":"publish","type":"product","link":"https:\/\/antart.com.pl\/en\/produkt\/lampa-biurkowa-niemcy-richard-essig-besigneim-typ-3240-z-lat-60-70-tych\/","title":{"rendered":"Lampa biurkowa Niemcy Richard Essig Besigneim typ 3240 z lat 60\/70-tych"},"content":{"rendered":"<h4 style=\"text-align: center;\"><em>Lampa biurkowa Niemcy Richard Essig Besigneim typ 3240 z lat 60\/70-tych<\/em><\/h4>\n<h4 style=\"text-align: center;\"><em>Designerska, czerwona lampka biurkowa z Niemiec, model Richard Essig Besigneim typu 3240 z lat 60.\/70. Zachowana w dobrym stanie, z charakterystycznym kszta\u0142tem i kolorystyk\u0105 tamtych czas\u00f3w. Idealna do uzupe\u0142nienia wystroju wn\u0119trza w stylu retro.<\/em><\/h4>\n<h4><em><b>Dimensions<\/b><\/em><\/h4>\n<ul>\n<li>\n<h4><em>wysoko\u015b\u0107 ca\u0142kowita: 32 cm<\/em><\/h4>\n<\/li>\n<li>\n<h4><em>\u015brednica klosza: 11,5 cm<\/em><\/h4>\n<\/li>\n<li>\n<h4><em>\u015brednica podstawy: 15,5 cm<\/em><\/h4>\n<\/li>\n<\/ul>\n<h4 style=\"text-align: center;\"><em><b>The photos show the actual condition of the item.<\/b><\/em><\/h4>\n<h4><em>art. nr. 10633<\/em><\/h4>","protected":false},"excerpt":{"rendered":"<p>Lampa biurkowa Niemcy Richard Essig Besigneim typ 3240 z lat 60\/70-tych Designerska, czerwona lampka biurkowa z Niemiec, model Richard Essig Besigneim typu 3240 z lat 60.\/70. Zachowana w dobrym stanie, z charakterystycznym kszta\u0142tem i kolorystyk\u0105 tamtych czas\u00f3w. Idealna do uzupe\u0142nienia wystroju wn\u0119trza w stylu retro. Wymiary wysoko\u015b\u0107 ca\u0142kowita: 32 cm \u015brednica klosza: 11,5 cm \u015brednica [&hellip;]<\/p>\n","protected":false},"featured_media":79570,"template":"","meta":{"_seopress_robots_primary_cat":"","_seopress_titles_title":"","_seopress_titles_desc":"","_seopress_robots_index":"","site-sidebar-layout":"default","site-content-layout":"","ast-site-content-layout":"default","site-content-style":"default","site-sidebar-style":"default","ast-global-header-display":"","ast-banner-title-visibility":"","ast-main-header-display":"","ast-hfb-above-header-display":"","ast-hfb-below-header-display":"","ast-hfb-mobile-header-display":"","site-post-title":"","ast-breadcrumbs-content":"","ast-featured-img":"","footer-sml-layout":"","ast-disable-related-posts":"","theme-transparent-header-meta":"default","adv-header-id-meta":"","stick-header-meta":"default","header-above-stick-meta":"","header-main-stick-meta":"","header-below-stick-meta":"","astra-migrate-meta-layouts":"set","ast-page-background-enabled":"default","ast-page-background-meta":{"desktop":{"background-color":"var(--ast-global-color-4)","background-image":"","background-repeat":"repeat","background-position":"center center","background-size":"auto","background-attachment":"scroll","background-type":"","background-media":"","overlay-type":"","overlay-color":"","overlay-opacity":"","overlay-gradient":""},"tablet":{"background-color":"","background-image":"","background-repeat":"repeat","background-position":"center center","background-size":"auto","background-attachment":"scroll","background-type":"","background-media":"","overlay-type":"","overlay-color":"","overlay-opacity":"","overlay-gradient":""},"mobile":{"background-color":"","background-image":"","background-repeat":"repeat","background-position":"center center","background-size":"auto","background-attachment":"scroll","background-type":"","background-media":"","overlay-type":"","overlay-color":"","overlay-opacity":"","overlay-gradient":""}},"ast-content-background-meta":{"desktop":{"background-color":"var(--ast-global-color-5)","background-image":"","background-repeat":"repeat","background-position":"center center","background-size":"auto","background-attachment":"scroll","background-type":"","background-media":"","overlay-type":"","overlay-color":"","overlay-opacity":"","overlay-gradient":""},"tablet":{"background-color":"var(--ast-global-color-5)","background-image":"","background-repeat":"repeat","background-position":"center center","background-size":"auto","background-attachment":"scroll","background-type":"","background-media":"","overlay-type":"","overlay-color":"","overlay-opacity":"","overlay-gradient":""},"mobile":{"background-color":"var(--ast-global-color-5)","background-image":"","background-repeat":"repeat","background-position":"center center","background-size":"auto","background-attachment":"scroll","background-type":"","background-media":"","overlay-type":"","overlay-color":"","overlay-opacity":"","overlay-gradient":""}}},"product_brand":[],"product_cat":[40,30],"product_tag":[],"class_list":{"0":"post-79586","1":"product","2":"type-product","3":"status-publish","4":"has-post-thumbnail","6":"product_cat-lampy-stolowe","7":"product_cat-oswietlenie","8":"product_shipping_class-wysylka-19zl","9":"desktop-align-left","10":"tablet-align-left","11":"mobile-align-left","12":"ast-product-gallery-layout-vertical-slider","13":"ast-product-tabs-layout-horizontal","14":"ast-qv-on-image","16":"first","17":"instock","18":"sold-individually","19":"shipping-taxable","20":"purchasable","21":"product-type-simple"},"_links":{"self":[{"href":"https:\/\/antart.com.pl\/en\/wp-json\/wp\/v2\/product\/79586","targetHints":{"allow":["GET"]}}],"collection":[{"href":"https:\/\/antart.com.pl\/en\/wp-json\/wp\/v2\/product"}],"about":[{"href":"https:\/\/antart.com.pl\/en\/wp-json\/wp\/v2\/types\/product"}],"wp:featuredmedia":[{"embeddable":true,"href":"https:\/\/antart.com.pl\/en\/wp-json\/wp\/v2\/media\/79570"}],"wp:attachment":[{"href":"https:\/\/antart.com.pl\/en\/wp-json\/wp\/v2\/media?parent=79586"}],"wp:term":[{"taxonomy":"product_brand","embeddable":true,"href":"https:\/\/antart.com.pl\/en\/wp-json\/wp\/v2\/product_brand?post=79586"},{"taxonomy":"product_cat","embeddable":true,"href":"https:\/\/antart.com.pl\/en\/wp-json\/wp\/v2\/product_cat?post=79586"},{"taxonomy":"product_tag","embeddable":true,"href":"https:\/\/antart.com.pl\/en\/wp-json\/wp\/v2\/product_tag?post=79586"}],"curies":[{"name":"wp","href":"https:\/\/api.w.org\/{rel}","templated":true}]}}