{"id":79629,"date":"2026-05-09T11:15:13","date_gmt":"2026-05-09T09:15:13","guid":{"rendered":"https:\/\/antart.com.pl\/?post_type=product&#038;p=79629"},"modified":"2026-05-08T11:31:01","modified_gmt":"2026-05-08T09:31:01","slug":"para-lampek-nocnych-w-stylu-art-deco-z-lat-60-tych-hugo-mosiles-leuchten","status":"publish","type":"product","link":"https:\/\/antart.com.pl\/en\/produkt\/para-lampek-nocnych-w-stylu-art-deco-z-lat-60-tych-hugo-mosiles-leuchten\/","title":{"rendered":"Para lampek nocnych w stylu art deco z lat 60-tych Hugo Mosiles Leuchten"},"content":{"rendered":"<h4 style=\"text-align: center;\"><em><strong>Para lampek nocnych w stylu art deco z lat 60-tych Hugo Mosiles Leuchten<\/strong><\/em><\/h4>\n<h4 style=\"text-align: center;\"><em><strong>Par\u0119 retro lampek nocnych z lat 60. w stylu art deco marki Hugo Mosiles. Lampy maj\u0105 charakterystyczny okr\u0105g\u0142y kszta\u0142t i metalow\u0105, mosi\u0119\u017cn\u0105 obudow\u0119. Pomimo \u015blad\u00f3w u\u017cytkowania i minionego czasu, nadal stanowi\u0105 ciekawy element dekoracyjny.<\/strong><\/em><\/h4>\n<h4><em><strong>Dimensions<\/strong><\/em><\/h4>\n<ul>\n<li>\n<h4><em><strong>total height: 33cm<\/strong><\/em><\/h4>\n<\/li>\n<li>\n<h4><em><strong>\u015brednica podstawy: 6 cm<\/strong><\/em><\/h4>\n<\/li>\n<li>\n<h4><em><strong>wysoko\u015b\u0107 klosza: 11cm<\/strong><\/em><\/h4>\n<\/li>\n<\/ul>\n<h4 style=\"text-align: center;\"><em><strong>******************************************<\/strong><\/em><\/h4>\n<h4 style=\"text-align: center;\"><em><strong>The photos show the actual condition of the item.<\/strong><\/em><\/h4>\n<h4><em><strong>art. nr. 10635<\/strong><\/em><\/h4>","protected":false},"excerpt":{"rendered":"<p>Para lampek nocnych w stylu art deco z lat 60-tych Hugo Mosiles Leuchten Par\u0119 retro lampek nocnych z lat 60. w stylu art deco marki Hugo Mosiles. Lampy maj\u0105 charakterystyczny okr\u0105g\u0142y kszta\u0142t i metalow\u0105, mosi\u0119\u017cn\u0105 obudow\u0119. Pomimo \u015blad\u00f3w u\u017cytkowania i minionego czasu, nadal stanowi\u0105 ciekawy element dekoracyjny. Wymiary wysoko\u015b\u0107 ca\u0142kowita: 33cm \u015brednica podstawy: 6 cm [&hellip;]<\/p>\n","protected":false},"featured_media":79609,"template":"","meta":{"_seopress_robots_primary_cat":"","_seopress_titles_title":"","_seopress_titles_desc":"","_seopress_robots_index":"","site-sidebar-layout":"default","site-content-layout":"","ast-site-content-layout":"default","site-content-style":"default","site-sidebar-style":"default","ast-global-header-display":"","ast-banner-title-visibility":"","ast-main-header-display":"","ast-hfb-above-header-display":"","ast-hfb-below-header-display":"","ast-hfb-mobile-header-display":"","site-post-title":"","ast-breadcrumbs-content":"","ast-featured-img":"","footer-sml-layout":"","ast-disable-related-posts":"","theme-transparent-header-meta":"default","adv-header-id-meta":"","stick-header-meta":"default","header-above-stick-meta":"","header-main-stick-meta":"","header-below-stick-meta":"","astra-migrate-meta-layouts":"set","ast-page-background-enabled":"default","ast-page-background-meta":{"desktop":{"background-color":"var(--ast-global-color-4)","background-image":"","background-repeat":"repeat","background-position":"center center","background-size":"auto","background-attachment":"scroll","background-type":"","background-media":"","overlay-type":"","overlay-color":"","overlay-opacity":"","overlay-gradient":""},"tablet":{"background-color":"","background-image":"","background-repeat":"repeat","background-position":"center center","background-size":"auto","background-attachment":"scroll","background-type":"","background-media":"","overlay-type":"","overlay-color":"","overlay-opacity":"","overlay-gradient":""},"mobile":{"background-color":"","background-image":"","background-repeat":"repeat","background-position":"center center","background-size":"auto","background-attachment":"scroll","background-type":"","background-media":"","overlay-type":"","overlay-color":"","overlay-opacity":"","overlay-gradient":""}},"ast-content-background-meta":{"desktop":{"background-color":"var(--ast-global-color-5)","background-image":"","background-repeat":"repeat","background-position":"center center","background-size":"auto","background-attachment":"scroll","background-type":"","background-media":"","overlay-type":"","overlay-color":"","overlay-opacity":"","overlay-gradient":""},"tablet":{"background-color":"var(--ast-global-color-5)","background-image":"","background-repeat":"repeat","background-position":"center center","background-size":"auto","background-attachment":"scroll","background-type":"","background-media":"","overlay-type":"","overlay-color":"","overlay-opacity":"","overlay-gradient":""},"mobile":{"background-color":"var(--ast-global-color-5)","background-image":"","background-repeat":"repeat","background-position":"center center","background-size":"auto","background-attachment":"scroll","background-type":"","background-media":"","overlay-type":"","overlay-color":"","overlay-opacity":"","overlay-gradient":""}}},"product_brand":[],"product_cat":[40,30],"product_tag":[],"class_list":{"0":"post-79629","1":"product","2":"type-product","3":"status-publish","4":"has-post-thumbnail","6":"product_cat-lampy-stolowe","7":"product_cat-oswietlenie","8":"product_shipping_class-wysylka-40zl","9":"desktop-align-left","10":"tablet-align-left","11":"mobile-align-left","12":"ast-product-gallery-layout-vertical-slider","13":"ast-product-tabs-layout-horizontal","14":"ast-qv-on-image","16":"first","17":"instock","18":"sold-individually","19":"shipping-taxable","20":"purchasable","21":"product-type-simple"},"_links":{"self":[{"href":"https:\/\/antart.com.pl\/en\/wp-json\/wp\/v2\/product\/79629","targetHints":{"allow":["GET"]}}],"collection":[{"href":"https:\/\/antart.com.pl\/en\/wp-json\/wp\/v2\/product"}],"about":[{"href":"https:\/\/antart.com.pl\/en\/wp-json\/wp\/v2\/types\/product"}],"wp:featuredmedia":[{"embeddable":true,"href":"https:\/\/antart.com.pl\/en\/wp-json\/wp\/v2\/media\/79609"}],"wp:attachment":[{"href":"https:\/\/antart.com.pl\/en\/wp-json\/wp\/v2\/media?parent=79629"}],"wp:term":[{"taxonomy":"product_brand","embeddable":true,"href":"https:\/\/antart.com.pl\/en\/wp-json\/wp\/v2\/product_brand?post=79629"},{"taxonomy":"product_cat","embeddable":true,"href":"https:\/\/antart.com.pl\/en\/wp-json\/wp\/v2\/product_cat?post=79629"},{"taxonomy":"product_tag","embeddable":true,"href":"https:\/\/antart.com.pl\/en\/wp-json\/wp\/v2\/product_tag?post=79629"}],"curies":[{"name":"wp","href":"https:\/\/api.w.org\/{rel}","templated":true}]}}